{"id":970,"date":"2015-06-09T09:10:32","date_gmt":"2015-06-09T08:10:32","guid":{"rendered":"http:\/\/www.lamico.nl\/?page_id=970"},"modified":"2016-05-11T09:09:14","modified_gmt":"2016-05-11T07:09:14","slug":"raboter","status":"publish","type":"page","link":"https:\/\/www.lamico.nl\/fr\/production\/raboter\/","title":{"rendered":"Raboter"},"content":{"rendered":"<p>[vc_row][vc_column width=&#8221;1\/1&#8243;][vc_column_text]<\/p>\n<h2>Raboter<\/h2>\n<p>Pour pouvoir garantir des d\u00e9lais de livraison rapides, nous produisons des produits semi-finis de stock. Il s\u2019agit de panneaux porteurs, qui sont produits tout au long de l\u2019ann\u00e9e en quantit\u00e9s constantes de diff\u00e9rentes longueurs. Nous produisons ces panneaux porteurs en lots de 18 et 28 millim\u00e8tres d\u2019\u00e9paisseur.[\/vc_column_text][\/vc_column][\/vc_row][vc_row][vc_column width=&#8221;1\/4&#8243;][vc_column_text]<\/p>\n<p><img decoding=\"async\" class=\"alignnone size-full wp-image-877\" src=\"http:\/\/www.lamico.nl\/wp-content\/uploads\/2015\/06\/productie-schaven1.jpg\" alt=\"Schaven\" width=\"100%\" height=\"100%\" \/><\/p>\n<p>[\/vc_column_text][vc_column_text]<\/p>\n<p><img decoding=\"async\" class=\"alignnone size-large wp-image-1499\" src=\"\/wp-content\/uploads\/2015\/06\/powermat2500-1024x594.jpg\" alt=\"Powermat 2500\" width=\"100%\" height=\"100%\" \/><\/p>\n<p>[\/vc_column_text][\/vc_column][vc_column width=&#8221;3\/4&#8243;][vc_column_text]<\/p>\n<h3>Production<\/h3>\n<p>Sur des lignes de production con\u00e7ues par nos soins, nous produisons, sur la base du stock, nos panneaux porteurs standard. Des lots de bois brut sont plac\u00e9s \u00e0 l\u2019entr\u00e9e du rabot. Apr\u00e8s que les poutres aient \u00e9t\u00e9 d\u00e9bit\u00e9es en lattes, les lattes de choix B sont tri\u00e9es par le trieur et le mouleur de part et d\u2019autre de la bande d\u2019entra\u00eenement \u00e0 l\u2019aide de crit\u00e8res de tri en mati\u00e8re de lattes.<\/p>\n<h3>Mesure de la teneur en humidit\u00e9<\/h3>\n<p>La personne responsable du rabotage effectue, pour chaque lot complet de bois brut, une mesure de la teneur en humidit\u00e9 \u00e0 trois endroits diff\u00e9rents. Cette proc\u00e9dure permet de d\u00e9terminer si le bois brut est apte \u00e0 \u00eatre transform\u00e9. [\/vc_column_text][\/vc_column][\/vc_row]<\/p>\n","protected":false},"excerpt":{"rendered":"<p>[vc_row][vc_column width=&#8221;1\/1&#8243;][vc_column_text] Raboter Pour pouvoir garantir des d\u00e9lais de livraison rapides, nous produisons des produits semi-finis de stock. Il s\u2019agit de &#8230;<\/p>\n","protected":false},"author":5,"featured_media":0,"parent":966,"menu_order":0,"comment_status":"open","ping_status":"open","template":"","meta":{"footnotes":""},"class_list":["post-970","page","type-page","status-publish","hentry"],"yoast_head":"<!-- This site is optimized with the Yoast SEO plugin v22.3 - https:\/\/yoast.com\/wordpress\/plugins\/seo\/ -->\n<title>Raboter - Lamico<\/title>\n<meta name=\"description\" content=\"Onze panelen schaven we uiterst precies tot diktes van 18 en 28 mm. Ge\u00efnteresseerd in onze houtproducten? Bekijk onze producten en productieproces online.\" \/>\n<meta name=\"robots\" content=\"index, follow, max-snippet:-1, max-image-preview:large, max-video-preview:-1\" \/>\n<link rel=\"canonical\" href=\"https:\/\/www.lamico.nl\/fr\/production\/raboter\/\" \/>\n<meta property=\"og:locale\" content=\"fr_FR\" \/>\n<meta property=\"og:type\" content=\"article\" \/>\n<meta property=\"og:title\" content=\"Raboter - Lamico\" \/>\n<meta property=\"og:description\" content=\"Onze panelen schaven we uiterst precies tot diktes van 18 en 28 mm. Ge\u00efnteresseerd in onze houtproducten? Bekijk onze producten en productieproces online.\" \/>\n<meta property=\"og:url\" content=\"https:\/\/www.lamico.nl\/fr\/production\/raboter\/\" \/>\n<meta property=\"og:site_name\" content=\"Lamico\" \/>\n<meta property=\"article:modified_time\" content=\"2016-05-11T07:09:14+00:00\" \/>\n<meta property=\"og:image\" content=\"http:\/\/www.lamico.nl\/wp-content\/uploads\/2015\/06\/productie-schaven1.jpg\" \/>\n<meta name=\"twitter:card\" content=\"summary_large_image\" \/>\n<meta name=\"twitter:label1\" content=\"Dur\u00e9e de lecture estim\u00e9e\" \/>\n\t<meta name=\"twitter:data1\" content=\"1 minute\" \/>\n<script type=\"application\/ld+json\" class=\"yoast-schema-graph\">{\"@context\":\"https:\/\/schema.org\",\"@graph\":[{\"@type\":\"WebPage\",\"@id\":\"https:\/\/www.lamico.nl\/fr\/production\/raboter\/\",\"url\":\"https:\/\/www.lamico.nl\/fr\/production\/raboter\/\",\"name\":\"Raboter - Lamico\",\"isPartOf\":{\"@id\":\"https:\/\/www.lamico.nl\/fr\/#website\"},\"primaryImageOfPage\":{\"@id\":\"https:\/\/www.lamico.nl\/fr\/production\/raboter\/#primaryimage\"},\"image\":{\"@id\":\"https:\/\/www.lamico.nl\/fr\/production\/raboter\/#primaryimage\"},\"thumbnailUrl\":\"http:\/\/www.lamico.nl\/wp-content\/uploads\/2015\/06\/productie-schaven1.jpg\",\"datePublished\":\"2015-06-09T08:10:32+00:00\",\"dateModified\":\"2016-05-11T07:09:14+00:00\",\"description\":\"Onze panelen schaven we uiterst precies tot diktes van 18 en 28 mm. Ge\u00efnteresseerd in onze houtproducten? Bekijk onze producten en productieproces online.\",\"breadcrumb\":{\"@id\":\"https:\/\/www.lamico.nl\/fr\/production\/raboter\/#breadcrumb\"},\"inLanguage\":\"fr-FR\",\"potentialAction\":[{\"@type\":\"ReadAction\",\"target\":[\"https:\/\/www.lamico.nl\/fr\/production\/raboter\/\"]}]},{\"@type\":\"ImageObject\",\"inLanguage\":\"fr-FR\",\"@id\":\"https:\/\/www.lamico.nl\/fr\/production\/raboter\/#primaryimage\",\"url\":\"http:\/\/www.lamico.nl\/wp-content\/uploads\/2015\/06\/productie-schaven1.jpg\",\"contentUrl\":\"http:\/\/www.lamico.nl\/wp-content\/uploads\/2015\/06\/productie-schaven1.jpg\"},{\"@type\":\"BreadcrumbList\",\"@id\":\"https:\/\/www.lamico.nl\/fr\/production\/raboter\/#breadcrumb\",\"itemListElement\":[{\"@type\":\"ListItem\",\"position\":1,\"name\":\"Home\",\"item\":\"https:\/\/www.lamico.nl\/fr\/\"},{\"@type\":\"ListItem\",\"position\":2,\"name\":\"Production\",\"item\":\"https:\/\/www.lamico.nl\/fr\/production\/\"},{\"@type\":\"ListItem\",\"position\":3,\"name\":\"Raboter\"}]},{\"@type\":\"WebSite\",\"@id\":\"https:\/\/www.lamico.nl\/fr\/#website\",\"url\":\"https:\/\/www.lamico.nl\/fr\/\",\"name\":\"Lamico\",\"description\":\"\",\"potentialAction\":[{\"@type\":\"SearchAction\",\"target\":{\"@type\":\"EntryPoint\",\"urlTemplate\":\"https:\/\/www.lamico.nl\/fr\/?s={search_term_string}\"},\"query-input\":\"required name=search_term_string\"}],\"inLanguage\":\"fr-FR\"}]}<\/script>\n<!-- \/ Yoast SEO plugin. -->","yoast_head_json":{"title":"Raboter - Lamico","description":"Onze panelen schaven we uiterst precies tot diktes van 18 en 28 mm. Ge\u00efnteresseerd in onze houtproducten? Bekijk onze producten en productieproces online.","robots":{"index":"index","follow":"follow","max-snippet":"max-snippet:-1","max-image-preview":"max-image-preview:large","max-video-preview":"max-video-preview:-1"},"canonical":"https:\/\/www.lamico.nl\/fr\/production\/raboter\/","og_locale":"fr_FR","og_type":"article","og_title":"Raboter - Lamico","og_description":"Onze panelen schaven we uiterst precies tot diktes van 18 en 28 mm. Ge\u00efnteresseerd in onze houtproducten? Bekijk onze producten en productieproces online.","og_url":"https:\/\/www.lamico.nl\/fr\/production\/raboter\/","og_site_name":"Lamico","article_modified_time":"2016-05-11T07:09:14+00:00","og_image":[{"url":"http:\/\/www.lamico.nl\/wp-content\/uploads\/2015\/06\/productie-schaven1.jpg"}],"twitter_card":"summary_large_image","twitter_misc":{"Dur\u00e9e de lecture estim\u00e9e":"1 minute"},"schema":{"@context":"https:\/\/schema.org","@graph":[{"@type":"WebPage","@id":"https:\/\/www.lamico.nl\/fr\/production\/raboter\/","url":"https:\/\/www.lamico.nl\/fr\/production\/raboter\/","name":"Raboter - Lamico","isPartOf":{"@id":"https:\/\/www.lamico.nl\/fr\/#website"},"primaryImageOfPage":{"@id":"https:\/\/www.lamico.nl\/fr\/production\/raboter\/#primaryimage"},"image":{"@id":"https:\/\/www.lamico.nl\/fr\/production\/raboter\/#primaryimage"},"thumbnailUrl":"http:\/\/www.lamico.nl\/wp-content\/uploads\/2015\/06\/productie-schaven1.jpg","datePublished":"2015-06-09T08:10:32+00:00","dateModified":"2016-05-11T07:09:14+00:00","description":"Onze panelen schaven we uiterst precies tot diktes van 18 en 28 mm. Ge\u00efnteresseerd in onze houtproducten? Bekijk onze producten en productieproces online.","breadcrumb":{"@id":"https:\/\/www.lamico.nl\/fr\/production\/raboter\/#breadcrumb"},"inLanguage":"fr-FR","potentialAction":[{"@type":"ReadAction","target":["https:\/\/www.lamico.nl\/fr\/production\/raboter\/"]}]},{"@type":"ImageObject","inLanguage":"fr-FR","@id":"https:\/\/www.lamico.nl\/fr\/production\/raboter\/#primaryimage","url":"http:\/\/www.lamico.nl\/wp-content\/uploads\/2015\/06\/productie-schaven1.jpg","contentUrl":"http:\/\/www.lamico.nl\/wp-content\/uploads\/2015\/06\/productie-schaven1.jpg"},{"@type":"BreadcrumbList","@id":"https:\/\/www.lamico.nl\/fr\/production\/raboter\/#breadcrumb","itemListElement":[{"@type":"ListItem","position":1,"name":"Home","item":"https:\/\/www.lamico.nl\/fr\/"},{"@type":"ListItem","position":2,"name":"Production","item":"https:\/\/www.lamico.nl\/fr\/production\/"},{"@type":"ListItem","position":3,"name":"Raboter"}]},{"@type":"WebSite","@id":"https:\/\/www.lamico.nl\/fr\/#website","url":"https:\/\/www.lamico.nl\/fr\/","name":"Lamico","description":"","potentialAction":[{"@type":"SearchAction","target":{"@type":"EntryPoint","urlTemplate":"https:\/\/www.lamico.nl\/fr\/?s={search_term_string}"},"query-input":"required name=search_term_string"}],"inLanguage":"fr-FR"}]}},"_links":{"self":[{"href":"https:\/\/www.lamico.nl\/fr\/wp-json\/wp\/v2\/pages\/970","targetHints":{"allow":["GET"]}}],"collection":[{"href":"https:\/\/www.lamico.nl\/fr\/wp-json\/wp\/v2\/pages"}],"about":[{"href":"https:\/\/www.lamico.nl\/fr\/wp-json\/wp\/v2\/types\/page"}],"author":[{"embeddable":true,"href":"https:\/\/www.lamico.nl\/fr\/wp-json\/wp\/v2\/users\/5"}],"replies":[{"embeddable":true,"href":"https:\/\/www.lamico.nl\/fr\/wp-json\/wp\/v2\/comments?post=970"}],"version-history":[{"count":2,"href":"https:\/\/www.lamico.nl\/fr\/wp-json\/wp\/v2\/pages\/970\/revisions"}],"predecessor-version":[{"id":1667,"href":"https:\/\/www.lamico.nl\/fr\/wp-json\/wp\/v2\/pages\/970\/revisions\/1667"}],"up":[{"embeddable":true,"href":"https:\/\/www.lamico.nl\/fr\/wp-json\/wp\/v2\/pages\/966"}],"wp:attachment":[{"href":"https:\/\/www.lamico.nl\/fr\/wp-json\/wp\/v2\/media?parent=970"}],"curies":[{"name":"wp","href":"https:\/\/api.w.org\/{rel}","templated":true}]}}