{"id":918,"date":"2015-06-08T11:16:51","date_gmt":"2015-06-08T10:16:51","guid":{"rendered":"http:\/\/www.lamico.nl\/?page_id=918"},"modified":"2025-02-19T15:24:46","modified_gmt":"2025-02-19T14:24:46","slug":"lindustrie-fromagere","status":"publish","type":"page","link":"https:\/\/www.lamico.nl\/fr\/marche\/lindustrie-fromagere\/","title":{"rendered":"L\u2019industrie fromag\u00e8re"},"content":{"rendered":"<p>[vc_row][vc_column][vc_column_text]<\/p>\n<h2>L\u2019industrie fromag\u00e8re<\/h2>\n<p>Apr\u00e8s la production, les fromages doivent \u00eatre affin\u00e9s dans des entrep\u00f4ts de fromage ou des fermes fromag\u00e8res. Les fromages y sont d\u00e9pos\u00e9s sur des claies \u00e0 fromages sp\u00e9ciales. Nous sommes riches de plusieurs dizaines d\u2019ann\u00e9es d\u2019exp\u00e9rience dans la production de ces claies \u00e0 fromages, aussi bien pour les fromageries que pour le stockage commercial.[\/vc_column_text][vc_column_text]<\/p>\n<p><img decoding=\"async\" class=\"alignnone size-full wp-image-1187\" src=\"http:\/\/www.lamico.nl\/wp-content\/uploads\/2015\/06\/kaas01.jpg\" alt=\"Kaasindustrie\" width=\"100%\" height=\"100%\" \/><\/p>\n<p>[\/vc_column_text][\/vc_column][\/vc_row][vc_row][vc_column width=&#8221;1\/6&#8243;][vc_column_text]<\/p>\n<p><img decoding=\"async\" class=\"alignnone size-full wp-image-871\" src=\"http:\/\/www.lamico.nl\/wp-content\/uploads\/2015\/06\/producten-kaasplanken2.jpg\" alt=\"Kaasindustrie\" width=\"100%\" height=\"100%\" \/><\/p>\n<p>[\/vc_column_text][vc_column_text]<\/p>\n<p><img decoding=\"async\" class=\"alignnone size-full wp-image-1311\" src=\"http:\/\/www.lamico.nl\/wp-content\/uploads\/2015\/06\/Keijzer-beheer-kaasplanken-2.jpg\" alt=\"Kaasindustrie\" width=\"100%\" height=\"100%\" \/><\/p>\n<p>[\/vc_column_text][vc_column_text]<\/p>\n<p><img decoding=\"async\" class=\"alignnone size-full wp-image-1509\" src=\"\/wp-content\/uploads\/2015\/06\/kaas-heftruck.jpg\" alt=\"Kaas heftruck\" width=\"100%\" height=\"133\" \/><\/p>\n<p>[\/vc_column_text][\/vc_column][vc_column width=&#8221;5\/6&#8243;][vc_column_text]<\/p>\n<h3>Ex\u00e9cutions<\/h3>\n<p>Les claies \u00e0 fromages sont fabriqu\u00e9es en \u00e9pic\u00e9a nord europ\u00e9en, sp\u00e9cialement s\u00e9lectionn\u00e9 \u00e0 cet effet. Pour diverses ex\u00e9cutions de claies \u00e0 fromages, nous pouvons traiter le bois de toutes les mani\u00e8res souhait\u00e9es. Nous pouvons ainsi appliquer des angles en biais et fraiser un chanfrein sur les bords transversaux et du c\u00f4t\u00e9 longitudinal. Nous r\u00e9alisons, de cette mani\u00e8re, diverses ex\u00e9cutions de claies \u00e0 fromages.<\/p>\n<h3>Aspects techniques<\/h3>\n<ul>\n<li>sur demande, les canaux r\u00e9sinif\u00e8res peuvent \u00eatre \u00f4t\u00e9s et pourvus d\u2019un coin en \u00e9pic\u00e9a, puis colmat\u00e9s avec du mastic qui ne contient pas de p\u00e9trole ou des substances toxiques<\/li>\n<li>le collage se d\u00e9roule conform\u00e9ment \u00e0 la norme DIN EN 204-D4<\/li>\n<\/ul>\n<p><a href=\"https:\/\/www.lamico.nl\/wp-content\/uploads\/2025\/02\/Lebensmittelzertifikat.pdf\" target=\"_blank\" rel=\"noopener\"><img loading=\"lazy\" decoding=\"async\" class=\"alignnone size-full wp-image-1426\" src=\"\/wp-content\/uploads\/2015\/06\/pdf_icon_image_transparent.png\" alt=\"PDF voedselveiligheidscertificaat\" width=\"50\" height=\"45\" \/>Lebensmittelzertifikat<\/a><br \/>\n<a href=\"https:\/\/www.lamico.nl\/wp-content\/uploads\/2025\/02\/Food-Safety-Certificate.pdf\" target=\"_blank\" rel=\"noopener\"><img loading=\"lazy\" decoding=\"async\" class=\"alignnone size-full wp-image-1426\" src=\"\/wp-content\/uploads\/2015\/06\/pdf_icon_image_transparent.png\" alt=\"PDF voedselveiligheidscertificaat\" width=\"50\" height=\"45\" \/>Food Safety Certificate<\/a>[\/vc_column_text][\/vc_column][\/vc_row]<\/p>\n","protected":false},"excerpt":{"rendered":"<p>[vc_row][vc_column][vc_column_text] L\u2019industrie fromag\u00e8re Apr\u00e8s la production, les fromages doivent \u00eatre affin\u00e9s dans des entrep\u00f4ts de fromage ou des fermes fromag\u00e8res. Les &#8230;<\/p>\n","protected":false},"author":5,"featured_media":0,"parent":912,"menu_order":0,"comment_status":"open","ping_status":"open","template":"","meta":{"footnotes":""},"class_list":["post-918","page","type-page","status-publish","hentry"],"yoast_head":"<!-- This site is optimized with the Yoast SEO plugin v22.3 - https:\/\/yoast.com\/wordpress\/plugins\/seo\/ -->\n<title>L\u2019industrie fromag\u00e8re - Lamico<\/title>\n<meta name=\"description\" content=\"Apr\u00e8s la production, les fromages doivent \u00eatre affin\u00e9s dans des entrep\u00f4ts de fromage ou des fermes fromag\u00e8res. Les fromages y sont d\u00e9pos\u00e9s sur des claies \u00e0 fromages sp\u00e9ciales. Nous sommes riches de plusieurs dizaines d\u2019ann\u00e9es d\u2019exp\u00e9rience dans la production de ces claies \u00e0 fromages, aussi bien pour les fromageries que pour le stockage commercial.\" \/>\n<meta name=\"robots\" content=\"index, follow, max-snippet:-1, max-image-preview:large, max-video-preview:-1\" \/>\n<link rel=\"canonical\" href=\"https:\/\/www.lamico.nl\/fr\/marche\/lindustrie-fromagere\/\" \/>\n<meta property=\"og:locale\" content=\"fr_FR\" \/>\n<meta property=\"og:type\" content=\"article\" \/>\n<meta property=\"og:title\" content=\"L\u2019industrie fromag\u00e8re - Lamico\" \/>\n<meta property=\"og:description\" content=\"Apr\u00e8s la production, les fromages doivent \u00eatre affin\u00e9s dans des entrep\u00f4ts de fromage ou des fermes fromag\u00e8res. Les fromages y sont d\u00e9pos\u00e9s sur des claies \u00e0 fromages sp\u00e9ciales. Nous sommes riches de plusieurs dizaines d\u2019ann\u00e9es d\u2019exp\u00e9rience dans la production de ces claies \u00e0 fromages, aussi bien pour les fromageries que pour le stockage commercial.\" \/>\n<meta property=\"og:url\" content=\"https:\/\/www.lamico.nl\/fr\/marche\/lindustrie-fromagere\/\" \/>\n<meta property=\"og:site_name\" content=\"Lamico\" \/>\n<meta property=\"article:modified_time\" content=\"2025-02-19T14:24:46+00:00\" \/>\n<meta property=\"og:image\" content=\"http:\/\/www.lamico.nl\/wp-content\/uploads\/2015\/06\/kaas01.jpg\" \/>\n<meta name=\"twitter:card\" content=\"summary_large_image\" \/>\n<meta name=\"twitter:label1\" content=\"Dur\u00e9e de lecture estim\u00e9e\" \/>\n\t<meta name=\"twitter:data1\" content=\"2 minutes\" \/>\n<script type=\"application\/ld+json\" class=\"yoast-schema-graph\">{\"@context\":\"https:\/\/schema.org\",\"@graph\":[{\"@type\":\"WebPage\",\"@id\":\"https:\/\/www.lamico.nl\/fr\/marche\/lindustrie-fromagere\/\",\"url\":\"https:\/\/www.lamico.nl\/fr\/marche\/lindustrie-fromagere\/\",\"name\":\"L\u2019industrie fromag\u00e8re - Lamico\",\"isPartOf\":{\"@id\":\"https:\/\/www.lamico.nl\/fr\/#website\"},\"primaryImageOfPage\":{\"@id\":\"https:\/\/www.lamico.nl\/fr\/marche\/lindustrie-fromagere\/#primaryimage\"},\"image\":{\"@id\":\"https:\/\/www.lamico.nl\/fr\/marche\/lindustrie-fromagere\/#primaryimage\"},\"thumbnailUrl\":\"http:\/\/www.lamico.nl\/wp-content\/uploads\/2015\/06\/kaas01.jpg\",\"datePublished\":\"2015-06-08T10:16:51+00:00\",\"dateModified\":\"2025-02-19T14:24:46+00:00\",\"description\":\"Apr\u00e8s la production, les fromages doivent \u00eatre affin\u00e9s dans des entrep\u00f4ts de fromage ou des fermes fromag\u00e8res. Les fromages y sont d\u00e9pos\u00e9s sur des claies \u00e0 fromages sp\u00e9ciales. Nous sommes riches de plusieurs dizaines d\u2019ann\u00e9es d\u2019exp\u00e9rience dans la production de ces claies \u00e0 fromages, aussi bien pour les fromageries que pour le stockage commercial.\",\"breadcrumb\":{\"@id\":\"https:\/\/www.lamico.nl\/fr\/marche\/lindustrie-fromagere\/#breadcrumb\"},\"inLanguage\":\"fr-FR\",\"potentialAction\":[{\"@type\":\"ReadAction\",\"target\":[\"https:\/\/www.lamico.nl\/fr\/marche\/lindustrie-fromagere\/\"]}]},{\"@type\":\"ImageObject\",\"inLanguage\":\"fr-FR\",\"@id\":\"https:\/\/www.lamico.nl\/fr\/marche\/lindustrie-fromagere\/#primaryimage\",\"url\":\"http:\/\/www.lamico.nl\/wp-content\/uploads\/2015\/06\/kaas01.jpg\",\"contentUrl\":\"http:\/\/www.lamico.nl\/wp-content\/uploads\/2015\/06\/kaas01.jpg\"},{\"@type\":\"BreadcrumbList\",\"@id\":\"https:\/\/www.lamico.nl\/fr\/marche\/lindustrie-fromagere\/#breadcrumb\",\"itemListElement\":[{\"@type\":\"ListItem\",\"position\":1,\"name\":\"Home\",\"item\":\"https:\/\/www.lamico.nl\/fr\/\"},{\"@type\":\"ListItem\",\"position\":2,\"name\":\"March\u00e9\",\"item\":\"https:\/\/www.lamico.nl\/fr\/marche\/\"},{\"@type\":\"ListItem\",\"position\":3,\"name\":\"L\u2019industrie fromag\u00e8re\"}]},{\"@type\":\"WebSite\",\"@id\":\"https:\/\/www.lamico.nl\/fr\/#website\",\"url\":\"https:\/\/www.lamico.nl\/fr\/\",\"name\":\"Lamico\",\"description\":\"\",\"potentialAction\":[{\"@type\":\"SearchAction\",\"target\":{\"@type\":\"EntryPoint\",\"urlTemplate\":\"https:\/\/www.lamico.nl\/fr\/?s={search_term_string}\"},\"query-input\":\"required name=search_term_string\"}],\"inLanguage\":\"fr-FR\"}]}<\/script>\n<!-- \/ Yoast SEO plugin. -->","yoast_head_json":{"title":"L\u2019industrie fromag\u00e8re - Lamico","description":"Apr\u00e8s la production, les fromages doivent \u00eatre affin\u00e9s dans des entrep\u00f4ts de fromage ou des fermes fromag\u00e8res. Les fromages y sont d\u00e9pos\u00e9s sur des claies \u00e0 fromages sp\u00e9ciales. Nous sommes riches de plusieurs dizaines d\u2019ann\u00e9es d\u2019exp\u00e9rience dans la production de ces claies \u00e0 fromages, aussi bien pour les fromageries que pour le stockage commercial.","robots":{"index":"index","follow":"follow","max-snippet":"max-snippet:-1","max-image-preview":"max-image-preview:large","max-video-preview":"max-video-preview:-1"},"canonical":"https:\/\/www.lamico.nl\/fr\/marche\/lindustrie-fromagere\/","og_locale":"fr_FR","og_type":"article","og_title":"L\u2019industrie fromag\u00e8re - Lamico","og_description":"Apr\u00e8s la production, les fromages doivent \u00eatre affin\u00e9s dans des entrep\u00f4ts de fromage ou des fermes fromag\u00e8res. Les fromages y sont d\u00e9pos\u00e9s sur des claies \u00e0 fromages sp\u00e9ciales. Nous sommes riches de plusieurs dizaines d\u2019ann\u00e9es d\u2019exp\u00e9rience dans la production de ces claies \u00e0 fromages, aussi bien pour les fromageries que pour le stockage commercial.","og_url":"https:\/\/www.lamico.nl\/fr\/marche\/lindustrie-fromagere\/","og_site_name":"Lamico","article_modified_time":"2025-02-19T14:24:46+00:00","og_image":[{"url":"http:\/\/www.lamico.nl\/wp-content\/uploads\/2015\/06\/kaas01.jpg"}],"twitter_card":"summary_large_image","twitter_misc":{"Dur\u00e9e de lecture estim\u00e9e":"2 minutes"},"schema":{"@context":"https:\/\/schema.org","@graph":[{"@type":"WebPage","@id":"https:\/\/www.lamico.nl\/fr\/marche\/lindustrie-fromagere\/","url":"https:\/\/www.lamico.nl\/fr\/marche\/lindustrie-fromagere\/","name":"L\u2019industrie fromag\u00e8re - Lamico","isPartOf":{"@id":"https:\/\/www.lamico.nl\/fr\/#website"},"primaryImageOfPage":{"@id":"https:\/\/www.lamico.nl\/fr\/marche\/lindustrie-fromagere\/#primaryimage"},"image":{"@id":"https:\/\/www.lamico.nl\/fr\/marche\/lindustrie-fromagere\/#primaryimage"},"thumbnailUrl":"http:\/\/www.lamico.nl\/wp-content\/uploads\/2015\/06\/kaas01.jpg","datePublished":"2015-06-08T10:16:51+00:00","dateModified":"2025-02-19T14:24:46+00:00","description":"Apr\u00e8s la production, les fromages doivent \u00eatre affin\u00e9s dans des entrep\u00f4ts de fromage ou des fermes fromag\u00e8res. Les fromages y sont d\u00e9pos\u00e9s sur des claies \u00e0 fromages sp\u00e9ciales. Nous sommes riches de plusieurs dizaines d\u2019ann\u00e9es d\u2019exp\u00e9rience dans la production de ces claies \u00e0 fromages, aussi bien pour les fromageries que pour le stockage commercial.","breadcrumb":{"@id":"https:\/\/www.lamico.nl\/fr\/marche\/lindustrie-fromagere\/#breadcrumb"},"inLanguage":"fr-FR","potentialAction":[{"@type":"ReadAction","target":["https:\/\/www.lamico.nl\/fr\/marche\/lindustrie-fromagere\/"]}]},{"@type":"ImageObject","inLanguage":"fr-FR","@id":"https:\/\/www.lamico.nl\/fr\/marche\/lindustrie-fromagere\/#primaryimage","url":"http:\/\/www.lamico.nl\/wp-content\/uploads\/2015\/06\/kaas01.jpg","contentUrl":"http:\/\/www.lamico.nl\/wp-content\/uploads\/2015\/06\/kaas01.jpg"},{"@type":"BreadcrumbList","@id":"https:\/\/www.lamico.nl\/fr\/marche\/lindustrie-fromagere\/#breadcrumb","itemListElement":[{"@type":"ListItem","position":1,"name":"Home","item":"https:\/\/www.lamico.nl\/fr\/"},{"@type":"ListItem","position":2,"name":"March\u00e9","item":"https:\/\/www.lamico.nl\/fr\/marche\/"},{"@type":"ListItem","position":3,"name":"L\u2019industrie fromag\u00e8re"}]},{"@type":"WebSite","@id":"https:\/\/www.lamico.nl\/fr\/#website","url":"https:\/\/www.lamico.nl\/fr\/","name":"Lamico","description":"","potentialAction":[{"@type":"SearchAction","target":{"@type":"EntryPoint","urlTemplate":"https:\/\/www.lamico.nl\/fr\/?s={search_term_string}"},"query-input":"required name=search_term_string"}],"inLanguage":"fr-FR"}]}},"_links":{"self":[{"href":"https:\/\/www.lamico.nl\/fr\/wp-json\/wp\/v2\/pages\/918","targetHints":{"allow":["GET"]}}],"collection":[{"href":"https:\/\/www.lamico.nl\/fr\/wp-json\/wp\/v2\/pages"}],"about":[{"href":"https:\/\/www.lamico.nl\/fr\/wp-json\/wp\/v2\/types\/page"}],"author":[{"embeddable":true,"href":"https:\/\/www.lamico.nl\/fr\/wp-json\/wp\/v2\/users\/5"}],"replies":[{"embeddable":true,"href":"https:\/\/www.lamico.nl\/fr\/wp-json\/wp\/v2\/comments?post=918"}],"version-history":[{"count":8,"href":"https:\/\/www.lamico.nl\/fr\/wp-json\/wp\/v2\/pages\/918\/revisions"}],"predecessor-version":[{"id":2787,"href":"https:\/\/www.lamico.nl\/fr\/wp-json\/wp\/v2\/pages\/918\/revisions\/2787"}],"up":[{"embeddable":true,"href":"https:\/\/www.lamico.nl\/fr\/wp-json\/wp\/v2\/pages\/912"}],"wp:attachment":[{"href":"https:\/\/www.lamico.nl\/fr\/wp-json\/wp\/v2\/media?parent=918"}],"curies":[{"name":"wp","href":"https:\/\/api.w.org\/{rel}","templated":true}]}}