{"id":902,"date":"2015-06-08T10:51:33","date_gmt":"2015-06-08T09:51:33","guid":{"rendered":"http:\/\/www.lamico.nl\/?page_id=902"},"modified":"2016-10-26T15:50:28","modified_gmt":"2016-10-26T13:50:28","slug":"claies-a-fromages","status":"publish","type":"page","link":"https:\/\/www.lamico.nl\/fr\/produits\/claies-a-fromages\/","title":{"rendered":"Claies \u00e0 fromages"},"content":{"rendered":"<p>[vc_row][vc_column][vc_column_text]<\/p>\n<h3>Claies \u00e0 fromages<\/h3>\n<p>Apr\u00e8s la production, les fromages doivent \u00eatre affin\u00e9s dans des entrep\u00f4ts de fromage ou des fermes fromag\u00e8res. Les fromages y sont d\u00e9pos\u00e9s sur des claies \u00e0 fromages sp\u00e9ciales. Nous sommes riches de plusieurs dizaines d\u2019ann\u00e9es d\u2019exp\u00e9rience dans la production de ces claies \u00e0 fromages, aussi bien pour les fromageries que pour le stockage commercial. [\/vc_column_text][vc_column_text]<\/p>\n<p><img decoding=\"async\" class=\"alignnone size-full wp-image-1187\" src=\"http:\/\/www.lamico.nl\/wp-content\/uploads\/2015\/06\/kaas01.jpg\" alt=\"Kaasplanken\" width=\"100%\" height=\"100%\" \/><\/p>\n<p>[\/vc_column_text][\/vc_column][\/vc_row][vc_row][vc_column width=&#8221;1\/4&#8243;][vc_column_text]<\/p>\n<p><img loading=\"lazy\" decoding=\"async\" class=\"alignnone size-full wp-image-1509\" src=\"\/wp-content\/uploads\/2015\/06\/kaas-heftruck.jpg\" alt=\"Kaas heftruck\" width=\"200\" height=\"133\" \/><\/p>\n<p>[\/vc_column_text][vc_column_text]<\/p>\n<p><img decoding=\"async\" class=\"alignnone size-full wp-image-1112\" src=\"http:\/\/www.lamico.nl\/wp-content\/uploads\/2015\/02\/afb_04.jpg\" alt=\"Machine\" width=\"100%\" height=\"100%\" srcset=\"https:\/\/www.lamico.nl\/fr\/wp-content\/uploads\/sites\/7\/2015\/02\/afb_04.jpg 590w, https:\/\/www.lamico.nl\/fr\/wp-content\/uploads\/sites\/7\/2015\/02\/afb_04-300x180.jpg 300w\" sizes=\"(max-width: 590px) 100vw, 590px\" \/><\/p>\n<p>[\/vc_column_text][vc_column_text]<\/p>\n<p><img decoding=\"async\" class=\"alignnone size-full wp-image-1022\" src=\"http:\/\/www.lamico.nl\/wp-content\/uploads\/2015\/06\/kaas.jpg\" alt=\"Kaasplanken\" width=\"100%\" height=\"100%\" srcset=\"https:\/\/www.lamico.nl\/fr\/wp-content\/uploads\/sites\/7\/2015\/06\/kaas.jpg 400w, https:\/\/www.lamico.nl\/fr\/wp-content\/uploads\/sites\/7\/2015\/06\/kaas-300x245.jpg 300w\" sizes=\"(max-width: 400px) 100vw, 400px\" \/><\/p>\n<p>[\/vc_column_text][\/vc_column][vc_column width=&#8221;3\/4&#8243;][vc_column_text]<\/p>\n<h3><img loading=\"lazy\" decoding=\"async\" class=\" size-full wp-image-1511 alignright\" src=\"http:\/\/www.lamico.nl\/wp-content\/uploads\/2015\/06\/kaas-klein.jpg\" alt=\"kaas-klein\" width=\"99\" height=\"133\" \/>Ex\u00e9cutions<\/h3>\n<p>Les claies \u00e0 fromages sont fabriqu\u00e9es en \u00e9pic\u00e9a nord europ\u00e9en, sp\u00e9cialement s\u00e9lectionn\u00e9 \u00e0 cet effet. Pour diverses ex\u00e9cutions de claies \u00e0 fromages, nous pouvons traiter le bois de toutes les mani\u00e8res souhait\u00e9es. Nous pouvons ainsi appliquer des angles en biais et fraiser un chanfrein sur les bords transversaux et du c\u00f4t\u00e9 longitudinal. Nous r\u00e9alisons, de cette mani\u00e8re, diverses ex\u00e9cutions de claies \u00e0 fromages.<\/p>\n<h3>Aspects techniques<\/h3>\n<ul>\n<li>sur demande, les canaux r\u00e9sinif\u00e8res peuvent \u00eatre \u00f4t\u00e9s et pourvus d\u2019un coin en \u00e9pic\u00e9a, puis colmat\u00e9s avec du mastic qui ne contient pas de p\u00e9trole ou des substances toxiques<\/li>\n<li>le collage se d\u00e9roule conform\u00e9ment \u00e0 la norme DIN EN 204-D4<\/li>\n<\/ul>\n<p><img loading=\"lazy\" decoding=\"async\" class=\"size-full wp-image-1751 alignnone\" src=\"http:\/\/www.lamico.nl\/fr\/wp-content\/uploads\/sites\/7\/2015\/06\/logo-isega.jpg\" alt=\"logo-isega\" width=\"88\" height=\"85\" \/>\u00a0 <em>&#8220;Cheese boards food safety EU Regulations&#8221;<\/em>[\/vc_column_text][vc_column_text]<\/p>\n<ul>\n<li>Nos plateaux de fromages sont des aliments sains<\/li>\n<li>Avoir une longue vie<\/li>\n<li>Sont une partie importante de la formulation totale du fromage produit final<\/li>\n<\/ul>\n<p>[\/vc_column_text][\/vc_column][\/vc_row]<\/p>\n","protected":false},"excerpt":{"rendered":"<p>[vc_row][vc_column][vc_column_text] Claies \u00e0 fromages Apr\u00e8s la production, les fromages doivent \u00eatre affin\u00e9s dans des entrep\u00f4ts de fromage ou des fermes fromag\u00e8res. &#8230;<\/p>\n","protected":false},"author":5,"featured_media":0,"parent":899,"menu_order":0,"comment_status":"open","ping_status":"open","template":"","meta":{"footnotes":""},"class_list":["post-902","page","type-page","status-publish","hentry"],"yoast_head":"<!-- This site is optimized with the Yoast SEO plugin v22.3 - https:\/\/yoast.com\/wordpress\/plugins\/seo\/ -->\n<title>Claies \u00e0 fromages - Lamico<\/title>\n<meta name=\"description\" content=\"Apr\u00e8s la production, les fromages doivent \u00eatre affin\u00e9s dans des entrep\u00f4ts de fromage ou des fermes fromag\u00e8res. Les fromages y sont d\u00e9pos\u00e9s sur des claies \u00e0 fromages sp\u00e9ciales. Nous sommes riches de plusieurs dizaines d\u2019ann\u00e9es d\u2019exp\u00e9rience dans la production de ces claies \u00e0 fromages, aussi bien pour les fromageries que pour le stockage commercial.\" \/>\n<meta name=\"robots\" content=\"index, follow, max-snippet:-1, max-image-preview:large, max-video-preview:-1\" \/>\n<link rel=\"canonical\" href=\"https:\/\/www.lamico.nl\/fr\/produits\/claies-a-fromages\/\" \/>\n<meta property=\"og:locale\" content=\"fr_FR\" \/>\n<meta property=\"og:type\" content=\"article\" \/>\n<meta property=\"og:title\" content=\"Claies \u00e0 fromages - Lamico\" \/>\n<meta property=\"og:description\" content=\"Apr\u00e8s la production, les fromages doivent \u00eatre affin\u00e9s dans des entrep\u00f4ts de fromage ou des fermes fromag\u00e8res. Les fromages y sont d\u00e9pos\u00e9s sur des claies \u00e0 fromages sp\u00e9ciales. Nous sommes riches de plusieurs dizaines d\u2019ann\u00e9es d\u2019exp\u00e9rience dans la production de ces claies \u00e0 fromages, aussi bien pour les fromageries que pour le stockage commercial.\" \/>\n<meta property=\"og:url\" content=\"https:\/\/www.lamico.nl\/fr\/produits\/claies-a-fromages\/\" \/>\n<meta property=\"og:site_name\" content=\"Lamico\" \/>\n<meta property=\"article:modified_time\" content=\"2016-10-26T13:50:28+00:00\" \/>\n<meta property=\"og:image\" content=\"http:\/\/www.lamico.nl\/wp-content\/uploads\/2015\/06\/kaas01.jpg\" \/>\n<meta name=\"twitter:card\" content=\"summary_large_image\" \/>\n<meta name=\"twitter:label1\" content=\"Dur\u00e9e de lecture estim\u00e9e\" \/>\n\t<meta name=\"twitter:data1\" content=\"1 minute\" \/>\n<script type=\"application\/ld+json\" class=\"yoast-schema-graph\">{\"@context\":\"https:\/\/schema.org\",\"@graph\":[{\"@type\":\"WebPage\",\"@id\":\"https:\/\/www.lamico.nl\/fr\/produits\/claies-a-fromages\/\",\"url\":\"https:\/\/www.lamico.nl\/fr\/produits\/claies-a-fromages\/\",\"name\":\"Claies \u00e0 fromages - Lamico\",\"isPartOf\":{\"@id\":\"https:\/\/www.lamico.nl\/fr\/#website\"},\"primaryImageOfPage\":{\"@id\":\"https:\/\/www.lamico.nl\/fr\/produits\/claies-a-fromages\/#primaryimage\"},\"image\":{\"@id\":\"https:\/\/www.lamico.nl\/fr\/produits\/claies-a-fromages\/#primaryimage\"},\"thumbnailUrl\":\"http:\/\/www.lamico.nl\/wp-content\/uploads\/2015\/06\/kaas01.jpg\",\"datePublished\":\"2015-06-08T09:51:33+00:00\",\"dateModified\":\"2016-10-26T13:50:28+00:00\",\"description\":\"Apr\u00e8s la production, les fromages doivent \u00eatre affin\u00e9s dans des entrep\u00f4ts de fromage ou des fermes fromag\u00e8res. Les fromages y sont d\u00e9pos\u00e9s sur des claies \u00e0 fromages sp\u00e9ciales. Nous sommes riches de plusieurs dizaines d\u2019ann\u00e9es d\u2019exp\u00e9rience dans la production de ces claies \u00e0 fromages, aussi bien pour les fromageries que pour le stockage commercial.\",\"breadcrumb\":{\"@id\":\"https:\/\/www.lamico.nl\/fr\/produits\/claies-a-fromages\/#breadcrumb\"},\"inLanguage\":\"fr-FR\",\"potentialAction\":[{\"@type\":\"ReadAction\",\"target\":[\"https:\/\/www.lamico.nl\/fr\/produits\/claies-a-fromages\/\"]}]},{\"@type\":\"ImageObject\",\"inLanguage\":\"fr-FR\",\"@id\":\"https:\/\/www.lamico.nl\/fr\/produits\/claies-a-fromages\/#primaryimage\",\"url\":\"http:\/\/www.lamico.nl\/wp-content\/uploads\/2015\/06\/kaas01.jpg\",\"contentUrl\":\"http:\/\/www.lamico.nl\/wp-content\/uploads\/2015\/06\/kaas01.jpg\"},{\"@type\":\"BreadcrumbList\",\"@id\":\"https:\/\/www.lamico.nl\/fr\/produits\/claies-a-fromages\/#breadcrumb\",\"itemListElement\":[{\"@type\":\"ListItem\",\"position\":1,\"name\":\"Home\",\"item\":\"https:\/\/www.lamico.nl\/fr\/\"},{\"@type\":\"ListItem\",\"position\":2,\"name\":\"Produits\",\"item\":\"https:\/\/www.lamico.nl\/fr\/produits\/\"},{\"@type\":\"ListItem\",\"position\":3,\"name\":\"Claies \u00e0 fromages\"}]},{\"@type\":\"WebSite\",\"@id\":\"https:\/\/www.lamico.nl\/fr\/#website\",\"url\":\"https:\/\/www.lamico.nl\/fr\/\",\"name\":\"Lamico\",\"description\":\"\",\"potentialAction\":[{\"@type\":\"SearchAction\",\"target\":{\"@type\":\"EntryPoint\",\"urlTemplate\":\"https:\/\/www.lamico.nl\/fr\/?s={search_term_string}\"},\"query-input\":\"required name=search_term_string\"}],\"inLanguage\":\"fr-FR\"}]}<\/script>\n<!-- \/ Yoast SEO plugin. -->","yoast_head_json":{"title":"Claies \u00e0 fromages - Lamico","description":"Apr\u00e8s la production, les fromages doivent \u00eatre affin\u00e9s dans des entrep\u00f4ts de fromage ou des fermes fromag\u00e8res. Les fromages y sont d\u00e9pos\u00e9s sur des claies \u00e0 fromages sp\u00e9ciales. Nous sommes riches de plusieurs dizaines d\u2019ann\u00e9es d\u2019exp\u00e9rience dans la production de ces claies \u00e0 fromages, aussi bien pour les fromageries que pour le stockage commercial.","robots":{"index":"index","follow":"follow","max-snippet":"max-snippet:-1","max-image-preview":"max-image-preview:large","max-video-preview":"max-video-preview:-1"},"canonical":"https:\/\/www.lamico.nl\/fr\/produits\/claies-a-fromages\/","og_locale":"fr_FR","og_type":"article","og_title":"Claies \u00e0 fromages - Lamico","og_description":"Apr\u00e8s la production, les fromages doivent \u00eatre affin\u00e9s dans des entrep\u00f4ts de fromage ou des fermes fromag\u00e8res. Les fromages y sont d\u00e9pos\u00e9s sur des claies \u00e0 fromages sp\u00e9ciales. Nous sommes riches de plusieurs dizaines d\u2019ann\u00e9es d\u2019exp\u00e9rience dans la production de ces claies \u00e0 fromages, aussi bien pour les fromageries que pour le stockage commercial.","og_url":"https:\/\/www.lamico.nl\/fr\/produits\/claies-a-fromages\/","og_site_name":"Lamico","article_modified_time":"2016-10-26T13:50:28+00:00","og_image":[{"url":"http:\/\/www.lamico.nl\/wp-content\/uploads\/2015\/06\/kaas01.jpg"}],"twitter_card":"summary_large_image","twitter_misc":{"Dur\u00e9e de lecture estim\u00e9e":"1 minute"},"schema":{"@context":"https:\/\/schema.org","@graph":[{"@type":"WebPage","@id":"https:\/\/www.lamico.nl\/fr\/produits\/claies-a-fromages\/","url":"https:\/\/www.lamico.nl\/fr\/produits\/claies-a-fromages\/","name":"Claies \u00e0 fromages - Lamico","isPartOf":{"@id":"https:\/\/www.lamico.nl\/fr\/#website"},"primaryImageOfPage":{"@id":"https:\/\/www.lamico.nl\/fr\/produits\/claies-a-fromages\/#primaryimage"},"image":{"@id":"https:\/\/www.lamico.nl\/fr\/produits\/claies-a-fromages\/#primaryimage"},"thumbnailUrl":"http:\/\/www.lamico.nl\/wp-content\/uploads\/2015\/06\/kaas01.jpg","datePublished":"2015-06-08T09:51:33+00:00","dateModified":"2016-10-26T13:50:28+00:00","description":"Apr\u00e8s la production, les fromages doivent \u00eatre affin\u00e9s dans des entrep\u00f4ts de fromage ou des fermes fromag\u00e8res. Les fromages y sont d\u00e9pos\u00e9s sur des claies \u00e0 fromages sp\u00e9ciales. Nous sommes riches de plusieurs dizaines d\u2019ann\u00e9es d\u2019exp\u00e9rience dans la production de ces claies \u00e0 fromages, aussi bien pour les fromageries que pour le stockage commercial.","breadcrumb":{"@id":"https:\/\/www.lamico.nl\/fr\/produits\/claies-a-fromages\/#breadcrumb"},"inLanguage":"fr-FR","potentialAction":[{"@type":"ReadAction","target":["https:\/\/www.lamico.nl\/fr\/produits\/claies-a-fromages\/"]}]},{"@type":"ImageObject","inLanguage":"fr-FR","@id":"https:\/\/www.lamico.nl\/fr\/produits\/claies-a-fromages\/#primaryimage","url":"http:\/\/www.lamico.nl\/wp-content\/uploads\/2015\/06\/kaas01.jpg","contentUrl":"http:\/\/www.lamico.nl\/wp-content\/uploads\/2015\/06\/kaas01.jpg"},{"@type":"BreadcrumbList","@id":"https:\/\/www.lamico.nl\/fr\/produits\/claies-a-fromages\/#breadcrumb","itemListElement":[{"@type":"ListItem","position":1,"name":"Home","item":"https:\/\/www.lamico.nl\/fr\/"},{"@type":"ListItem","position":2,"name":"Produits","item":"https:\/\/www.lamico.nl\/fr\/produits\/"},{"@type":"ListItem","position":3,"name":"Claies \u00e0 fromages"}]},{"@type":"WebSite","@id":"https:\/\/www.lamico.nl\/fr\/#website","url":"https:\/\/www.lamico.nl\/fr\/","name":"Lamico","description":"","potentialAction":[{"@type":"SearchAction","target":{"@type":"EntryPoint","urlTemplate":"https:\/\/www.lamico.nl\/fr\/?s={search_term_string}"},"query-input":"required name=search_term_string"}],"inLanguage":"fr-FR"}]}},"_links":{"self":[{"href":"https:\/\/www.lamico.nl\/fr\/wp-json\/wp\/v2\/pages\/902","targetHints":{"allow":["GET"]}}],"collection":[{"href":"https:\/\/www.lamico.nl\/fr\/wp-json\/wp\/v2\/pages"}],"about":[{"href":"https:\/\/www.lamico.nl\/fr\/wp-json\/wp\/v2\/types\/page"}],"author":[{"embeddable":true,"href":"https:\/\/www.lamico.nl\/fr\/wp-json\/wp\/v2\/users\/5"}],"replies":[{"embeddable":true,"href":"https:\/\/www.lamico.nl\/fr\/wp-json\/wp\/v2\/comments?post=902"}],"version-history":[{"count":16,"href":"https:\/\/www.lamico.nl\/fr\/wp-json\/wp\/v2\/pages\/902\/revisions"}],"predecessor-version":[{"id":1765,"href":"https:\/\/www.lamico.nl\/fr\/wp-json\/wp\/v2\/pages\/902\/revisions\/1765"}],"up":[{"embeddable":true,"href":"https:\/\/www.lamico.nl\/fr\/wp-json\/wp\/v2\/pages\/899"}],"wp:attachment":[{"href":"https:\/\/www.lamico.nl\/fr\/wp-json\/wp\/v2\/media?parent=902"}],"curies":[{"name":"wp","href":"https:\/\/api.w.org\/{rel}","templated":true}]}}