{"id":899,"date":"2015-06-08T10:48:39","date_gmt":"2015-06-08T09:48:39","guid":{"rendered":"http:\/\/www.lamico.nl\/?page_id=899"},"modified":"2017-11-10T09:33:42","modified_gmt":"2017-11-10T08:33:42","slug":"produits","status":"publish","type":"page","link":"https:\/\/www.lamico.nl\/fr\/produits\/","title":{"rendered":"Produits"},"content":{"rendered":"<p>[vc_row][vc_column][vc_column_text]<\/p>\n<h2>G\u00e9n\u00e9ralit\u00e9s<\/h2>\n<p>Lamico produit des panneaux ind\u00e9formables massifs en bois lamell\u00e9-coll\u00e9. Les panneaux sont constitu\u00e9s de lattes en bois de pin, d\u2019\u00e9pic\u00e9a et de ch\u00eane soigneusement s\u00e9lectionn\u00e9. Les panneaux font l\u2019objet d\u2019un finissage parfait dans notre usine, afin qu\u2019ils puissent \u00eatre trait\u00e9s de mani\u00e8re optimale &#8211; entre autres laqu\u00e9s ou teint\u00e9s \u2013 de toutes parts.<\/p>\n<p><a href=\"http:\/\/www.lamico.nl\/wp-content\/uploads\/2015\/06\/timmerpanelen2.jpg\"><img decoding=\"async\" class=\"alignnone size-large wp-image-1507\" src=\"http:\/\/www.lamico.nl\/wp-content\/uploads\/2015\/06\/timmerpanelen2-1024x427.jpg\" alt=\"Timmerpanelen\" width=\"100%\" height=\"100%\" \/><\/a><\/p>\n<h3>Nos garanties<\/h3>\n<ul>\n<li>la production des panneaux en pin et en \u00e9pic\u00e9a est ex\u00e9cut\u00e9e conform\u00e9ment aux sp\u00e9cifications, comme convenu avec l\u2019acheteur.<\/li>\n<li>la production est ex\u00e9cut\u00e9e par des employ\u00e9s qualifi\u00e9s sous des conditions contr\u00f4l\u00e9es et en respectant le d\u00e9lai de livraison convenu.<\/li>\n<li>Les panneaux sont emball\u00e9s, comme convenu avec l\u2019acheteur.<\/li>\n<\/ul>\n<p>[\/vc_column_text][\/vc_column][\/vc_row][vc_row][vc_column width=&#8221;1\/3&#8243;][vc_column_text]<\/p>\n<p><img decoding=\"async\" class=\"alignnone size-full wp-image-1004\" src=\"http:\/\/www.lamico.nl\/wp-content\/uploads\/2015\/06\/afb_02.jpg\" alt=\"Producten\" width=\"100%\" height=\"100%\" srcset=\"https:\/\/www.lamico.nl\/fr\/wp-content\/uploads\/sites\/7\/2015\/06\/afb_02.jpg 590w, https:\/\/www.lamico.nl\/fr\/wp-content\/uploads\/sites\/7\/2015\/06\/afb_02-300x180.jpg 300w\" sizes=\"(max-width: 590px) 100vw, 590px\" \/><\/p>\n<p>[\/vc_column_text][vc_column_text]<\/p>\n<p><img decoding=\"async\" class=\"alignnone size-full wp-image-1003\" src=\"http:\/\/www.lamico.nl\/wp-content\/uploads\/2015\/06\/afb_01.jpg\" alt=\"Producten\" width=\"100%\" height=\"100%\" srcset=\"https:\/\/www.lamico.nl\/fr\/wp-content\/uploads\/sites\/7\/2015\/06\/afb_01.jpg 590w, https:\/\/www.lamico.nl\/fr\/wp-content\/uploads\/sites\/7\/2015\/06\/afb_01-300x180.jpg 300w\" sizes=\"(max-width: 590px) 100vw, 590px\" \/><\/p>\n<p>[\/vc_column_text][\/vc_column][vc_column width=&#8221;2\/3&#8243;][vc_column_text]<\/p>\n<h3>Produits en pin et en \u00e9pic\u00e9a<\/h3>\n<ul>\n<li>formats standard en 18, 28 et 38 mm, livrables rapidement<\/li>\n<li>formats standard, envelopp\u00e9s dans une feuille et accompagn\u00e9s d\u2019une notice explicative, avec une bordure sp\u00e9ciale sur demande<\/li>\n<li>grands formats avec des largeurs de 815, 1 030 ou 1 230 mm<\/li>\n<li>panneaux sp\u00e9ciaux conformes aux demandes sp\u00e9cifiques (\u00e9paisseur et format) du client, avec une bordure sp\u00e9ciale sur demande. Les marches d\u2019escalier et les rebords de fen\u00eatre en sont des exemples.<\/li>\n<\/ul>\n<p>[\/vc_column_text][\/vc_column][\/vc_row][vc_row][vc_column width=&#8221;1\/3&#8243;][vc_column_text]<\/p>\n<p><img decoding=\"async\" class=\"alignnone size-large wp-image-1482\" src=\"\/wp-content\/uploads\/2015\/06\/wijnrek-1024x576.jpg\" alt=\"Wijnrek\" width=\"100%\" height=\"100%\" \/><\/p>\n<p>[\/vc_column_text][\/vc_column][vc_column width=&#8221;1\/3&#8243;][vc_column_text]<\/p>\n<p><img decoding=\"async\" class=\"alignnone size-large wp-image-1437\" src=\"\/wp-content\/uploads\/2015\/06\/productie041-1024x576.jpg\" alt=\"Houten kisten\" width=\"100%\" height=\"100%\" \/><\/p>\n<p>[\/vc_column_text][\/vc_column][vc_column width=&#8221;1\/3&#8243;][vc_column_text]<\/p>\n<p><img decoding=\"async\" class=\"alignnone size-full wp-image-1480\" src=\"\/wp-content\/uploads\/2015\/06\/houten-balie.jpg\" alt=\"Houten balie\" width=\"100%\" height=\"100%\" \/><\/p>\n<p>[\/vc_column_text][\/vc_column][\/vc_row]<\/p>\n","protected":false},"excerpt":{"rendered":"<p>[vc_row][vc_column][vc_column_text] G\u00e9n\u00e9ralit\u00e9s Lamico produit des panneaux ind\u00e9formables massifs en bois lamell\u00e9-coll\u00e9. Les panneaux sont constitu\u00e9s de lattes en bois de pin, &#8230;<\/p>\n","protected":false},"author":5,"featured_media":0,"parent":0,"menu_order":0,"comment_status":"open","ping_status":"open","template":"","meta":{"footnotes":""},"class_list":["post-899","page","type-page","status-publish","hentry"],"yoast_head":"<!-- This site is optimized with the Yoast SEO plugin v22.3 - https:\/\/yoast.com\/wordpress\/plugins\/seo\/ -->\n<title>Produits - Lamico<\/title>\n<meta name=\"description\" content=\"Lamico produit des panneaux ind\u00e9formables massifs en bois lamell\u00e9-coll\u00e9. Les panneaux sont constitu\u00e9s de lattes en bois de pin, d\u2019\u00e9pic\u00e9a et de ch\u00eane soigneusement s\u00e9lectionn\u00e9.\" \/>\n<meta name=\"robots\" content=\"index, follow, max-snippet:-1, max-image-preview:large, max-video-preview:-1\" \/>\n<link rel=\"canonical\" href=\"https:\/\/www.lamico.nl\/fr\/produits\/\" \/>\n<meta property=\"og:locale\" content=\"fr_FR\" \/>\n<meta property=\"og:type\" content=\"article\" \/>\n<meta property=\"og:title\" content=\"Produits - Lamico\" \/>\n<meta property=\"og:description\" content=\"Lamico produit des panneaux ind\u00e9formables massifs en bois lamell\u00e9-coll\u00e9. Les panneaux sont constitu\u00e9s de lattes en bois de pin, d\u2019\u00e9pic\u00e9a et de ch\u00eane soigneusement s\u00e9lectionn\u00e9.\" \/>\n<meta property=\"og:url\" content=\"https:\/\/www.lamico.nl\/fr\/produits\/\" \/>\n<meta property=\"og:site_name\" content=\"Lamico\" \/>\n<meta property=\"article:modified_time\" content=\"2017-11-10T08:33:42+00:00\" \/>\n<meta property=\"og:image\" content=\"http:\/\/www.lamico.nl\/wp-content\/uploads\/2015\/06\/timmerpanelen2-1024x427.jpg\" \/>\n<meta name=\"twitter:card\" content=\"summary_large_image\" \/>\n<meta name=\"twitter:label1\" content=\"Dur\u00e9e de lecture estim\u00e9e\" \/>\n\t<meta name=\"twitter:data1\" content=\"1 minute\" \/>\n<script type=\"application\/ld+json\" class=\"yoast-schema-graph\">{\"@context\":\"https:\/\/schema.org\",\"@graph\":[{\"@type\":\"WebPage\",\"@id\":\"https:\/\/www.lamico.nl\/fr\/produits\/\",\"url\":\"https:\/\/www.lamico.nl\/fr\/produits\/\",\"name\":\"Produits - Lamico\",\"isPartOf\":{\"@id\":\"https:\/\/www.lamico.nl\/fr\/#website\"},\"primaryImageOfPage\":{\"@id\":\"https:\/\/www.lamico.nl\/fr\/produits\/#primaryimage\"},\"image\":{\"@id\":\"https:\/\/www.lamico.nl\/fr\/produits\/#primaryimage\"},\"thumbnailUrl\":\"http:\/\/www.lamico.nl\/wp-content\/uploads\/2015\/06\/timmerpanelen2-1024x427.jpg\",\"datePublished\":\"2015-06-08T09:48:39+00:00\",\"dateModified\":\"2017-11-10T08:33:42+00:00\",\"description\":\"Lamico produit des panneaux ind\u00e9formables massifs en bois lamell\u00e9-coll\u00e9. Les panneaux sont constitu\u00e9s de lattes en bois de pin, d\u2019\u00e9pic\u00e9a et de ch\u00eane soigneusement s\u00e9lectionn\u00e9.\",\"breadcrumb\":{\"@id\":\"https:\/\/www.lamico.nl\/fr\/produits\/#breadcrumb\"},\"inLanguage\":\"fr-FR\",\"potentialAction\":[{\"@type\":\"ReadAction\",\"target\":[\"https:\/\/www.lamico.nl\/fr\/produits\/\"]}]},{\"@type\":\"ImageObject\",\"inLanguage\":\"fr-FR\",\"@id\":\"https:\/\/www.lamico.nl\/fr\/produits\/#primaryimage\",\"url\":\"http:\/\/www.lamico.nl\/wp-content\/uploads\/2015\/06\/timmerpanelen2-1024x427.jpg\",\"contentUrl\":\"http:\/\/www.lamico.nl\/wp-content\/uploads\/2015\/06\/timmerpanelen2-1024x427.jpg\"},{\"@type\":\"BreadcrumbList\",\"@id\":\"https:\/\/www.lamico.nl\/fr\/produits\/#breadcrumb\",\"itemListElement\":[{\"@type\":\"ListItem\",\"position\":1,\"name\":\"Home\",\"item\":\"https:\/\/www.lamico.nl\/fr\/\"},{\"@type\":\"ListItem\",\"position\":2,\"name\":\"Produits\"}]},{\"@type\":\"WebSite\",\"@id\":\"https:\/\/www.lamico.nl\/fr\/#website\",\"url\":\"https:\/\/www.lamico.nl\/fr\/\",\"name\":\"Lamico\",\"description\":\"\",\"potentialAction\":[{\"@type\":\"SearchAction\",\"target\":{\"@type\":\"EntryPoint\",\"urlTemplate\":\"https:\/\/www.lamico.nl\/fr\/?s={search_term_string}\"},\"query-input\":\"required name=search_term_string\"}],\"inLanguage\":\"fr-FR\"}]}<\/script>\n<!-- \/ Yoast SEO plugin. -->","yoast_head_json":{"title":"Produits - Lamico","description":"Lamico produit des panneaux ind\u00e9formables massifs en bois lamell\u00e9-coll\u00e9. Les panneaux sont constitu\u00e9s de lattes en bois de pin, d\u2019\u00e9pic\u00e9a et de ch\u00eane soigneusement s\u00e9lectionn\u00e9.","robots":{"index":"index","follow":"follow","max-snippet":"max-snippet:-1","max-image-preview":"max-image-preview:large","max-video-preview":"max-video-preview:-1"},"canonical":"https:\/\/www.lamico.nl\/fr\/produits\/","og_locale":"fr_FR","og_type":"article","og_title":"Produits - Lamico","og_description":"Lamico produit des panneaux ind\u00e9formables massifs en bois lamell\u00e9-coll\u00e9. Les panneaux sont constitu\u00e9s de lattes en bois de pin, d\u2019\u00e9pic\u00e9a et de ch\u00eane soigneusement s\u00e9lectionn\u00e9.","og_url":"https:\/\/www.lamico.nl\/fr\/produits\/","og_site_name":"Lamico","article_modified_time":"2017-11-10T08:33:42+00:00","og_image":[{"url":"http:\/\/www.lamico.nl\/wp-content\/uploads\/2015\/06\/timmerpanelen2-1024x427.jpg"}],"twitter_card":"summary_large_image","twitter_misc":{"Dur\u00e9e de lecture estim\u00e9e":"1 minute"},"schema":{"@context":"https:\/\/schema.org","@graph":[{"@type":"WebPage","@id":"https:\/\/www.lamico.nl\/fr\/produits\/","url":"https:\/\/www.lamico.nl\/fr\/produits\/","name":"Produits - Lamico","isPartOf":{"@id":"https:\/\/www.lamico.nl\/fr\/#website"},"primaryImageOfPage":{"@id":"https:\/\/www.lamico.nl\/fr\/produits\/#primaryimage"},"image":{"@id":"https:\/\/www.lamico.nl\/fr\/produits\/#primaryimage"},"thumbnailUrl":"http:\/\/www.lamico.nl\/wp-content\/uploads\/2015\/06\/timmerpanelen2-1024x427.jpg","datePublished":"2015-06-08T09:48:39+00:00","dateModified":"2017-11-10T08:33:42+00:00","description":"Lamico produit des panneaux ind\u00e9formables massifs en bois lamell\u00e9-coll\u00e9. Les panneaux sont constitu\u00e9s de lattes en bois de pin, d\u2019\u00e9pic\u00e9a et de ch\u00eane soigneusement s\u00e9lectionn\u00e9.","breadcrumb":{"@id":"https:\/\/www.lamico.nl\/fr\/produits\/#breadcrumb"},"inLanguage":"fr-FR","potentialAction":[{"@type":"ReadAction","target":["https:\/\/www.lamico.nl\/fr\/produits\/"]}]},{"@type":"ImageObject","inLanguage":"fr-FR","@id":"https:\/\/www.lamico.nl\/fr\/produits\/#primaryimage","url":"http:\/\/www.lamico.nl\/wp-content\/uploads\/2015\/06\/timmerpanelen2-1024x427.jpg","contentUrl":"http:\/\/www.lamico.nl\/wp-content\/uploads\/2015\/06\/timmerpanelen2-1024x427.jpg"},{"@type":"BreadcrumbList","@id":"https:\/\/www.lamico.nl\/fr\/produits\/#breadcrumb","itemListElement":[{"@type":"ListItem","position":1,"name":"Home","item":"https:\/\/www.lamico.nl\/fr\/"},{"@type":"ListItem","position":2,"name":"Produits"}]},{"@type":"WebSite","@id":"https:\/\/www.lamico.nl\/fr\/#website","url":"https:\/\/www.lamico.nl\/fr\/","name":"Lamico","description":"","potentialAction":[{"@type":"SearchAction","target":{"@type":"EntryPoint","urlTemplate":"https:\/\/www.lamico.nl\/fr\/?s={search_term_string}"},"query-input":"required name=search_term_string"}],"inLanguage":"fr-FR"}]}},"_links":{"self":[{"href":"https:\/\/www.lamico.nl\/fr\/wp-json\/wp\/v2\/pages\/899","targetHints":{"allow":["GET"]}}],"collection":[{"href":"https:\/\/www.lamico.nl\/fr\/wp-json\/wp\/v2\/pages"}],"about":[{"href":"https:\/\/www.lamico.nl\/fr\/wp-json\/wp\/v2\/types\/page"}],"author":[{"embeddable":true,"href":"https:\/\/www.lamico.nl\/fr\/wp-json\/wp\/v2\/users\/5"}],"replies":[{"embeddable":true,"href":"https:\/\/www.lamico.nl\/fr\/wp-json\/wp\/v2\/comments?post=899"}],"version-history":[{"count":3,"href":"https:\/\/www.lamico.nl\/fr\/wp-json\/wp\/v2\/pages\/899\/revisions"}],"predecessor-version":[{"id":1793,"href":"https:\/\/www.lamico.nl\/fr\/wp-json\/wp\/v2\/pages\/899\/revisions\/1793"}],"wp:attachment":[{"href":"https:\/\/www.lamico.nl\/fr\/wp-json\/wp\/v2\/media?parent=899"}],"curies":[{"name":"wp","href":"https:\/\/api.w.org\/{rel}","templated":true}]}}