{"id":887,"date":"2015-06-08T10:31:59","date_gmt":"2015-06-08T09:31:59","guid":{"rendered":"http:\/\/www.lamico.nl\/?page_id=887"},"modified":"2025-03-06T15:54:29","modified_gmt":"2025-03-06T14:54:29","slug":"fsc-certificat","status":"publish","type":"page","link":"https:\/\/www.lamico.nl\/fr\/durabilite\/fsc-certificat\/","title":{"rendered":"FSC"},"content":{"rendered":"<p>[vc_row][vc_column][vc_column_text]<\/p>\n<h2>FSC\u00ae Certificat<\/h2>\n<p>Le label FSC garantit que la totalit\u00e9 du bois utilis\u00e9 dans un produit provient de for\u00eats qualifi\u00e9es de \u2018bien g\u00e9r\u00e9es\u2019. Le FSC (Forest Stewarship Council\u00ae ou Conseil de bonne gestion des for\u00eats) enti\u00e8rement ind\u00e9pendant se charge de cette certification.<\/p>\n<h3>Crit\u00e8res<\/h3>\n<p>Le FSC \u00e9value l\u2019exploitation des for\u00eats \u00e0 l\u2019aide de normes strictes en mati\u00e8re d\u2019environnement, de conditions sociales et d\u2019\u00e9conomie. Un syst\u00e8me de contr\u00f4le mondial d\u00e9taill\u00e9 garantit que le bois b\u00e9n\u00e9ficiant d\u2019un label de qualit\u00e9 FSC provient r\u00e9ellement de for\u00eats g\u00e9r\u00e9es durablement.<\/p>\n<p><a title=\"FSC\" href=\"\/fr\/wp-content\/uploads\/sites\/7\/2022\/05\/FSC-2022.pdf\" target=\"_blank\" rel=\"noopener noreferrer\"><img loading=\"lazy\" decoding=\"async\" class=\"alignnone size-full wp-image-1426\" src=\"\/wp-content\/uploads\/2015\/06\/pdf_icon_image_transparent.png\" alt=\"pdf_icon_image_transparent\" width=\"50\" height=\"45\" \/>FSC certificat Lamico<\/a>[\/vc_column_text][vc_column_text]<\/p>\n<p><img decoding=\"async\" class=\"alignnone size-large wp-image-1192\" src=\"\/wp-content\/uploads\/2015\/06\/hout.png\" alt=\"Duurzaam hout\" width=\"100%\" height=\"100%\" \/><\/p>\n<p>[\/vc_column_text][\/vc_column][\/vc_row][vc_row][vc_column width=&#8221;1\/4&#8243;][vc_column_text]<\/p>\n<p><img decoding=\"async\" class=\"alignnone size-full wp-image-847\" src=\"http:\/\/www.lamico.nl\/wp-content\/uploads\/2015\/06\/duurzaamheid-fsc1.jpg\" alt=\"Duurzaamheid\" width=\"100%\" height=\"100%\" \/><\/p>\n<p>[\/vc_column_text][vc_column_text]<\/p>\n<p><img decoding=\"async\" class=\"alignnone size-full wp-image-1477\" src=\"\/wp-content\/uploads\/2015\/06\/1070D_1_24122__web.jpg\" alt=\"FSC\" width=\"100%\" height=\"100%\" \/><\/p>\n<p>[\/vc_column_text][\/vc_column][vc_column width=&#8221;3\/4&#8243;][vc_column_text]<\/p>\n<h3>Forest Stewardship Council<\/h3>\n<p>Le Forest Stewardship Council, cr\u00e9\u00e9 en 1993, garantit que le bois dans un produit final soit identifiable. C\u2019est pour cette raison que le FSC dresse la carte compl\u00e8te de l\u2019itin\u00e9raire du bois \u2013 de la for\u00eat au consommateur \u2013 ce qu\u2019on appelle la \u2018chain of custody\u2019. Le FSC est une organisation enti\u00e8rement ind\u00e9pendante avec des repr\u00e9sentations :<\/p>\n<ul>\n<li>des organisations environnementales et de d\u00e9veloppement<\/li>\n<li>des entreprises de sylviculture et de bois<\/li>\n<li>des groupes de population locaux<\/li>\n<\/ul>\n<h3>Links<\/h3>\n<p><a href=\"https:\/\/ic.fsc.org\/en\" target=\"_blank\" rel=\"noopener noreferrer\">FSC international<\/a><br \/>\n<!--<a href=\"http:\/\/www.fsc-france.org\/\" target=\"_blank\" rel=\"noopener noreferrer\">FSC France<\/a>-->[\/vc_column_text][\/vc_column][\/vc_row]<\/p>\n","protected":false},"excerpt":{"rendered":"<p>[vc_row][vc_column][vc_column_text] FSC\u00ae Certificat Le label FSC garantit que la totalit\u00e9 du bois utilis\u00e9 dans un produit provient de for\u00eats qualifi\u00e9es de &#8230;<\/p>\n","protected":false},"author":5,"featured_media":0,"parent":842,"menu_order":0,"comment_status":"open","ping_status":"open","template":"","meta":{"footnotes":""},"class_list":["post-887","page","type-page","status-publish","hentry"],"yoast_head":"<!-- This site is optimized with the Yoast SEO plugin v22.3 - https:\/\/yoast.com\/wordpress\/plugins\/seo\/ -->\n<title>FSC - Lamico<\/title>\n<meta name=\"description\" content=\"Lamico producten voldoen aan de normering om het FSC-keurmerk te mogen dragen. Kijk op onze site voor verdere informatie over onze lijmhout producten.\" \/>\n<meta name=\"robots\" content=\"index, follow, max-snippet:-1, max-image-preview:large, max-video-preview:-1\" \/>\n<link rel=\"canonical\" href=\"https:\/\/www.lamico.nl\/fr\/durabilite\/fsc-certificat\/\" \/>\n<meta property=\"og:locale\" content=\"fr_FR\" \/>\n<meta property=\"og:type\" content=\"article\" \/>\n<meta property=\"og:title\" content=\"FSC - Lamico\" \/>\n<meta property=\"og:description\" content=\"Lamico producten voldoen aan de normering om het FSC-keurmerk te mogen dragen. Kijk op onze site voor verdere informatie over onze lijmhout producten.\" \/>\n<meta property=\"og:url\" content=\"https:\/\/www.lamico.nl\/fr\/durabilite\/fsc-certificat\/\" \/>\n<meta property=\"og:site_name\" content=\"Lamico\" \/>\n<meta property=\"article:modified_time\" content=\"2025-03-06T14:54:29+00:00\" \/>\n<meta property=\"og:image\" content=\"http:\/\/www.lamico.nl\/wp-content\/uploads\/2015\/06\/duurzaamheid-fsc1.jpg\" \/>\n<meta name=\"twitter:card\" content=\"summary_large_image\" \/>\n<meta name=\"twitter:label1\" content=\"Dur\u00e9e de lecture estim\u00e9e\" \/>\n\t<meta name=\"twitter:data1\" content=\"2 minutes\" \/>\n<script type=\"application\/ld+json\" class=\"yoast-schema-graph\">{\"@context\":\"https:\/\/schema.org\",\"@graph\":[{\"@type\":\"WebPage\",\"@id\":\"https:\/\/www.lamico.nl\/fr\/durabilite\/fsc-certificat\/\",\"url\":\"https:\/\/www.lamico.nl\/fr\/durabilite\/fsc-certificat\/\",\"name\":\"FSC - Lamico\",\"isPartOf\":{\"@id\":\"https:\/\/www.lamico.nl\/fr\/#website\"},\"primaryImageOfPage\":{\"@id\":\"https:\/\/www.lamico.nl\/fr\/durabilite\/fsc-certificat\/#primaryimage\"},\"image\":{\"@id\":\"https:\/\/www.lamico.nl\/fr\/durabilite\/fsc-certificat\/#primaryimage\"},\"thumbnailUrl\":\"http:\/\/www.lamico.nl\/wp-content\/uploads\/2015\/06\/duurzaamheid-fsc1.jpg\",\"datePublished\":\"2015-06-08T09:31:59+00:00\",\"dateModified\":\"2025-03-06T14:54:29+00:00\",\"description\":\"Lamico producten voldoen aan de normering om het FSC-keurmerk te mogen dragen. Kijk op onze site voor verdere informatie over onze lijmhout producten.\",\"breadcrumb\":{\"@id\":\"https:\/\/www.lamico.nl\/fr\/durabilite\/fsc-certificat\/#breadcrumb\"},\"inLanguage\":\"fr-FR\",\"potentialAction\":[{\"@type\":\"ReadAction\",\"target\":[\"https:\/\/www.lamico.nl\/fr\/durabilite\/fsc-certificat\/\"]}]},{\"@type\":\"ImageObject\",\"inLanguage\":\"fr-FR\",\"@id\":\"https:\/\/www.lamico.nl\/fr\/durabilite\/fsc-certificat\/#primaryimage\",\"url\":\"http:\/\/www.lamico.nl\/wp-content\/uploads\/2015\/06\/duurzaamheid-fsc1.jpg\",\"contentUrl\":\"http:\/\/www.lamico.nl\/wp-content\/uploads\/2015\/06\/duurzaamheid-fsc1.jpg\"},{\"@type\":\"BreadcrumbList\",\"@id\":\"https:\/\/www.lamico.nl\/fr\/durabilite\/fsc-certificat\/#breadcrumb\",\"itemListElement\":[{\"@type\":\"ListItem\",\"position\":1,\"name\":\"Home\",\"item\":\"https:\/\/www.lamico.nl\/fr\/\"},{\"@type\":\"ListItem\",\"position\":2,\"name\":\"Durabilit\u00e9\",\"item\":\"https:\/\/www.lamico.nl\/fr\/durabilite\/\"},{\"@type\":\"ListItem\",\"position\":3,\"name\":\"FSC\"}]},{\"@type\":\"WebSite\",\"@id\":\"https:\/\/www.lamico.nl\/fr\/#website\",\"url\":\"https:\/\/www.lamico.nl\/fr\/\",\"name\":\"Lamico\",\"description\":\"\",\"potentialAction\":[{\"@type\":\"SearchAction\",\"target\":{\"@type\":\"EntryPoint\",\"urlTemplate\":\"https:\/\/www.lamico.nl\/fr\/?s={search_term_string}\"},\"query-input\":\"required name=search_term_string\"}],\"inLanguage\":\"fr-FR\"}]}<\/script>\n<!-- \/ Yoast SEO plugin. -->","yoast_head_json":{"title":"FSC - Lamico","description":"Lamico producten voldoen aan de normering om het FSC-keurmerk te mogen dragen. Kijk op onze site voor verdere informatie over onze lijmhout producten.","robots":{"index":"index","follow":"follow","max-snippet":"max-snippet:-1","max-image-preview":"max-image-preview:large","max-video-preview":"max-video-preview:-1"},"canonical":"https:\/\/www.lamico.nl\/fr\/durabilite\/fsc-certificat\/","og_locale":"fr_FR","og_type":"article","og_title":"FSC - Lamico","og_description":"Lamico producten voldoen aan de normering om het FSC-keurmerk te mogen dragen. Kijk op onze site voor verdere informatie over onze lijmhout producten.","og_url":"https:\/\/www.lamico.nl\/fr\/durabilite\/fsc-certificat\/","og_site_name":"Lamico","article_modified_time":"2025-03-06T14:54:29+00:00","og_image":[{"url":"http:\/\/www.lamico.nl\/wp-content\/uploads\/2015\/06\/duurzaamheid-fsc1.jpg"}],"twitter_card":"summary_large_image","twitter_misc":{"Dur\u00e9e de lecture estim\u00e9e":"2 minutes"},"schema":{"@context":"https:\/\/schema.org","@graph":[{"@type":"WebPage","@id":"https:\/\/www.lamico.nl\/fr\/durabilite\/fsc-certificat\/","url":"https:\/\/www.lamico.nl\/fr\/durabilite\/fsc-certificat\/","name":"FSC - Lamico","isPartOf":{"@id":"https:\/\/www.lamico.nl\/fr\/#website"},"primaryImageOfPage":{"@id":"https:\/\/www.lamico.nl\/fr\/durabilite\/fsc-certificat\/#primaryimage"},"image":{"@id":"https:\/\/www.lamico.nl\/fr\/durabilite\/fsc-certificat\/#primaryimage"},"thumbnailUrl":"http:\/\/www.lamico.nl\/wp-content\/uploads\/2015\/06\/duurzaamheid-fsc1.jpg","datePublished":"2015-06-08T09:31:59+00:00","dateModified":"2025-03-06T14:54:29+00:00","description":"Lamico producten voldoen aan de normering om het FSC-keurmerk te mogen dragen. Kijk op onze site voor verdere informatie over onze lijmhout producten.","breadcrumb":{"@id":"https:\/\/www.lamico.nl\/fr\/durabilite\/fsc-certificat\/#breadcrumb"},"inLanguage":"fr-FR","potentialAction":[{"@type":"ReadAction","target":["https:\/\/www.lamico.nl\/fr\/durabilite\/fsc-certificat\/"]}]},{"@type":"ImageObject","inLanguage":"fr-FR","@id":"https:\/\/www.lamico.nl\/fr\/durabilite\/fsc-certificat\/#primaryimage","url":"http:\/\/www.lamico.nl\/wp-content\/uploads\/2015\/06\/duurzaamheid-fsc1.jpg","contentUrl":"http:\/\/www.lamico.nl\/wp-content\/uploads\/2015\/06\/duurzaamheid-fsc1.jpg"},{"@type":"BreadcrumbList","@id":"https:\/\/www.lamico.nl\/fr\/durabilite\/fsc-certificat\/#breadcrumb","itemListElement":[{"@type":"ListItem","position":1,"name":"Home","item":"https:\/\/www.lamico.nl\/fr\/"},{"@type":"ListItem","position":2,"name":"Durabilit\u00e9","item":"https:\/\/www.lamico.nl\/fr\/durabilite\/"},{"@type":"ListItem","position":3,"name":"FSC"}]},{"@type":"WebSite","@id":"https:\/\/www.lamico.nl\/fr\/#website","url":"https:\/\/www.lamico.nl\/fr\/","name":"Lamico","description":"","potentialAction":[{"@type":"SearchAction","target":{"@type":"EntryPoint","urlTemplate":"https:\/\/www.lamico.nl\/fr\/?s={search_term_string}"},"query-input":"required name=search_term_string"}],"inLanguage":"fr-FR"}]}},"_links":{"self":[{"href":"https:\/\/www.lamico.nl\/fr\/wp-json\/wp\/v2\/pages\/887","targetHints":{"allow":["GET"]}}],"collection":[{"href":"https:\/\/www.lamico.nl\/fr\/wp-json\/wp\/v2\/pages"}],"about":[{"href":"https:\/\/www.lamico.nl\/fr\/wp-json\/wp\/v2\/types\/page"}],"author":[{"embeddable":true,"href":"https:\/\/www.lamico.nl\/fr\/wp-json\/wp\/v2\/users\/5"}],"replies":[{"embeddable":true,"href":"https:\/\/www.lamico.nl\/fr\/wp-json\/wp\/v2\/comments?post=887"}],"version-history":[{"count":10,"href":"https:\/\/www.lamico.nl\/fr\/wp-json\/wp\/v2\/pages\/887\/revisions"}],"predecessor-version":[{"id":2790,"href":"https:\/\/www.lamico.nl\/fr\/wp-json\/wp\/v2\/pages\/887\/revisions\/2790"}],"up":[{"embeddable":true,"href":"https:\/\/www.lamico.nl\/fr\/wp-json\/wp\/v2\/pages\/842"}],"wp:attachment":[{"href":"https:\/\/www.lamico.nl\/fr\/wp-json\/wp\/v2\/media?parent=887"}],"curies":[{"name":"wp","href":"https:\/\/api.w.org\/{rel}","templated":true}]}}