{"id":812,"date":"2015-06-05T13:53:51","date_gmt":"2015-06-05T12:53:51","guid":{"rendered":"http:\/\/www.lamico.nl\/?page_id=812"},"modified":"2024-01-25T13:04:12","modified_gmt":"2024-01-25T12:04:12","slug":"a-propos-de-nous","status":"publish","type":"page","link":"https:\/\/www.lamico.nl\/fr\/a-propos-de-nous\/","title":{"rendered":"\u00c1 propos de nous"},"content":{"rendered":"<p>[vc_row margin_top=&#8221;0px&#8221;][vc_column width=&#8221;1\/2&#8243;][vc_column_text]<\/p>\n<h2>Un groupe d\u2019entreprises de transformation du bois<\/h2>\n<p>En tant qu\u2019entreprise ind\u00e9pendante, Lamico fait partie d\u2019un groupe d\u2019entreprises de transformation du bois. Comme telle, nous avons acc\u00e8s \u00e0 des scieries regroup\u00e9es situ\u00e9es.[\/vc_column_text][\/vc_column][vc_column width=&#8221;1\/2&#8243;][vc_column_text]<iframe loading=\"lazy\" src=\"https:\/\/www.youtube.com\/embed\/7iEQuSrzZdU?rel=0&amp;controls=0\" width=\"100%\" height=\"240\" frameborder=\"0\" allowfullscreen=\"allowfullscreen\"><\/iframe>[\/vc_column_text][\/vc_column][\/vc_row][vc_row][vc_column][vc_row_inner][vc_column_inner width=&#8221;1\/6&#8243;][vc_column_text]<\/p>\n<p><img decoding=\"async\" class=\"alignnone size-full wp-image-863\" src=\"http:\/\/www.lamico.nl\/wp-content\/uploads\/2015\/06\/over-ons-groep1.jpg\" alt=\"Over ons\" width=\"100%\" height=\"100%\" \/><\/p>\n<p>[\/vc_column_text][\/vc_column_inner][vc_column_inner width=&#8221;1\/6&#8243;][vc_column_text]<\/p>\n<p><img decoding=\"async\" class=\"alignnone size-full wp-image-862\" src=\"http:\/\/www.lamico.nl\/wp-content\/uploads\/2015\/06\/over-ons-groep2.jpg\" alt=\"Kantoor lamico\" width=\"100%\" height=\"100%\" \/><\/p>\n<p>[\/vc_column_text][\/vc_column_inner][vc_column_inner width=&#8221;1\/6&#8243;][vc_column_text]<\/p>\n<p><img decoding=\"async\" class=\"alignnone size-full wp-image-866\" src=\"http:\/\/www.lamico.nl\/wp-content\/uploads\/2015\/06\/over-ons-werken1.jpg\" alt=\"Werken bij lamico\" width=\"100%\" height=\"100%\" \/><\/p>\n<p>[\/vc_column_text][\/vc_column_inner][vc_column_inner width=&#8221;1\/6&#8243;][vc_column_text]<\/p>\n<p><img decoding=\"async\" class=\"alignnone size-full wp-image-867\" src=\"http:\/\/www.lamico.nl\/wp-content\/uploads\/2015\/06\/over-ons-werken2.jpg\" alt=\"Over ons\" width=\"100%\" height=\"100%\" \/><\/p>\n<p>[\/vc_column_text][\/vc_column_inner][vc_column_inner width=&#8221;1\/6&#8243;][vc_column_text]<\/p>\n<p><img decoding=\"async\" class=\"alignnone size-full wp-image-877\" src=\"http:\/\/www.lamico.nl\/wp-content\/uploads\/2015\/06\/productie-schaven1.jpg\" alt=\"Productie\" width=\"100%\" height=\"100%\" \/><\/p>\n<p>[\/vc_column_text][\/vc_column_inner][vc_column_inner width=&#8221;1\/6&#8243;][vc_column_text]<\/p>\n<p><img decoding=\"async\" class=\"alignnone size-full wp-image-860\" src=\"http:\/\/www.lamico.nl\/wp-content\/uploads\/2015\/06\/markt-meubelindustrie2.jpg\" alt=\"Over ons\" width=\"100%\" height=\"100%\" \/><\/p>\n<p>[\/vc_column_text][\/vc_column_inner][\/vc_row_inner][vc_separator][vc_column_text]<\/p>\n<h2>Travailler chez Lamico<\/h2>\n<p>La qualit\u00e9 de notre production est indissolublement li\u00e9e \u00e0 la qualit\u00e9 de nos collaborateurs. C\u2019est pour cette raison que nous offrons d\u2019excellentes conditions de travail. Nous conservons ainsi des employ\u00e9s comp\u00e9tents et motiv\u00e9s.<\/p>\n<h4>Conditions de travail<\/h4>\n<p>Outre une excellente r\u00e9mun\u00e9ration, nous offrons \u00e0 nos employ\u00e9s de tr\u00e8s bonnes conditions de travail secondaires. Nous proposons, par exemple, diverses possibilit\u00e9s de formation interne. Avec l\u2019employ\u00e9 concern\u00e9, nous examinons ses points forts et ses souhaits personnels. Nos employ\u00e9s peuvent ainsi se d\u00e9velopper de mani\u00e8re optimale.<\/p>\n<h4>Ambiance de travail<\/h4>\n<p>Travailler chez Lamico signifie travailler en \u00e9quipe. Nous sommes donc tr\u00e8s attach\u00e9s \u00e0 une approche personnelle et \u00e0 une ambiance de travail agr\u00e9able. La satisfaction de nos employ\u00e9s ne consiste pas uniquement en d\u2019excellentes conditions de travail mais implique \u00e9galement des sujets tels qu\u2019une bonne accessibilit\u00e9 de notre entreprise et suffisamment de places de stationnement.<\/p>\n<h4>Soyez vous-m\u00eame<\/h4>\n<p>Nos produits qui se distinguent par leur qualit\u00e9 sont fabriqu\u00e9s par des personnes tr\u00e8s distinctes. Nos employ\u00e9s pr\u00e9sentent des ant\u00e9c\u00e9dents divers, ont des aptitudes vari\u00e9es, diff\u00e9rentes priorit\u00e9s et des int\u00e9r\u00eats propres. Ils se compl\u00e8tent mutuellement et forment ensemble une \u00e9quipe forte.[\/vc_column_text][vc_separator][vc_column_text]<\/p>\n<h2>Offres d\u2019emploi<\/h2>\n<p>Aucune offre d\u2019emploi n\u2019est disponible en ce moment.[\/vc_column_text][\/vc_column][\/vc_row]<\/p>\n","protected":false},"excerpt":{"rendered":"<p>[vc_row margin_top=&#8221;0px&#8221;][vc_column width=&#8221;1\/2&#8243;][vc_column_text] Un groupe d\u2019entreprises de transformation du bois En tant qu\u2019entreprise ind\u00e9pendante, Lamico fait partie d\u2019un groupe d\u2019entreprises de &#8230;<\/p>\n","protected":false},"author":5,"featured_media":0,"parent":0,"menu_order":0,"comment_status":"open","ping_status":"open","template":"","meta":{"footnotes":""},"class_list":["post-812","page","type-page","status-publish","hentry"],"yoast_head":"<!-- This site is optimized with the Yoast SEO plugin v22.3 - https:\/\/yoast.com\/wordpress\/plugins\/seo\/ -->\n<title>\u00c1 propos de nous - Lamico<\/title>\n<meta name=\"description\" content=\"Lamico is een van de grootste lijmhout producenten van Europa. Meer weten over ons? Kijk dan op onze website of neem direct contact op.\" \/>\n<meta name=\"robots\" content=\"index, follow, max-snippet:-1, max-image-preview:large, max-video-preview:-1\" \/>\n<link rel=\"canonical\" href=\"https:\/\/www.lamico.nl\/fr\/a-propos-de-nous\/\" \/>\n<meta property=\"og:locale\" content=\"fr_FR\" \/>\n<meta property=\"og:type\" content=\"article\" \/>\n<meta property=\"og:title\" content=\"\u00c1 propos de nous - Lamico\" \/>\n<meta property=\"og:description\" content=\"Lamico is een van de grootste lijmhout producenten van Europa. Meer weten over ons? Kijk dan op onze website of neem direct contact op.\" \/>\n<meta property=\"og:url\" content=\"https:\/\/www.lamico.nl\/fr\/a-propos-de-nous\/\" \/>\n<meta property=\"og:site_name\" content=\"Lamico\" \/>\n<meta property=\"article:modified_time\" content=\"2024-01-25T12:04:12+00:00\" \/>\n<meta property=\"og:image\" content=\"http:\/\/www.lamico.nl\/wp-content\/uploads\/2015\/06\/over-ons-groep1.jpg\" \/>\n<meta name=\"twitter:card\" content=\"summary_large_image\" \/>\n<meta name=\"twitter:label1\" content=\"Dur\u00e9e de lecture estim\u00e9e\" \/>\n\t<meta name=\"twitter:data1\" content=\"3 minutes\" \/>\n<script type=\"application\/ld+json\" class=\"yoast-schema-graph\">{\"@context\":\"https:\/\/schema.org\",\"@graph\":[{\"@type\":\"WebPage\",\"@id\":\"https:\/\/www.lamico.nl\/fr\/a-propos-de-nous\/\",\"url\":\"https:\/\/www.lamico.nl\/fr\/a-propos-de-nous\/\",\"name\":\"\u00c1 propos de nous - Lamico\",\"isPartOf\":{\"@id\":\"https:\/\/www.lamico.nl\/fr\/#website\"},\"primaryImageOfPage\":{\"@id\":\"https:\/\/www.lamico.nl\/fr\/a-propos-de-nous\/#primaryimage\"},\"image\":{\"@id\":\"https:\/\/www.lamico.nl\/fr\/a-propos-de-nous\/#primaryimage\"},\"thumbnailUrl\":\"http:\/\/www.lamico.nl\/wp-content\/uploads\/2015\/06\/over-ons-groep1.jpg\",\"datePublished\":\"2015-06-05T12:53:51+00:00\",\"dateModified\":\"2024-01-25T12:04:12+00:00\",\"description\":\"Lamico is een van de grootste lijmhout producenten van Europa. Meer weten over ons? Kijk dan op onze website of neem direct contact op.\",\"breadcrumb\":{\"@id\":\"https:\/\/www.lamico.nl\/fr\/a-propos-de-nous\/#breadcrumb\"},\"inLanguage\":\"fr-FR\",\"potentialAction\":[{\"@type\":\"ReadAction\",\"target\":[\"https:\/\/www.lamico.nl\/fr\/a-propos-de-nous\/\"]}]},{\"@type\":\"ImageObject\",\"inLanguage\":\"fr-FR\",\"@id\":\"https:\/\/www.lamico.nl\/fr\/a-propos-de-nous\/#primaryimage\",\"url\":\"http:\/\/www.lamico.nl\/wp-content\/uploads\/2015\/06\/over-ons-groep1.jpg\",\"contentUrl\":\"http:\/\/www.lamico.nl\/wp-content\/uploads\/2015\/06\/over-ons-groep1.jpg\"},{\"@type\":\"BreadcrumbList\",\"@id\":\"https:\/\/www.lamico.nl\/fr\/a-propos-de-nous\/#breadcrumb\",\"itemListElement\":[{\"@type\":\"ListItem\",\"position\":1,\"name\":\"Home\",\"item\":\"https:\/\/www.lamico.nl\/fr\/\"},{\"@type\":\"ListItem\",\"position\":2,\"name\":\"\u00c1 propos de nous\"}]},{\"@type\":\"WebSite\",\"@id\":\"https:\/\/www.lamico.nl\/fr\/#website\",\"url\":\"https:\/\/www.lamico.nl\/fr\/\",\"name\":\"Lamico\",\"description\":\"\",\"potentialAction\":[{\"@type\":\"SearchAction\",\"target\":{\"@type\":\"EntryPoint\",\"urlTemplate\":\"https:\/\/www.lamico.nl\/fr\/?s={search_term_string}\"},\"query-input\":\"required name=search_term_string\"}],\"inLanguage\":\"fr-FR\"}]}<\/script>\n<!-- \/ Yoast SEO plugin. -->","yoast_head_json":{"title":"\u00c1 propos de nous - Lamico","description":"Lamico is een van de grootste lijmhout producenten van Europa. Meer weten over ons? Kijk dan op onze website of neem direct contact op.","robots":{"index":"index","follow":"follow","max-snippet":"max-snippet:-1","max-image-preview":"max-image-preview:large","max-video-preview":"max-video-preview:-1"},"canonical":"https:\/\/www.lamico.nl\/fr\/a-propos-de-nous\/","og_locale":"fr_FR","og_type":"article","og_title":"\u00c1 propos de nous - Lamico","og_description":"Lamico is een van de grootste lijmhout producenten van Europa. Meer weten over ons? Kijk dan op onze website of neem direct contact op.","og_url":"https:\/\/www.lamico.nl\/fr\/a-propos-de-nous\/","og_site_name":"Lamico","article_modified_time":"2024-01-25T12:04:12+00:00","og_image":[{"url":"http:\/\/www.lamico.nl\/wp-content\/uploads\/2015\/06\/over-ons-groep1.jpg"}],"twitter_card":"summary_large_image","twitter_misc":{"Dur\u00e9e de lecture estim\u00e9e":"3 minutes"},"schema":{"@context":"https:\/\/schema.org","@graph":[{"@type":"WebPage","@id":"https:\/\/www.lamico.nl\/fr\/a-propos-de-nous\/","url":"https:\/\/www.lamico.nl\/fr\/a-propos-de-nous\/","name":"\u00c1 propos de nous - Lamico","isPartOf":{"@id":"https:\/\/www.lamico.nl\/fr\/#website"},"primaryImageOfPage":{"@id":"https:\/\/www.lamico.nl\/fr\/a-propos-de-nous\/#primaryimage"},"image":{"@id":"https:\/\/www.lamico.nl\/fr\/a-propos-de-nous\/#primaryimage"},"thumbnailUrl":"http:\/\/www.lamico.nl\/wp-content\/uploads\/2015\/06\/over-ons-groep1.jpg","datePublished":"2015-06-05T12:53:51+00:00","dateModified":"2024-01-25T12:04:12+00:00","description":"Lamico is een van de grootste lijmhout producenten van Europa. Meer weten over ons? Kijk dan op onze website of neem direct contact op.","breadcrumb":{"@id":"https:\/\/www.lamico.nl\/fr\/a-propos-de-nous\/#breadcrumb"},"inLanguage":"fr-FR","potentialAction":[{"@type":"ReadAction","target":["https:\/\/www.lamico.nl\/fr\/a-propos-de-nous\/"]}]},{"@type":"ImageObject","inLanguage":"fr-FR","@id":"https:\/\/www.lamico.nl\/fr\/a-propos-de-nous\/#primaryimage","url":"http:\/\/www.lamico.nl\/wp-content\/uploads\/2015\/06\/over-ons-groep1.jpg","contentUrl":"http:\/\/www.lamico.nl\/wp-content\/uploads\/2015\/06\/over-ons-groep1.jpg"},{"@type":"BreadcrumbList","@id":"https:\/\/www.lamico.nl\/fr\/a-propos-de-nous\/#breadcrumb","itemListElement":[{"@type":"ListItem","position":1,"name":"Home","item":"https:\/\/www.lamico.nl\/fr\/"},{"@type":"ListItem","position":2,"name":"\u00c1 propos de nous"}]},{"@type":"WebSite","@id":"https:\/\/www.lamico.nl\/fr\/#website","url":"https:\/\/www.lamico.nl\/fr\/","name":"Lamico","description":"","potentialAction":[{"@type":"SearchAction","target":{"@type":"EntryPoint","urlTemplate":"https:\/\/www.lamico.nl\/fr\/?s={search_term_string}"},"query-input":"required name=search_term_string"}],"inLanguage":"fr-FR"}]}},"_links":{"self":[{"href":"https:\/\/www.lamico.nl\/fr\/wp-json\/wp\/v2\/pages\/812","targetHints":{"allow":["GET"]}}],"collection":[{"href":"https:\/\/www.lamico.nl\/fr\/wp-json\/wp\/v2\/pages"}],"about":[{"href":"https:\/\/www.lamico.nl\/fr\/wp-json\/wp\/v2\/types\/page"}],"author":[{"embeddable":true,"href":"https:\/\/www.lamico.nl\/fr\/wp-json\/wp\/v2\/users\/5"}],"replies":[{"embeddable":true,"href":"https:\/\/www.lamico.nl\/fr\/wp-json\/wp\/v2\/comments?post=812"}],"version-history":[{"count":6,"href":"https:\/\/www.lamico.nl\/fr\/wp-json\/wp\/v2\/pages\/812\/revisions"}],"predecessor-version":[{"id":2746,"href":"https:\/\/www.lamico.nl\/fr\/wp-json\/wp\/v2\/pages\/812\/revisions\/2746"}],"wp:attachment":[{"href":"https:\/\/www.lamico.nl\/fr\/wp-json\/wp\/v2\/media?parent=812"}],"curies":[{"name":"wp","href":"https:\/\/api.w.org\/{rel}","templated":true}]}}