{"id":806,"date":"2015-05-31T18:26:36","date_gmt":"2015-05-31T17:26:36","guid":{"rendered":"http:\/\/www.lamico.nl\/?page_id=806"},"modified":"2015-05-31T18:26:36","modified_gmt":"2015-05-31T17:26:36","slug":"sitemap","status":"publish","type":"page","link":"https:\/\/www.lamico.nl\/fr\/sitemap\/","title":{"rendered":"Sitemap"},"content":{"rendered":"<ul id=\"sitemap_list\" class=\"sitemap_disp_level_0\">\n<li class=\"home-item\"><a href=\"https:\/\/www.lamico.nl\/fr\" title=\"Lamico\">Lamico<\/a><\/li>\n<li class=\"cat-item cat-item-34\"><a href=\"https:\/\/www.lamico.nl\/fr\/category\/nouvelles\/\" title=\"Nouvelles\">Nouvelles<\/a>\n<ul>\n\t<li class=\"post-item post-item-1744\"><a href=\"https:\/\/www.lamico.nl\/fr\/2016\/09\/27\/weinig-powermat-2500\/\" title=\"Weinig Powermat 2500\">Weinig Powermat 2500<\/a><\/li>\n\t<li class=\"post-item post-item-332\"><a href=\"https:\/\/www.lamico.nl\/fr\/2015\/02\/12\/extraction-durable-des-forets\/\" title=\"Extraction durable des for\u00eats\">Extraction durable des for\u00eats<\/a><\/li>\n\t<li class=\"post-item post-item-329\"><a href=\"https:\/\/www.lamico.nl\/fr\/2015\/02\/12\/nouvelle-ligne-de-tri\/\" title=\"Nouvelle ligne de tri\">Nouvelle ligne de tri<\/a><\/li>\n\t<li class=\"post-item post-item-327\"><a href=\"https:\/\/www.lamico.nl\/fr\/2015\/02\/12\/nouvelle-ligne-de-rabotage-a-venir\/\" title=\"Nouvelle ligne de rabotage \u00e0 venir\">Nouvelle ligne de rabotage \u00e0 venir<\/a><\/li>\n<\/ul>\n<\/li>\n<li class=\"page_item page-item-812\"><a href=\"https:\/\/www.lamico.nl\/fr\/a-propos-de-nous\/\">\u00c1 propos de nous<\/a><\/li>\n<li class=\"page_item page-item-1342\"><a href=\"https:\/\/www.lamico.nl\/fr\/conditions-generales\/\">Conditions G\u00e9n\u00e9rales<\/a><\/li>\n<li class=\"page_item page-item-25\"><a href=\"https:\/\/www.lamico.nl\/fr\/contact\/\">Contact<\/a><\/li>\n<li class=\"page_item page-item-1340\"><a href=\"https:\/\/www.lamico.nl\/fr\/desistement\/\">Desistement<\/a><\/li>\n<li class=\"page_item page-item-842 page_item_has_children\"><a href=\"https:\/\/www.lamico.nl\/fr\/durabilite\/\">Durabilit\u00e9<\/a>\n<ul class='children'>\n\t<li class=\"page_item page-item-887\"><a href=\"https:\/\/www.lamico.nl\/fr\/durabilite\/fsc-certificat\/\">FSC<\/a><\/li>\n\t<li class=\"page_item page-item-893\"><a href=\"https:\/\/www.lamico.nl\/fr\/durabilite\/pefc-certificat\/\">PEFC<\/a><\/li>\n<\/ul>\n<\/li>\n<li class=\"page_item page-item-912 page_item_has_children\"><a href=\"https:\/\/www.lamico.nl\/fr\/marche\/\">March\u00e9<\/a>\n<ul class='children'>\n\t<li class=\"page_item page-item-927\"><a href=\"https:\/\/www.lamico.nl\/fr\/marche\/commerce-du-bois-professionnel\/\">Commerce du bois professionnel<\/a><\/li>\n\t<li class=\"page_item page-item-916\"><a href=\"https:\/\/www.lamico.nl\/fr\/marche\/industrie-du-meuble\/\">Industrie du meuble<\/a><\/li>\n\t<li class=\"page_item page-item-918\"><a href=\"https:\/\/www.lamico.nl\/fr\/marche\/lindustrie-fromagere\/\">L\u2019industrie fromag\u00e8re<\/a><\/li>\n\t<li class=\"page_item page-item-924\"><a href=\"https:\/\/www.lamico.nl\/fr\/marche\/marche-des-materiaux-de-construction\/\">March\u00e9 des mat\u00e9riaux de construction<\/a><\/li>\n<\/ul>\n<\/li>\n<li class=\"page_item page-item-7\"><a href=\"https:\/\/www.lamico.nl\/fr\/mijn-account\/\">Mijn account<\/a><\/li>\n<li class=\"page_item page-item-23\"><a href=\"https:\/\/www.lamico.nl\/fr\/nouvelles\/\">Nouvelles<\/a><\/li>\n<li class=\"page_item page-item-966 page_item_has_children\"><a href=\"https:\/\/www.lamico.nl\/fr\/production\/\">Production<\/a>\n<ul class='children'>\n\t<li class=\"page_item page-item-975\"><a href=\"https:\/\/www.lamico.nl\/fr\/production\/coller\/\">Coller<\/a><\/li>\n\t<li class=\"page_item page-item-989\"><a href=\"https:\/\/www.lamico.nl\/fr\/production\/emballer\/\">Emballer<\/a><\/li>\n\t<li class=\"page_item page-item-970\"><a href=\"https:\/\/www.lamico.nl\/fr\/production\/raboter\/\">Raboter<\/a><\/li>\n\t<li class=\"page_item page-item-938\"><a href=\"https:\/\/www.lamico.nl\/fr\/production\/secher\/\">S\u00e9cher<\/a><\/li>\n\t<li class=\"page_item page-item-982\"><a href=\"https:\/\/www.lamico.nl\/fr\/production\/transformer\/\">Transformer<\/a><\/li>\n<\/ul>\n<\/li>\n<li class=\"page_item page-item-899 page_item_has_children\"><a href=\"https:\/\/www.lamico.nl\/fr\/produits\/\">Produits<\/a>\n<ul class='children'>\n\t<li class=\"page_item page-item-902\"><a href=\"https:\/\/www.lamico.nl\/fr\/produits\/claies-a-fromages\/\">Claies \u00e0 fromages<\/a><\/li>\n\t<li class=\"page_item page-item-905\"><a href=\"https:\/\/www.lamico.nl\/fr\/produits\/escalier-de-bois\/\">Escalier de bois<\/a><\/li>\n<\/ul>\n<\/li>\n<li class=\"page_item page-item-806 current_page_item\"><a href=\"https:\/\/www.lamico.nl\/fr\/sitemap\/\" aria-current=\"page\">Sitemap<\/a><\/li>\n<\/ul>\n\n","protected":false},"excerpt":{"rendered":"<p>Lamico Nouvelles Weinig Powermat 2500 Extraction durable des for\u00eats Nouvelle ligne de tri Nouvelle ligne de rabotage \u00e0 venir \u00c1 propos &#8230;<\/p>\n","protected":false},"author":5,"featured_media":0,"parent":0,"menu_order":0,"comment_status":"open","ping_status":"open","template":"","meta":{"footnotes":""},"class_list":["post-806","page","type-page","status-publish","hentry"],"yoast_head":"<!-- This site is optimized with the Yoast SEO plugin v22.3 - https:\/\/yoast.com\/wordpress\/plugins\/seo\/ -->\n<title>Sitemap - Lamico<\/title>\n<meta name=\"robots\" content=\"index, follow, max-snippet:-1, max-image-preview:large, max-video-preview:-1\" \/>\n<link rel=\"canonical\" href=\"https:\/\/www.lamico.nl\/fr\/sitemap\/\" \/>\n<meta property=\"og:locale\" content=\"fr_FR\" \/>\n<meta property=\"og:type\" content=\"article\" \/>\n<meta property=\"og:title\" content=\"Sitemap - Lamico\" \/>\n<meta property=\"og:description\" content=\"Lamico Nouvelles Weinig Powermat 2500 Extraction durable des for\u00eats Nouvelle ligne de tri Nouvelle ligne de rabotage \u00e0 venir \u00c1 propos ...\" \/>\n<meta property=\"og:url\" content=\"https:\/\/www.lamico.nl\/fr\/sitemap\/\" \/>\n<meta property=\"og:site_name\" content=\"Lamico\" \/>\n<meta name=\"twitter:card\" content=\"summary_large_image\" \/>\n<script type=\"application\/ld+json\" class=\"yoast-schema-graph\">{\"@context\":\"https:\/\/schema.org\",\"@graph\":[{\"@type\":\"WebPage\",\"@id\":\"https:\/\/www.lamico.nl\/fr\/sitemap\/\",\"url\":\"https:\/\/www.lamico.nl\/fr\/sitemap\/\",\"name\":\"Sitemap - Lamico\",\"isPartOf\":{\"@id\":\"https:\/\/www.lamico.nl\/fr\/#website\"},\"datePublished\":\"2015-05-31T17:26:36+00:00\",\"dateModified\":\"2015-05-31T17:26:36+00:00\",\"breadcrumb\":{\"@id\":\"https:\/\/www.lamico.nl\/fr\/sitemap\/#breadcrumb\"},\"inLanguage\":\"fr-FR\",\"potentialAction\":[{\"@type\":\"ReadAction\",\"target\":[\"https:\/\/www.lamico.nl\/fr\/sitemap\/\"]}]},{\"@type\":\"BreadcrumbList\",\"@id\":\"https:\/\/www.lamico.nl\/fr\/sitemap\/#breadcrumb\",\"itemListElement\":[{\"@type\":\"ListItem\",\"position\":1,\"name\":\"Home\",\"item\":\"https:\/\/www.lamico.nl\/fr\/\"},{\"@type\":\"ListItem\",\"position\":2,\"name\":\"Sitemap\"}]},{\"@type\":\"WebSite\",\"@id\":\"https:\/\/www.lamico.nl\/fr\/#website\",\"url\":\"https:\/\/www.lamico.nl\/fr\/\",\"name\":\"Lamico\",\"description\":\"\",\"potentialAction\":[{\"@type\":\"SearchAction\",\"target\":{\"@type\":\"EntryPoint\",\"urlTemplate\":\"https:\/\/www.lamico.nl\/fr\/?s={search_term_string}\"},\"query-input\":\"required name=search_term_string\"}],\"inLanguage\":\"fr-FR\"}]}<\/script>\n<!-- \/ Yoast SEO plugin. -->","yoast_head_json":{"title":"Sitemap - Lamico","robots":{"index":"index","follow":"follow","max-snippet":"max-snippet:-1","max-image-preview":"max-image-preview:large","max-video-preview":"max-video-preview:-1"},"canonical":"https:\/\/www.lamico.nl\/fr\/sitemap\/","og_locale":"fr_FR","og_type":"article","og_title":"Sitemap - Lamico","og_description":"Lamico Nouvelles Weinig Powermat 2500 Extraction durable des for\u00eats Nouvelle ligne de tri Nouvelle ligne de rabotage \u00e0 venir \u00c1 propos ...","og_url":"https:\/\/www.lamico.nl\/fr\/sitemap\/","og_site_name":"Lamico","twitter_card":"summary_large_image","schema":{"@context":"https:\/\/schema.org","@graph":[{"@type":"WebPage","@id":"https:\/\/www.lamico.nl\/fr\/sitemap\/","url":"https:\/\/www.lamico.nl\/fr\/sitemap\/","name":"Sitemap - Lamico","isPartOf":{"@id":"https:\/\/www.lamico.nl\/fr\/#website"},"datePublished":"2015-05-31T17:26:36+00:00","dateModified":"2015-05-31T17:26:36+00:00","breadcrumb":{"@id":"https:\/\/www.lamico.nl\/fr\/sitemap\/#breadcrumb"},"inLanguage":"fr-FR","potentialAction":[{"@type":"ReadAction","target":["https:\/\/www.lamico.nl\/fr\/sitemap\/"]}]},{"@type":"BreadcrumbList","@id":"https:\/\/www.lamico.nl\/fr\/sitemap\/#breadcrumb","itemListElement":[{"@type":"ListItem","position":1,"name":"Home","item":"https:\/\/www.lamico.nl\/fr\/"},{"@type":"ListItem","position":2,"name":"Sitemap"}]},{"@type":"WebSite","@id":"https:\/\/www.lamico.nl\/fr\/#website","url":"https:\/\/www.lamico.nl\/fr\/","name":"Lamico","description":"","potentialAction":[{"@type":"SearchAction","target":{"@type":"EntryPoint","urlTemplate":"https:\/\/www.lamico.nl\/fr\/?s={search_term_string}"},"query-input":"required name=search_term_string"}],"inLanguage":"fr-FR"}]}},"_links":{"self":[{"href":"https:\/\/www.lamico.nl\/fr\/wp-json\/wp\/v2\/pages\/806","targetHints":{"allow":["GET"]}}],"collection":[{"href":"https:\/\/www.lamico.nl\/fr\/wp-json\/wp\/v2\/pages"}],"about":[{"href":"https:\/\/www.lamico.nl\/fr\/wp-json\/wp\/v2\/types\/page"}],"author":[{"embeddable":true,"href":"https:\/\/www.lamico.nl\/fr\/wp-json\/wp\/v2\/users\/5"}],"replies":[{"embeddable":true,"href":"https:\/\/www.lamico.nl\/fr\/wp-json\/wp\/v2\/comments?post=806"}],"version-history":[{"count":0,"href":"https:\/\/www.lamico.nl\/fr\/wp-json\/wp\/v2\/pages\/806\/revisions"}],"wp:attachment":[{"href":"https:\/\/www.lamico.nl\/fr\/wp-json\/wp\/v2\/media?parent=806"}],"curies":[{"name":"wp","href":"https:\/\/api.w.org\/{rel}","templated":true}]}}