{"id":989,"date":"2015-06-09T09:35:40","date_gmt":"2015-06-09T08:35:40","guid":{"rendered":"http:\/\/www.lamico.nl\/?page_id=989"},"modified":"2016-09-29T10:08:36","modified_gmt":"2016-09-29T08:08:36","slug":"verpacken","status":"publish","type":"page","link":"https:\/\/www.lamico.nl\/de\/produktion\/verpacken\/","title":{"rendered":"Verpacken"},"content":{"rendered":"<p>[vc_row][vc_column width=&#8221;1\/4&#8243;][vc_column_text]<\/p>\n<p><img decoding=\"async\" class=\"alignnone size-large wp-image-1218\" src=\"http:\/\/www.lamico.nl\/wp-content\/uploads\/2015\/02\/project-voorbeelden08-1024x576.jpg\" alt=\"Verpakken\" width=\"100%\" height=\"100%\" \/><\/p>\n<p>[\/vc_column_text][vc_column_text]<\/p>\n<p><img decoding=\"async\" class=\"alignnone size-full wp-image-880\" src=\"http:\/\/www.lamico.nl\/wp-content\/uploads\/2015\/06\/productie-verpakken2.jpg\" alt=\"Verpakken\" width=\"100%\" height=\"100%\" \/><\/p>\n<p>[\/vc_column_text][vc_column_text]<\/p>\n<p><img decoding=\"async\" class=\"alignnone size-full wp-image-879\" src=\"http:\/\/www.lamico.nl\/wp-content\/uploads\/2015\/06\/productie-verpakken1.jpg\" alt=\"Verpakken\" width=\"100%\" height=\"100%\" \/><\/p>\n<p>[\/vc_column_text][\/vc_column][vc_column width=&#8221;3\/4&#8243;][vc_column_text]<\/p>\n<p><img decoding=\"async\" class=\"alignnone size-full wp-image-1196\" src=\"http:\/\/www.lamico.nl\/wp-content\/uploads\/2015\/06\/lamico-gebouw.jpg\" alt=\"Lamico\" width=\"100%\" height=\"100%\" \/><\/p>\n<p>[\/vc_column_text][vc_column_text]<\/p>\n<h2>Verpacken<\/h2>\n<p>Wir verpacken die Leimholzplatten mit gr\u00f6\u00dfter Sorgfalt, ganz entsprechend der W\u00fcnsche des Abnehmers.<\/p>\n<h3>Verpackungsm\u00f6glichkeiten<\/h3>\n<p>Es gibt verschiedene Verpackungsm\u00f6glichkeiten. Nat\u00fcrlich bieten wir eine Standardverpackung an, es ist aber auch m\u00f6glich, die Verpackung an die Umst\u00e4nde in der Praxis anzupassen. Zu unserem Angebot geh\u00f6rt unter anderem eine seefeste Verpackung.[\/vc_column_text][vc_column_text]<\/p>\n<p><img decoding=\"async\" class=\"alignnone size-full wp-image-1760\" src=\"\/de\/wp-content\/uploads\/sites\/8\/2015\/06\/Lamico2-web.jpg\" alt=\"Verpacken\" width=\"100%\" height=\"100%\" srcset=\"https:\/\/www.lamico.nl\/de\/wp-content\/uploads\/sites\/8\/2015\/06\/Lamico2-web.jpg 1024w, https:\/\/www.lamico.nl\/de\/wp-content\/uploads\/sites\/8\/2015\/06\/Lamico2-web-300x200.jpg 300w, https:\/\/www.lamico.nl\/de\/wp-content\/uploads\/sites\/8\/2015\/06\/Lamico2-web-768x512.jpg 768w\" sizes=\"(max-width: 1024px) 100vw, 1024px\" \/><\/p>\n<p>[\/vc_column_text][\/vc_column][\/vc_row]<\/p>\n","protected":false},"excerpt":{"rendered":"<p>[vc_row][vc_column width=&#8221;1\/4&#8243;][vc_column_text] [\/vc_column_text][vc_column_text] [\/vc_column_text][vc_column_text] [\/vc_column_text][\/vc_column][vc_column width=&#8221;3\/4&#8243;][vc_column_text] [\/vc_column_text][vc_column_text] Verpacken Wir verpacken die Leimholzplatten mit gr\u00f6\u00dfter Sorgfalt, ganz entsprechend der W\u00fcnsche des Abnehmers. &#8230;<\/p>\n","protected":false},"author":1,"featured_media":0,"parent":966,"menu_order":0,"comment_status":"open","ping_status":"open","template":"","meta":{"footnotes":""},"class_list":["post-989","page","type-page","status-publish","hentry"],"yoast_head":"<!-- This site is optimized with the Yoast SEO plugin v22.3 - https:\/\/yoast.com\/wordpress\/plugins\/seo\/ -->\n<title>Verpacken - Lamico Leimholzplatten<\/title>\n<meta name=\"robots\" content=\"index, follow, max-snippet:-1, max-image-preview:large, max-video-preview:-1\" \/>\n<link rel=\"canonical\" href=\"https:\/\/www.lamico.nl\/de\/produktion\/verpacken\/\" \/>\n<meta property=\"og:locale\" content=\"de_DE\" \/>\n<meta property=\"og:type\" content=\"article\" \/>\n<meta property=\"og:title\" content=\"Verpacken - Lamico Leimholzplatten\" \/>\n<meta property=\"og:description\" content=\"[vc_row][vc_column width=&#8221;1\/4&#8243;][vc_column_text] [\/vc_column_text][vc_column_text] [\/vc_column_text][vc_column_text] [\/vc_column_text][\/vc_column][vc_column width=&#8221;3\/4&#8243;][vc_column_text] [\/vc_column_text][vc_column_text] Verpacken Wir verpacken die Leimholzplatten mit gr\u00f6\u00dfter Sorgfalt, ganz entsprechend der W\u00fcnsche des Abnehmers. ...\" \/>\n<meta property=\"og:url\" content=\"https:\/\/www.lamico.nl\/de\/produktion\/verpacken\/\" \/>\n<meta property=\"og:site_name\" content=\"Lamico Leimholzplatten\" \/>\n<meta property=\"article:modified_time\" content=\"2016-09-29T08:08:36+00:00\" \/>\n<meta property=\"og:image\" content=\"http:\/\/www.lamico.nl\/wp-content\/uploads\/2015\/02\/project-voorbeelden08-1024x576.jpg\" \/>\n<meta name=\"twitter:card\" content=\"summary_large_image\" \/>\n<meta name=\"twitter:label1\" content=\"Gesch\u00e4tzte Lesezeit\" \/>\n\t<meta name=\"twitter:data1\" content=\"1\u00a0Minute\" \/>\n<script type=\"application\/ld+json\" class=\"yoast-schema-graph\">{\"@context\":\"https:\/\/schema.org\",\"@graph\":[{\"@type\":\"WebPage\",\"@id\":\"https:\/\/www.lamico.nl\/de\/produktion\/verpacken\/\",\"url\":\"https:\/\/www.lamico.nl\/de\/produktion\/verpacken\/\",\"name\":\"Verpacken - Lamico Leimholzplatten\",\"isPartOf\":{\"@id\":\"https:\/\/www.lamico.nl\/de\/#website\"},\"primaryImageOfPage\":{\"@id\":\"https:\/\/www.lamico.nl\/de\/produktion\/verpacken\/#primaryimage\"},\"image\":{\"@id\":\"https:\/\/www.lamico.nl\/de\/produktion\/verpacken\/#primaryimage\"},\"thumbnailUrl\":\"http:\/\/www.lamico.nl\/wp-content\/uploads\/2015\/02\/project-voorbeelden08-1024x576.jpg\",\"datePublished\":\"2015-06-09T08:35:40+00:00\",\"dateModified\":\"2016-09-29T08:08:36+00:00\",\"breadcrumb\":{\"@id\":\"https:\/\/www.lamico.nl\/de\/produktion\/verpacken\/#breadcrumb\"},\"inLanguage\":\"de\",\"potentialAction\":[{\"@type\":\"ReadAction\",\"target\":[\"https:\/\/www.lamico.nl\/de\/produktion\/verpacken\/\"]}]},{\"@type\":\"ImageObject\",\"inLanguage\":\"de\",\"@id\":\"https:\/\/www.lamico.nl\/de\/produktion\/verpacken\/#primaryimage\",\"url\":\"http:\/\/www.lamico.nl\/wp-content\/uploads\/2015\/02\/project-voorbeelden08-1024x576.jpg\",\"contentUrl\":\"http:\/\/www.lamico.nl\/wp-content\/uploads\/2015\/02\/project-voorbeelden08-1024x576.jpg\"},{\"@type\":\"BreadcrumbList\",\"@id\":\"https:\/\/www.lamico.nl\/de\/produktion\/verpacken\/#breadcrumb\",\"itemListElement\":[{\"@type\":\"ListItem\",\"position\":1,\"name\":\"Home\",\"item\":\"https:\/\/www.lamico.nl\/de\/\"},{\"@type\":\"ListItem\",\"position\":2,\"name\":\"Produktion\",\"item\":\"https:\/\/www.lamico.nl\/de\/produktion\/\"},{\"@type\":\"ListItem\",\"position\":3,\"name\":\"Verpacken\"}]},{\"@type\":\"WebSite\",\"@id\":\"https:\/\/www.lamico.nl\/de\/#website\",\"url\":\"https:\/\/www.lamico.nl\/de\/\",\"name\":\"Lamico Leimholzplatten\",\"description\":\"\",\"potentialAction\":[{\"@type\":\"SearchAction\",\"target\":{\"@type\":\"EntryPoint\",\"urlTemplate\":\"https:\/\/www.lamico.nl\/de\/?s={search_term_string}\"},\"query-input\":\"required name=search_term_string\"}],\"inLanguage\":\"de\"}]}<\/script>\n<!-- \/ Yoast SEO plugin. -->","yoast_head_json":{"title":"Verpacken - Lamico Leimholzplatten","robots":{"index":"index","follow":"follow","max-snippet":"max-snippet:-1","max-image-preview":"max-image-preview:large","max-video-preview":"max-video-preview:-1"},"canonical":"https:\/\/www.lamico.nl\/de\/produktion\/verpacken\/","og_locale":"de_DE","og_type":"article","og_title":"Verpacken - Lamico Leimholzplatten","og_description":"[vc_row][vc_column width=&#8221;1\/4&#8243;][vc_column_text] [\/vc_column_text][vc_column_text] [\/vc_column_text][vc_column_text] [\/vc_column_text][\/vc_column][vc_column width=&#8221;3\/4&#8243;][vc_column_text] [\/vc_column_text][vc_column_text] Verpacken Wir verpacken die Leimholzplatten mit gr\u00f6\u00dfter Sorgfalt, ganz entsprechend der W\u00fcnsche des Abnehmers. ...","og_url":"https:\/\/www.lamico.nl\/de\/produktion\/verpacken\/","og_site_name":"Lamico Leimholzplatten","article_modified_time":"2016-09-29T08:08:36+00:00","og_image":[{"url":"http:\/\/www.lamico.nl\/wp-content\/uploads\/2015\/02\/project-voorbeelden08-1024x576.jpg"}],"twitter_card":"summary_large_image","twitter_misc":{"Gesch\u00e4tzte Lesezeit":"1\u00a0Minute"},"schema":{"@context":"https:\/\/schema.org","@graph":[{"@type":"WebPage","@id":"https:\/\/www.lamico.nl\/de\/produktion\/verpacken\/","url":"https:\/\/www.lamico.nl\/de\/produktion\/verpacken\/","name":"Verpacken - Lamico Leimholzplatten","isPartOf":{"@id":"https:\/\/www.lamico.nl\/de\/#website"},"primaryImageOfPage":{"@id":"https:\/\/www.lamico.nl\/de\/produktion\/verpacken\/#primaryimage"},"image":{"@id":"https:\/\/www.lamico.nl\/de\/produktion\/verpacken\/#primaryimage"},"thumbnailUrl":"http:\/\/www.lamico.nl\/wp-content\/uploads\/2015\/02\/project-voorbeelden08-1024x576.jpg","datePublished":"2015-06-09T08:35:40+00:00","dateModified":"2016-09-29T08:08:36+00:00","breadcrumb":{"@id":"https:\/\/www.lamico.nl\/de\/produktion\/verpacken\/#breadcrumb"},"inLanguage":"de","potentialAction":[{"@type":"ReadAction","target":["https:\/\/www.lamico.nl\/de\/produktion\/verpacken\/"]}]},{"@type":"ImageObject","inLanguage":"de","@id":"https:\/\/www.lamico.nl\/de\/produktion\/verpacken\/#primaryimage","url":"http:\/\/www.lamico.nl\/wp-content\/uploads\/2015\/02\/project-voorbeelden08-1024x576.jpg","contentUrl":"http:\/\/www.lamico.nl\/wp-content\/uploads\/2015\/02\/project-voorbeelden08-1024x576.jpg"},{"@type":"BreadcrumbList","@id":"https:\/\/www.lamico.nl\/de\/produktion\/verpacken\/#breadcrumb","itemListElement":[{"@type":"ListItem","position":1,"name":"Home","item":"https:\/\/www.lamico.nl\/de\/"},{"@type":"ListItem","position":2,"name":"Produktion","item":"https:\/\/www.lamico.nl\/de\/produktion\/"},{"@type":"ListItem","position":3,"name":"Verpacken"}]},{"@type":"WebSite","@id":"https:\/\/www.lamico.nl\/de\/#website","url":"https:\/\/www.lamico.nl\/de\/","name":"Lamico Leimholzplatten","description":"","potentialAction":[{"@type":"SearchAction","target":{"@type":"EntryPoint","urlTemplate":"https:\/\/www.lamico.nl\/de\/?s={search_term_string}"},"query-input":"required name=search_term_string"}],"inLanguage":"de"}]}},"_links":{"self":[{"href":"https:\/\/www.lamico.nl\/de\/wp-json\/wp\/v2\/pages\/989","targetHints":{"allow":["GET"]}}],"collection":[{"href":"https:\/\/www.lamico.nl\/de\/wp-json\/wp\/v2\/pages"}],"about":[{"href":"https:\/\/www.lamico.nl\/de\/wp-json\/wp\/v2\/types\/page"}],"author":[{"embeddable":true,"href":"https:\/\/www.lamico.nl\/de\/wp-json\/wp\/v2\/users\/1"}],"replies":[{"embeddable":true,"href":"https:\/\/www.lamico.nl\/de\/wp-json\/wp\/v2\/comments?post=989"}],"version-history":[{"count":5,"href":"https:\/\/www.lamico.nl\/de\/wp-json\/wp\/v2\/pages\/989\/revisions"}],"predecessor-version":[{"id":1761,"href":"https:\/\/www.lamico.nl\/de\/wp-json\/wp\/v2\/pages\/989\/revisions\/1761"}],"up":[{"embeddable":true,"href":"https:\/\/www.lamico.nl\/de\/wp-json\/wp\/v2\/pages\/966"}],"wp:attachment":[{"href":"https:\/\/www.lamico.nl\/de\/wp-json\/wp\/v2\/media?parent=989"}],"curies":[{"name":"wp","href":"https:\/\/api.w.org\/{rel}","templated":true}]}}