{"id":970,"date":"2015-06-09T09:10:32","date_gmt":"2015-06-09T08:10:32","guid":{"rendered":"http:\/\/www.lamico.nl\/?page_id=970"},"modified":"2016-09-19T15:02:02","modified_gmt":"2016-09-19T13:02:02","slug":"hobeln","status":"publish","type":"page","link":"https:\/\/www.lamico.nl\/de\/produktion\/hobeln\/","title":{"rendered":"Hobeln"},"content":{"rendered":"<p>[vc_row][vc_column width=&#8221;1\/1&#8243;][vc_column_text]<\/p>\n<h2>Die Produktion von Halbfertigprodukten<\/h2>\n<p>Um schnelle Lieferzeiten garantieren zu k\u00f6nnen produzieren wir Halbfertigprodukte f\u00fcr unser Lager. Dabei handelt es sich um Standardplatten, die das ganze Jahr \u00fcber in konstanten Mengen in verschiedenen L\u00e4ngen produziert werden. Diese Platten produzieren wir in Serien mit 18 und 28 Millimeter St\u00e4rke.[\/vc_column_text][\/vc_column][\/vc_row][vc_row][vc_column width=&#8221;1\/4&#8243;][vc_column_text]<\/p>\n<p><img decoding=\"async\" class=\"alignnone size-full wp-image-877\" src=\"http:\/\/www.lamico.nl\/wp-content\/uploads\/2015\/06\/productie-schaven1.jpg\" alt=\"Schaven\" width=\"100%\" height=\"100%\" \/><\/p>\n<p>[\/vc_column_text][vc_column_text]<\/p>\n<p><img decoding=\"async\" class=\"alignnone size-large wp-image-1499\" src=\"\/wp-content\/uploads\/2015\/06\/powermat2500-1024x594.jpg\" alt=\"Powermat 2500\" width=\"100%\" height=\"100%\" \/><\/p>\n<p>[\/vc_column_text][\/vc_column][vc_column width=&#8221;3\/4&#8243;][vc_column_text]<\/p>\n<h3>Produktion<\/h3>\n<p>In selbst entworfenen Produktionsstra\u00dfen produzieren wir, bestandsgesteuert, unsere Standardplatten. Am Eingang zum Hobel werden Schnittholzpakete aufgesetztt. Nachdem die Balken zu Lamellen ges\u00e4gt und gehobelt wurden, werden die Lamellen der B-Qualit\u00e4t vom Sortierer und Former auf beiden Seiten der Rollenbahn anhand der Sortierkriterien f\u00fcr Lamellen aussortiert.<\/p>\n<h3>Feuchtigkeitsmessung<\/h3>\n<p>Der Maschinenf\u00fchrer f\u00fchrt bei jedem Schnittholzpaket an drei verschiedenen Stellen eine Feuchtigkeitsmessung durch. Damit wird festgestellt, ob das Schnittholz f\u00fcr die Verarbeitung geeignet ist.[\/vc_column_text][\/vc_column][\/vc_row]<\/p>\n","protected":false},"excerpt":{"rendered":"<p>[vc_row][vc_column width=&#8221;1\/1&#8243;][vc_column_text] Die Produktion von Halbfertigprodukten Um schnelle Lieferzeiten garantieren zu k\u00f6nnen produzieren wir Halbfertigprodukte f\u00fcr unser Lager. Dabei handelt es &#8230;<\/p>\n","protected":false},"author":1,"featured_media":0,"parent":966,"menu_order":0,"comment_status":"open","ping_status":"open","template":"","meta":{"footnotes":""},"class_list":["post-970","page","type-page","status-publish","hentry"],"yoast_head":"<!-- This site is optimized with the Yoast SEO plugin v22.3 - https:\/\/yoast.com\/wordpress\/plugins\/seo\/ -->\n<title>Hobeln - Lamico Leimholzplatten<\/title>\n<meta name=\"robots\" content=\"index, follow, max-snippet:-1, max-image-preview:large, max-video-preview:-1\" \/>\n<link rel=\"canonical\" href=\"https:\/\/www.lamico.nl\/de\/produktion\/hobeln\/\" \/>\n<meta property=\"og:locale\" content=\"de_DE\" \/>\n<meta property=\"og:type\" content=\"article\" \/>\n<meta property=\"og:title\" content=\"Hobeln - Lamico Leimholzplatten\" \/>\n<meta property=\"og:description\" content=\"[vc_row][vc_column width=&#8221;1\/1&#8243;][vc_column_text] Die Produktion von Halbfertigprodukten Um schnelle Lieferzeiten garantieren zu k\u00f6nnen produzieren wir Halbfertigprodukte f\u00fcr unser Lager. Dabei handelt es ...\" \/>\n<meta property=\"og:url\" content=\"https:\/\/www.lamico.nl\/de\/produktion\/hobeln\/\" \/>\n<meta property=\"og:site_name\" content=\"Lamico Leimholzplatten\" \/>\n<meta property=\"article:modified_time\" content=\"2016-09-19T13:02:02+00:00\" \/>\n<meta property=\"og:image\" content=\"http:\/\/www.lamico.nl\/wp-content\/uploads\/2015\/06\/productie-schaven1.jpg\" \/>\n<meta name=\"twitter:card\" content=\"summary_large_image\" \/>\n<meta name=\"twitter:label1\" content=\"Gesch\u00e4tzte Lesezeit\" \/>\n\t<meta name=\"twitter:data1\" content=\"1\u00a0Minute\" \/>\n<script type=\"application\/ld+json\" class=\"yoast-schema-graph\">{\"@context\":\"https:\/\/schema.org\",\"@graph\":[{\"@type\":\"WebPage\",\"@id\":\"https:\/\/www.lamico.nl\/de\/produktion\/hobeln\/\",\"url\":\"https:\/\/www.lamico.nl\/de\/produktion\/hobeln\/\",\"name\":\"Hobeln - Lamico Leimholzplatten\",\"isPartOf\":{\"@id\":\"https:\/\/www.lamico.nl\/de\/#website\"},\"primaryImageOfPage\":{\"@id\":\"https:\/\/www.lamico.nl\/de\/produktion\/hobeln\/#primaryimage\"},\"image\":{\"@id\":\"https:\/\/www.lamico.nl\/de\/produktion\/hobeln\/#primaryimage\"},\"thumbnailUrl\":\"http:\/\/www.lamico.nl\/wp-content\/uploads\/2015\/06\/productie-schaven1.jpg\",\"datePublished\":\"2015-06-09T08:10:32+00:00\",\"dateModified\":\"2016-09-19T13:02:02+00:00\",\"breadcrumb\":{\"@id\":\"https:\/\/www.lamico.nl\/de\/produktion\/hobeln\/#breadcrumb\"},\"inLanguage\":\"de\",\"potentialAction\":[{\"@type\":\"ReadAction\",\"target\":[\"https:\/\/www.lamico.nl\/de\/produktion\/hobeln\/\"]}]},{\"@type\":\"ImageObject\",\"inLanguage\":\"de\",\"@id\":\"https:\/\/www.lamico.nl\/de\/produktion\/hobeln\/#primaryimage\",\"url\":\"http:\/\/www.lamico.nl\/wp-content\/uploads\/2015\/06\/productie-schaven1.jpg\",\"contentUrl\":\"http:\/\/www.lamico.nl\/wp-content\/uploads\/2015\/06\/productie-schaven1.jpg\"},{\"@type\":\"BreadcrumbList\",\"@id\":\"https:\/\/www.lamico.nl\/de\/produktion\/hobeln\/#breadcrumb\",\"itemListElement\":[{\"@type\":\"ListItem\",\"position\":1,\"name\":\"Home\",\"item\":\"https:\/\/www.lamico.nl\/de\/\"},{\"@type\":\"ListItem\",\"position\":2,\"name\":\"Produktion\",\"item\":\"https:\/\/www.lamico.nl\/de\/produktion\/\"},{\"@type\":\"ListItem\",\"position\":3,\"name\":\"Hobeln\"}]},{\"@type\":\"WebSite\",\"@id\":\"https:\/\/www.lamico.nl\/de\/#website\",\"url\":\"https:\/\/www.lamico.nl\/de\/\",\"name\":\"Lamico Leimholzplatten\",\"description\":\"\",\"potentialAction\":[{\"@type\":\"SearchAction\",\"target\":{\"@type\":\"EntryPoint\",\"urlTemplate\":\"https:\/\/www.lamico.nl\/de\/?s={search_term_string}\"},\"query-input\":\"required name=search_term_string\"}],\"inLanguage\":\"de\"}]}<\/script>\n<!-- \/ Yoast SEO plugin. -->","yoast_head_json":{"title":"Hobeln - Lamico Leimholzplatten","robots":{"index":"index","follow":"follow","max-snippet":"max-snippet:-1","max-image-preview":"max-image-preview:large","max-video-preview":"max-video-preview:-1"},"canonical":"https:\/\/www.lamico.nl\/de\/produktion\/hobeln\/","og_locale":"de_DE","og_type":"article","og_title":"Hobeln - Lamico Leimholzplatten","og_description":"[vc_row][vc_column width=&#8221;1\/1&#8243;][vc_column_text] Die Produktion von Halbfertigprodukten Um schnelle Lieferzeiten garantieren zu k\u00f6nnen produzieren wir Halbfertigprodukte f\u00fcr unser Lager. Dabei handelt es ...","og_url":"https:\/\/www.lamico.nl\/de\/produktion\/hobeln\/","og_site_name":"Lamico Leimholzplatten","article_modified_time":"2016-09-19T13:02:02+00:00","og_image":[{"url":"http:\/\/www.lamico.nl\/wp-content\/uploads\/2015\/06\/productie-schaven1.jpg"}],"twitter_card":"summary_large_image","twitter_misc":{"Gesch\u00e4tzte Lesezeit":"1\u00a0Minute"},"schema":{"@context":"https:\/\/schema.org","@graph":[{"@type":"WebPage","@id":"https:\/\/www.lamico.nl\/de\/produktion\/hobeln\/","url":"https:\/\/www.lamico.nl\/de\/produktion\/hobeln\/","name":"Hobeln - Lamico Leimholzplatten","isPartOf":{"@id":"https:\/\/www.lamico.nl\/de\/#website"},"primaryImageOfPage":{"@id":"https:\/\/www.lamico.nl\/de\/produktion\/hobeln\/#primaryimage"},"image":{"@id":"https:\/\/www.lamico.nl\/de\/produktion\/hobeln\/#primaryimage"},"thumbnailUrl":"http:\/\/www.lamico.nl\/wp-content\/uploads\/2015\/06\/productie-schaven1.jpg","datePublished":"2015-06-09T08:10:32+00:00","dateModified":"2016-09-19T13:02:02+00:00","breadcrumb":{"@id":"https:\/\/www.lamico.nl\/de\/produktion\/hobeln\/#breadcrumb"},"inLanguage":"de","potentialAction":[{"@type":"ReadAction","target":["https:\/\/www.lamico.nl\/de\/produktion\/hobeln\/"]}]},{"@type":"ImageObject","inLanguage":"de","@id":"https:\/\/www.lamico.nl\/de\/produktion\/hobeln\/#primaryimage","url":"http:\/\/www.lamico.nl\/wp-content\/uploads\/2015\/06\/productie-schaven1.jpg","contentUrl":"http:\/\/www.lamico.nl\/wp-content\/uploads\/2015\/06\/productie-schaven1.jpg"},{"@type":"BreadcrumbList","@id":"https:\/\/www.lamico.nl\/de\/produktion\/hobeln\/#breadcrumb","itemListElement":[{"@type":"ListItem","position":1,"name":"Home","item":"https:\/\/www.lamico.nl\/de\/"},{"@type":"ListItem","position":2,"name":"Produktion","item":"https:\/\/www.lamico.nl\/de\/produktion\/"},{"@type":"ListItem","position":3,"name":"Hobeln"}]},{"@type":"WebSite","@id":"https:\/\/www.lamico.nl\/de\/#website","url":"https:\/\/www.lamico.nl\/de\/","name":"Lamico Leimholzplatten","description":"","potentialAction":[{"@type":"SearchAction","target":{"@type":"EntryPoint","urlTemplate":"https:\/\/www.lamico.nl\/de\/?s={search_term_string}"},"query-input":"required name=search_term_string"}],"inLanguage":"de"}]}},"_links":{"self":[{"href":"https:\/\/www.lamico.nl\/de\/wp-json\/wp\/v2\/pages\/970","targetHints":{"allow":["GET"]}}],"collection":[{"href":"https:\/\/www.lamico.nl\/de\/wp-json\/wp\/v2\/pages"}],"about":[{"href":"https:\/\/www.lamico.nl\/de\/wp-json\/wp\/v2\/types\/page"}],"author":[{"embeddable":true,"href":"https:\/\/www.lamico.nl\/de\/wp-json\/wp\/v2\/users\/1"}],"replies":[{"embeddable":true,"href":"https:\/\/www.lamico.nl\/de\/wp-json\/wp\/v2\/comments?post=970"}],"version-history":[{"count":4,"href":"https:\/\/www.lamico.nl\/de\/wp-json\/wp\/v2\/pages\/970\/revisions"}],"predecessor-version":[{"id":1734,"href":"https:\/\/www.lamico.nl\/de\/wp-json\/wp\/v2\/pages\/970\/revisions\/1734"}],"up":[{"embeddable":true,"href":"https:\/\/www.lamico.nl\/de\/wp-json\/wp\/v2\/pages\/966"}],"wp:attachment":[{"href":"https:\/\/www.lamico.nl\/de\/wp-json\/wp\/v2\/media?parent=970"}],"curies":[{"name":"wp","href":"https:\/\/api.w.org\/{rel}","templated":true}]}}