{"id":938,"date":"2015-06-08T11:31:11","date_gmt":"2015-06-08T10:31:11","guid":{"rendered":"http:\/\/www.lamico.nl\/?page_id=938"},"modified":"2016-09-19T15:31:44","modified_gmt":"2016-09-19T13:31:44","slug":"trocknen","status":"publish","type":"page","link":"https:\/\/www.lamico.nl\/de\/produktion\/trocknen\/","title":{"rendered":"Trocknen"},"content":{"rendered":"<p>[vc_row][vc_column width=&#8221;1\/1&#8243;][vc_column_text]<\/p>\n<h2>Trocknen<\/h2>\n<p>Unser Grundstoff, das rohe Holz, kommt bei uns nass und trocken an. Nasses, rohes Holz wird vor dem Verarbeiten getrocknet, weil der Feuchtigkeitsgehalt einen gro\u00dfen Einfluss auf die Qualit\u00e4t des Endproduktes hat.[\/vc_column_text][vc_column_text]<\/p>\n<p><img decoding=\"async\" class=\"alignnone size-large wp-image-1201\" src=\"http:\/\/www.lamico.nl\/wp-content\/uploads\/2015\/06\/productie03-1024x293.jpg\" alt=\"Drogen\" width=\"100%\" height=\"100%\" \/><\/p>\n<p>[\/vc_column_text][\/vc_column][\/vc_row][vc_row][vc_column width=&#8221;1\/6&#8243;][vc_column_text]<\/p>\n<p><img decoding=\"async\" class=\"alignnone size-full wp-image-873\" src=\"http:\/\/www.lamico.nl\/wp-content\/uploads\/2015\/06\/productie-drogen.jpg\" alt=\"Drogen\" width=\"100%\" height=\"100%\" \/><\/p>\n<p>[\/vc_column_text][vc_column_text]<\/p>\n<p><img decoding=\"async\" class=\"alignnone size-full wp-image-874\" src=\"http:\/\/www.lamico.nl\/wp-content\/uploads\/2015\/06\/productie-drogen2.jpg\" alt=\"Productieproces drogen\" width=\"100%\" height=\"100%\" \/><\/p>\n<p>[\/vc_column_text][\/vc_column][vc_column width=&#8221;5\/6&#8243;][vc_column_text]<\/p>\n<h3>Latten zwischen Balken legen<\/h3>\n<p>Bevor die Pakete mit rohem Holz getrocknet werden, werden Latten zwischen die Balken gelegt. Zwischen den einzelnen Schichten werden Latten eingef\u00fcgt, wodurch Raum zum Trocknen entsteht.<\/p>\n<h3>Feuchtigkeitsmessung<\/h3>\n<p>Lamico verf\u00fcgt \u00fcber zwei Trockenkammern, in denen das Holz trocknet. W\u00e4hrend des Trocknens wird der Feuchtigkeitsgehalt an acht Stellen in der Trockenkammer gemessen. So wird der Verlauf des Trocknungsprozesses genauestens kontrolliert. [\/vc_column_text][\/vc_column][\/vc_row]<\/p>\n","protected":false},"excerpt":{"rendered":"<p>[vc_row][vc_column width=&#8221;1\/1&#8243;][vc_column_text] Trocknen Unser Grundstoff, das rohe Holz, kommt bei uns nass und trocken an. Nasses, rohes Holz wird vor dem &#8230;<\/p>\n","protected":false},"author":1,"featured_media":0,"parent":966,"menu_order":0,"comment_status":"open","ping_status":"open","template":"","meta":{"footnotes":""},"class_list":["post-938","page","type-page","status-publish","hentry"],"yoast_head":"<!-- This site is optimized with the Yoast SEO plugin v22.3 - https:\/\/yoast.com\/wordpress\/plugins\/seo\/ -->\n<title>Trocknen - Lamico Leimholzplatten<\/title>\n<meta name=\"robots\" content=\"index, follow, max-snippet:-1, max-image-preview:large, max-video-preview:-1\" \/>\n<link rel=\"canonical\" href=\"https:\/\/www.lamico.nl\/de\/produktion\/trocknen\/\" \/>\n<meta property=\"og:locale\" content=\"de_DE\" \/>\n<meta property=\"og:type\" content=\"article\" \/>\n<meta property=\"og:title\" content=\"Trocknen - Lamico Leimholzplatten\" \/>\n<meta property=\"og:description\" content=\"[vc_row][vc_column width=&#8221;1\/1&#8243;][vc_column_text] Trocknen Unser Grundstoff, das rohe Holz, kommt bei uns nass und trocken an. Nasses, rohes Holz wird vor dem ...\" \/>\n<meta property=\"og:url\" content=\"https:\/\/www.lamico.nl\/de\/produktion\/trocknen\/\" \/>\n<meta property=\"og:site_name\" content=\"Lamico Leimholzplatten\" \/>\n<meta property=\"article:modified_time\" content=\"2016-09-19T13:31:44+00:00\" \/>\n<meta property=\"og:image\" content=\"http:\/\/www.lamico.nl\/wp-content\/uploads\/2015\/06\/productie03-1024x293.jpg\" \/>\n<meta name=\"twitter:card\" content=\"summary_large_image\" \/>\n<meta name=\"twitter:label1\" content=\"Gesch\u00e4tzte Lesezeit\" \/>\n\t<meta name=\"twitter:data1\" content=\"1\u00a0Minute\" \/>\n<script type=\"application\/ld+json\" class=\"yoast-schema-graph\">{\"@context\":\"https:\/\/schema.org\",\"@graph\":[{\"@type\":\"WebPage\",\"@id\":\"https:\/\/www.lamico.nl\/de\/produktion\/trocknen\/\",\"url\":\"https:\/\/www.lamico.nl\/de\/produktion\/trocknen\/\",\"name\":\"Trocknen - Lamico Leimholzplatten\",\"isPartOf\":{\"@id\":\"https:\/\/www.lamico.nl\/de\/#website\"},\"primaryImageOfPage\":{\"@id\":\"https:\/\/www.lamico.nl\/de\/produktion\/trocknen\/#primaryimage\"},\"image\":{\"@id\":\"https:\/\/www.lamico.nl\/de\/produktion\/trocknen\/#primaryimage\"},\"thumbnailUrl\":\"http:\/\/www.lamico.nl\/wp-content\/uploads\/2015\/06\/productie03-1024x293.jpg\",\"datePublished\":\"2015-06-08T10:31:11+00:00\",\"dateModified\":\"2016-09-19T13:31:44+00:00\",\"breadcrumb\":{\"@id\":\"https:\/\/www.lamico.nl\/de\/produktion\/trocknen\/#breadcrumb\"},\"inLanguage\":\"de\",\"potentialAction\":[{\"@type\":\"ReadAction\",\"target\":[\"https:\/\/www.lamico.nl\/de\/produktion\/trocknen\/\"]}]},{\"@type\":\"ImageObject\",\"inLanguage\":\"de\",\"@id\":\"https:\/\/www.lamico.nl\/de\/produktion\/trocknen\/#primaryimage\",\"url\":\"http:\/\/www.lamico.nl\/wp-content\/uploads\/2015\/06\/productie03-1024x293.jpg\",\"contentUrl\":\"http:\/\/www.lamico.nl\/wp-content\/uploads\/2015\/06\/productie03-1024x293.jpg\"},{\"@type\":\"BreadcrumbList\",\"@id\":\"https:\/\/www.lamico.nl\/de\/produktion\/trocknen\/#breadcrumb\",\"itemListElement\":[{\"@type\":\"ListItem\",\"position\":1,\"name\":\"Home\",\"item\":\"https:\/\/www.lamico.nl\/de\/\"},{\"@type\":\"ListItem\",\"position\":2,\"name\":\"Produktion\",\"item\":\"https:\/\/www.lamico.nl\/de\/produktion\/\"},{\"@type\":\"ListItem\",\"position\":3,\"name\":\"Trocknen\"}]},{\"@type\":\"WebSite\",\"@id\":\"https:\/\/www.lamico.nl\/de\/#website\",\"url\":\"https:\/\/www.lamico.nl\/de\/\",\"name\":\"Lamico Leimholzplatten\",\"description\":\"\",\"potentialAction\":[{\"@type\":\"SearchAction\",\"target\":{\"@type\":\"EntryPoint\",\"urlTemplate\":\"https:\/\/www.lamico.nl\/de\/?s={search_term_string}\"},\"query-input\":\"required name=search_term_string\"}],\"inLanguage\":\"de\"}]}<\/script>\n<!-- \/ Yoast SEO plugin. -->","yoast_head_json":{"title":"Trocknen - Lamico Leimholzplatten","robots":{"index":"index","follow":"follow","max-snippet":"max-snippet:-1","max-image-preview":"max-image-preview:large","max-video-preview":"max-video-preview:-1"},"canonical":"https:\/\/www.lamico.nl\/de\/produktion\/trocknen\/","og_locale":"de_DE","og_type":"article","og_title":"Trocknen - Lamico Leimholzplatten","og_description":"[vc_row][vc_column width=&#8221;1\/1&#8243;][vc_column_text] Trocknen Unser Grundstoff, das rohe Holz, kommt bei uns nass und trocken an. Nasses, rohes Holz wird vor dem ...","og_url":"https:\/\/www.lamico.nl\/de\/produktion\/trocknen\/","og_site_name":"Lamico Leimholzplatten","article_modified_time":"2016-09-19T13:31:44+00:00","og_image":[{"url":"http:\/\/www.lamico.nl\/wp-content\/uploads\/2015\/06\/productie03-1024x293.jpg"}],"twitter_card":"summary_large_image","twitter_misc":{"Gesch\u00e4tzte Lesezeit":"1\u00a0Minute"},"schema":{"@context":"https:\/\/schema.org","@graph":[{"@type":"WebPage","@id":"https:\/\/www.lamico.nl\/de\/produktion\/trocknen\/","url":"https:\/\/www.lamico.nl\/de\/produktion\/trocknen\/","name":"Trocknen - Lamico Leimholzplatten","isPartOf":{"@id":"https:\/\/www.lamico.nl\/de\/#website"},"primaryImageOfPage":{"@id":"https:\/\/www.lamico.nl\/de\/produktion\/trocknen\/#primaryimage"},"image":{"@id":"https:\/\/www.lamico.nl\/de\/produktion\/trocknen\/#primaryimage"},"thumbnailUrl":"http:\/\/www.lamico.nl\/wp-content\/uploads\/2015\/06\/productie03-1024x293.jpg","datePublished":"2015-06-08T10:31:11+00:00","dateModified":"2016-09-19T13:31:44+00:00","breadcrumb":{"@id":"https:\/\/www.lamico.nl\/de\/produktion\/trocknen\/#breadcrumb"},"inLanguage":"de","potentialAction":[{"@type":"ReadAction","target":["https:\/\/www.lamico.nl\/de\/produktion\/trocknen\/"]}]},{"@type":"ImageObject","inLanguage":"de","@id":"https:\/\/www.lamico.nl\/de\/produktion\/trocknen\/#primaryimage","url":"http:\/\/www.lamico.nl\/wp-content\/uploads\/2015\/06\/productie03-1024x293.jpg","contentUrl":"http:\/\/www.lamico.nl\/wp-content\/uploads\/2015\/06\/productie03-1024x293.jpg"},{"@type":"BreadcrumbList","@id":"https:\/\/www.lamico.nl\/de\/produktion\/trocknen\/#breadcrumb","itemListElement":[{"@type":"ListItem","position":1,"name":"Home","item":"https:\/\/www.lamico.nl\/de\/"},{"@type":"ListItem","position":2,"name":"Produktion","item":"https:\/\/www.lamico.nl\/de\/produktion\/"},{"@type":"ListItem","position":3,"name":"Trocknen"}]},{"@type":"WebSite","@id":"https:\/\/www.lamico.nl\/de\/#website","url":"https:\/\/www.lamico.nl\/de\/","name":"Lamico Leimholzplatten","description":"","potentialAction":[{"@type":"SearchAction","target":{"@type":"EntryPoint","urlTemplate":"https:\/\/www.lamico.nl\/de\/?s={search_term_string}"},"query-input":"required name=search_term_string"}],"inLanguage":"de"}]}},"_links":{"self":[{"href":"https:\/\/www.lamico.nl\/de\/wp-json\/wp\/v2\/pages\/938","targetHints":{"allow":["GET"]}}],"collection":[{"href":"https:\/\/www.lamico.nl\/de\/wp-json\/wp\/v2\/pages"}],"about":[{"href":"https:\/\/www.lamico.nl\/de\/wp-json\/wp\/v2\/types\/page"}],"author":[{"embeddable":true,"href":"https:\/\/www.lamico.nl\/de\/wp-json\/wp\/v2\/users\/1"}],"replies":[{"embeddable":true,"href":"https:\/\/www.lamico.nl\/de\/wp-json\/wp\/v2\/comments?post=938"}],"version-history":[{"count":5,"href":"https:\/\/www.lamico.nl\/de\/wp-json\/wp\/v2\/pages\/938\/revisions"}],"predecessor-version":[{"id":1739,"href":"https:\/\/www.lamico.nl\/de\/wp-json\/wp\/v2\/pages\/938\/revisions\/1739"}],"up":[{"embeddable":true,"href":"https:\/\/www.lamico.nl\/de\/wp-json\/wp\/v2\/pages\/966"}],"wp:attachment":[{"href":"https:\/\/www.lamico.nl\/de\/wp-json\/wp\/v2\/media?parent=938"}],"curies":[{"name":"wp","href":"https:\/\/api.w.org\/{rel}","templated":true}]}}