{"id":905,"date":"2015-06-08T11:02:49","date_gmt":"2015-06-08T10:02:49","guid":{"rendered":"http:\/\/www.lamico.nl\/?page_id=905"},"modified":"2016-09-19T14:56:52","modified_gmt":"2016-09-19T12:56:52","slug":"treppenholz","status":"publish","type":"page","link":"https:\/\/www.lamico.nl\/de\/produkte\/treppenholz\/","title":{"rendered":"Treppenholz"},"content":{"rendered":"<p>[vc_row][vc_column width=&#8221;2\/3&#8243;][vc_column_text]<\/p>\n<h2>Treppenholz<\/h2>\n<p>Leimholzplatten als ein qualitativ hochwertiges Produkt f\u00fcr Ihre Treppen.<\/p>\n<h3>Sie sparen erheblich an Ihren Produktionskosten.<\/h3>\n<ul>\n<li>Lange L\u00e4ngen bis zu 6000 mm. Breiten von 200mm bis 1230mm. Gro\u00dfformatplatten z.B. 1230x5000mm sind m\u00f6glich. .<\/li>\n<li>St\u00e4rken 38 mm bis 44 mm. Bitte fragen Sie uns nach unseren M\u00f6glichkeiten.<\/li>\n<li>Wir k\u00f6nnen unsere Produkte nach FSC- oder PEFC zertifiziert liefern.<\/li>\n<\/ul>\n<p>[\/vc_column_text][\/vc_column][vc_column width=&#8221;1\/3&#8243;][vc_column_text]<\/p>\n<p><img decoding=\"async\" class=\"alignnone size-full wp-image-1537\" src=\"\/wp-content\/uploads\/2015\/06\/trap-comp.jpg\" alt=\"Trappenhout\" width=\"100%\" height=\"100%\" \/><\/p>\n<p>[\/vc_column_text][\/vc_column][\/vc_row][vc_row row_id=&#8221;&#8221; row_type=&#8221;row_center_content&#8221; bg_color=&#8221;&#8221; row_meta_color=&#8221;&#8221; bg_image=&#8221;&#8221; bg_position=&#8221;left top&#8221; bg_repeat=&#8221;no-repeat&#8221; row_parallax=&#8221;&#8221; row_video_bg=&#8221;&#8221; bg_video_mp4=&#8221;&#8221; bg_video_ogv=&#8221;&#8221; bg_video_webm=&#8221;&#8221; row_color_overlay=&#8221;&#8221; row_text_color=&#8221;row_text_select&#8221; row_custom_text_color=&#8221;&#8221; border_color=&#8221;&#8221; border_style=&#8221;solid&#8221; border_width=&#8221;&#8221; margin_top=&#8221;&#8221; margin_bottom=&#8221;&#8221; padding_top=&#8221;&#8221; padding_bottom=&#8221;&#8221; padding_left=&#8221;&#8221; padding_right=&#8221;&#8221; class=&#8221;&#8221;][vc_column width=&#8221;1\/1&#8243;][vc_column_text]<br \/>\n[\/vc_column_text][vc_column_text]<\/p>\n<p><img decoding=\"async\" class=\"alignnone size-large wp-image-1322\" src=\"http:\/\/www.lamico.nl\/wp-content\/uploads\/2015\/06\/slider_05-1024x267.jpg\" alt=\"Trappenhout\" width=\"100%\" height=\"100%\" \/><\/p>\n<p>[\/vc_column_text][\/vc_column][\/vc_row]<\/p>\n","protected":false},"excerpt":{"rendered":"<p>[vc_row][vc_column width=&#8221;2\/3&#8243;][vc_column_text] Treppenholz Leimholzplatten als ein qualitativ hochwertiges Produkt f\u00fcr Ihre Treppen. Sie sparen erheblich an Ihren Produktionskosten. Lange L\u00e4ngen bis &#8230;<\/p>\n","protected":false},"author":1,"featured_media":0,"parent":899,"menu_order":0,"comment_status":"open","ping_status":"open","template":"","meta":{"footnotes":""},"class_list":["post-905","page","type-page","status-publish","hentry"],"yoast_head":"<!-- This site is optimized with the Yoast SEO plugin v22.3 - https:\/\/yoast.com\/wordpress\/plugins\/seo\/ -->\n<title>Treppenholz - Lamico Leimholzplatten<\/title>\n<meta name=\"robots\" content=\"index, follow, max-snippet:-1, max-image-preview:large, max-video-preview:-1\" \/>\n<link rel=\"canonical\" href=\"https:\/\/www.lamico.nl\/de\/produkte\/treppenholz\/\" \/>\n<meta property=\"og:locale\" content=\"de_DE\" \/>\n<meta property=\"og:type\" content=\"article\" \/>\n<meta property=\"og:title\" content=\"Treppenholz - Lamico Leimholzplatten\" \/>\n<meta property=\"og:description\" content=\"[vc_row][vc_column width=&#8221;2\/3&#8243;][vc_column_text] Treppenholz Leimholzplatten als ein qualitativ hochwertiges Produkt f\u00fcr Ihre Treppen. Sie sparen erheblich an Ihren Produktionskosten. Lange L\u00e4ngen bis ...\" \/>\n<meta property=\"og:url\" content=\"https:\/\/www.lamico.nl\/de\/produkte\/treppenholz\/\" \/>\n<meta property=\"og:site_name\" content=\"Lamico Leimholzplatten\" \/>\n<meta property=\"article:modified_time\" content=\"2016-09-19T12:56:52+00:00\" \/>\n<meta property=\"og:image\" content=\"https:\/\/www.lamico.nl\/wp-content\/uploads\/2015\/06\/trap-comp.jpg\" \/>\n<meta name=\"twitter:card\" content=\"summary_large_image\" \/>\n<meta name=\"twitter:label1\" content=\"Gesch\u00e4tzte Lesezeit\" \/>\n\t<meta name=\"twitter:data1\" content=\"1\u00a0Minute\" \/>\n<script type=\"application\/ld+json\" class=\"yoast-schema-graph\">{\"@context\":\"https:\/\/schema.org\",\"@graph\":[{\"@type\":\"WebPage\",\"@id\":\"https:\/\/www.lamico.nl\/de\/produkte\/treppenholz\/\",\"url\":\"https:\/\/www.lamico.nl\/de\/produkte\/treppenholz\/\",\"name\":\"Treppenholz - Lamico Leimholzplatten\",\"isPartOf\":{\"@id\":\"https:\/\/www.lamico.nl\/de\/#website\"},\"primaryImageOfPage\":{\"@id\":\"https:\/\/www.lamico.nl\/de\/produkte\/treppenholz\/#primaryimage\"},\"image\":{\"@id\":\"https:\/\/www.lamico.nl\/de\/produkte\/treppenholz\/#primaryimage\"},\"thumbnailUrl\":\"http:\/\/www.lamico.nl\/wp-content\/uploads\/2015\/06\/slider_05-1024x267.jpg\",\"datePublished\":\"2015-06-08T10:02:49+00:00\",\"dateModified\":\"2016-09-19T12:56:52+00:00\",\"breadcrumb\":{\"@id\":\"https:\/\/www.lamico.nl\/de\/produkte\/treppenholz\/#breadcrumb\"},\"inLanguage\":\"de\",\"potentialAction\":[{\"@type\":\"ReadAction\",\"target\":[\"https:\/\/www.lamico.nl\/de\/produkte\/treppenholz\/\"]}]},{\"@type\":\"ImageObject\",\"inLanguage\":\"de\",\"@id\":\"https:\/\/www.lamico.nl\/de\/produkte\/treppenholz\/#primaryimage\",\"url\":\"http:\/\/www.lamico.nl\/wp-content\/uploads\/2015\/06\/slider_05-1024x267.jpg\",\"contentUrl\":\"http:\/\/www.lamico.nl\/wp-content\/uploads\/2015\/06\/slider_05-1024x267.jpg\"},{\"@type\":\"BreadcrumbList\",\"@id\":\"https:\/\/www.lamico.nl\/de\/produkte\/treppenholz\/#breadcrumb\",\"itemListElement\":[{\"@type\":\"ListItem\",\"position\":1,\"name\":\"Home\",\"item\":\"https:\/\/www.lamico.nl\/de\/\"},{\"@type\":\"ListItem\",\"position\":2,\"name\":\"Produkte\",\"item\":\"https:\/\/www.lamico.nl\/de\/produkte\/\"},{\"@type\":\"ListItem\",\"position\":3,\"name\":\"Treppenholz\"}]},{\"@type\":\"WebSite\",\"@id\":\"https:\/\/www.lamico.nl\/de\/#website\",\"url\":\"https:\/\/www.lamico.nl\/de\/\",\"name\":\"Lamico Leimholzplatten\",\"description\":\"\",\"potentialAction\":[{\"@type\":\"SearchAction\",\"target\":{\"@type\":\"EntryPoint\",\"urlTemplate\":\"https:\/\/www.lamico.nl\/de\/?s={search_term_string}\"},\"query-input\":\"required name=search_term_string\"}],\"inLanguage\":\"de\"}]}<\/script>\n<!-- \/ Yoast SEO plugin. -->","yoast_head_json":{"title":"Treppenholz - Lamico Leimholzplatten","robots":{"index":"index","follow":"follow","max-snippet":"max-snippet:-1","max-image-preview":"max-image-preview:large","max-video-preview":"max-video-preview:-1"},"canonical":"https:\/\/www.lamico.nl\/de\/produkte\/treppenholz\/","og_locale":"de_DE","og_type":"article","og_title":"Treppenholz - Lamico Leimholzplatten","og_description":"[vc_row][vc_column width=&#8221;2\/3&#8243;][vc_column_text] Treppenholz Leimholzplatten als ein qualitativ hochwertiges Produkt f\u00fcr Ihre Treppen. Sie sparen erheblich an Ihren Produktionskosten. Lange L\u00e4ngen bis ...","og_url":"https:\/\/www.lamico.nl\/de\/produkte\/treppenholz\/","og_site_name":"Lamico Leimholzplatten","article_modified_time":"2016-09-19T12:56:52+00:00","og_image":[{"url":"https:\/\/www.lamico.nl\/wp-content\/uploads\/2015\/06\/trap-comp.jpg"}],"twitter_card":"summary_large_image","twitter_misc":{"Gesch\u00e4tzte Lesezeit":"1\u00a0Minute"},"schema":{"@context":"https:\/\/schema.org","@graph":[{"@type":"WebPage","@id":"https:\/\/www.lamico.nl\/de\/produkte\/treppenholz\/","url":"https:\/\/www.lamico.nl\/de\/produkte\/treppenholz\/","name":"Treppenholz - Lamico Leimholzplatten","isPartOf":{"@id":"https:\/\/www.lamico.nl\/de\/#website"},"primaryImageOfPage":{"@id":"https:\/\/www.lamico.nl\/de\/produkte\/treppenholz\/#primaryimage"},"image":{"@id":"https:\/\/www.lamico.nl\/de\/produkte\/treppenholz\/#primaryimage"},"thumbnailUrl":"http:\/\/www.lamico.nl\/wp-content\/uploads\/2015\/06\/slider_05-1024x267.jpg","datePublished":"2015-06-08T10:02:49+00:00","dateModified":"2016-09-19T12:56:52+00:00","breadcrumb":{"@id":"https:\/\/www.lamico.nl\/de\/produkte\/treppenholz\/#breadcrumb"},"inLanguage":"de","potentialAction":[{"@type":"ReadAction","target":["https:\/\/www.lamico.nl\/de\/produkte\/treppenholz\/"]}]},{"@type":"ImageObject","inLanguage":"de","@id":"https:\/\/www.lamico.nl\/de\/produkte\/treppenholz\/#primaryimage","url":"http:\/\/www.lamico.nl\/wp-content\/uploads\/2015\/06\/slider_05-1024x267.jpg","contentUrl":"http:\/\/www.lamico.nl\/wp-content\/uploads\/2015\/06\/slider_05-1024x267.jpg"},{"@type":"BreadcrumbList","@id":"https:\/\/www.lamico.nl\/de\/produkte\/treppenholz\/#breadcrumb","itemListElement":[{"@type":"ListItem","position":1,"name":"Home","item":"https:\/\/www.lamico.nl\/de\/"},{"@type":"ListItem","position":2,"name":"Produkte","item":"https:\/\/www.lamico.nl\/de\/produkte\/"},{"@type":"ListItem","position":3,"name":"Treppenholz"}]},{"@type":"WebSite","@id":"https:\/\/www.lamico.nl\/de\/#website","url":"https:\/\/www.lamico.nl\/de\/","name":"Lamico Leimholzplatten","description":"","potentialAction":[{"@type":"SearchAction","target":{"@type":"EntryPoint","urlTemplate":"https:\/\/www.lamico.nl\/de\/?s={search_term_string}"},"query-input":"required name=search_term_string"}],"inLanguage":"de"}]}},"_links":{"self":[{"href":"https:\/\/www.lamico.nl\/de\/wp-json\/wp\/v2\/pages\/905","targetHints":{"allow":["GET"]}}],"collection":[{"href":"https:\/\/www.lamico.nl\/de\/wp-json\/wp\/v2\/pages"}],"about":[{"href":"https:\/\/www.lamico.nl\/de\/wp-json\/wp\/v2\/types\/page"}],"author":[{"embeddable":true,"href":"https:\/\/www.lamico.nl\/de\/wp-json\/wp\/v2\/users\/1"}],"replies":[{"embeddable":true,"href":"https:\/\/www.lamico.nl\/de\/wp-json\/wp\/v2\/comments?post=905"}],"version-history":[{"count":4,"href":"https:\/\/www.lamico.nl\/de\/wp-json\/wp\/v2\/pages\/905\/revisions"}],"predecessor-version":[{"id":1732,"href":"https:\/\/www.lamico.nl\/de\/wp-json\/wp\/v2\/pages\/905\/revisions\/1732"}],"up":[{"embeddable":true,"href":"https:\/\/www.lamico.nl\/de\/wp-json\/wp\/v2\/pages\/899"}],"wp:attachment":[{"href":"https:\/\/www.lamico.nl\/de\/wp-json\/wp\/v2\/media?parent=905"}],"curies":[{"name":"wp","href":"https:\/\/api.w.org\/{rel}","templated":true}]}}