{"id":902,"date":"2015-06-08T10:51:33","date_gmt":"2015-06-08T09:51:33","guid":{"rendered":"http:\/\/www.lamico.nl\/?page_id=902"},"modified":"2016-10-26T15:50:04","modified_gmt":"2016-10-26T13:50:04","slug":"kasebretter","status":"publish","type":"page","link":"https:\/\/www.lamico.nl\/de\/produkte\/kasebretter\/","title":{"rendered":"K\u00e4sebretter"},"content":{"rendered":"<p>[vc_row][vc_column][vc_column_text]<\/p>\n<h3>K\u00e4sebretter<\/h3>\n<p>K\u00e4se muss nach der Herstellung einige Zeit reifen. Das geschieht in K\u00e4selagern oder auf K\u00e4sebauernh\u00f6fen. Dort liegen die K\u00e4se auf speziellen K\u00e4sebrettern. Wir verf\u00fcgen \u00fcber eine jahrzehntelange Erfahrung in der Herstellung dieser K\u00e4sebretter f\u00fcr K\u00e4sefabriken und die kommerzielle Lagerung.[\/vc_column_text][vc_column_text]<\/p>\n<p><img decoding=\"async\" class=\"alignnone size-full wp-image-1187\" src=\"http:\/\/www.lamico.nl\/wp-content\/uploads\/2015\/06\/kaas01.jpg\" alt=\"Kaasplanken\" width=\"100%\" height=\"100%\" \/><\/p>\n<p>[\/vc_column_text][\/vc_column][\/vc_row][vc_row][vc_column width=&#8221;1\/4&#8243;][vc_column_text]<\/p>\n<p><img loading=\"lazy\" decoding=\"async\" class=\"alignnone size-full wp-image-1509\" src=\"\/wp-content\/uploads\/2015\/06\/kaas-heftruck.jpg\" alt=\"Kaas heftruck\" width=\"200\" height=\"133\" \/><\/p>\n<p>[\/vc_column_text][vc_column_text]<\/p>\n<p><img decoding=\"async\" class=\"alignnone size-full wp-image-1112\" src=\"http:\/\/www.lamico.nl\/wp-content\/uploads\/2015\/02\/afb_04.jpg\" alt=\"Machine\" width=\"100%\" height=\"100%\" \/><\/p>\n<p>[\/vc_column_text][vc_column_text]<\/p>\n<p><img decoding=\"async\" class=\"alignnone size-full wp-image-1022\" src=\"http:\/\/www.lamico.nl\/wp-content\/uploads\/2015\/06\/kaas.jpg\" alt=\"Kaasplanken\" width=\"100%\" height=\"100%\" \/><\/p>\n<p>[\/vc_column_text][\/vc_column][vc_column width=&#8221;3\/4&#8243;][vc_column_text]<\/p>\n<h3><img loading=\"lazy\" decoding=\"async\" class=\" size-full wp-image-1511 alignright\" src=\"http:\/\/www.lamico.nl\/wp-content\/uploads\/2015\/06\/kaas-klein.jpg\" alt=\"kaas-klein\" width=\"99\" height=\"133\" \/>Ausf\u00fchrungen<\/h3>\n<p>K\u00e4sebretter werden aus speziell selektierter nordeurop\u00e4ischer Fichte hergestellt. F\u00fcr die verschiedenen Ausf\u00fchrungen an K\u00e4sebrettern k\u00f6nnen wir das Holz auf alle gew\u00fcnschten Arten bearbeiten. Wir k\u00f6nnen z. B. schr\u00e4ge Ecken anbringen und die Stirnseiten und die L\u00e4ngsseite schr\u00e4g anfr\u00e4sen. Auf diese Weise produzieren wir K\u00e4sebretter in diversen Ausf\u00fchrungen.<\/p>\n<h3>Technische Aspekte<\/h3>\n<ul>\n<li>Auf Wunsch werden die Harzg\u00e4nge entfernt und mit einem einfachen Keil aus Fichtenholz versehen, der mit einer F\u00fcllpaste verschlossen wird, die frei von \u00d6l und giftigen Stoffen ist<\/li>\n<li>Die Verleimung erfolgt nach DIN EN 204-D4.<\/li>\n<\/ul>\n<p><img loading=\"lazy\" decoding=\"async\" class=\"alignnone size-full wp-image-1768\" src=\"http:\/\/www.lamico.nl\/de\/wp-content\/uploads\/sites\/8\/2015\/06\/logo-isega.jpg\" alt=\"logo-isega\" width=\"88\" height=\"85\" \/>\u00a0 <em>&#8220;Cheese boards food safety EU Regulations&#8221;<\/em>[\/vc_column_text][\/vc_column][\/vc_row]<\/p>\n","protected":false},"excerpt":{"rendered":"<p>[vc_row][vc_column][vc_column_text] K\u00e4sebretter K\u00e4se muss nach der Herstellung einige Zeit reifen. Das geschieht in K\u00e4selagern oder auf K\u00e4sebauernh\u00f6fen. Dort liegen die K\u00e4se &#8230;<\/p>\n","protected":false},"author":1,"featured_media":0,"parent":899,"menu_order":0,"comment_status":"open","ping_status":"open","template":"","meta":{"footnotes":""},"class_list":["post-902","page","type-page","status-publish","hentry"],"yoast_head":"<!-- This site is optimized with the Yoast SEO plugin v22.3 - https:\/\/yoast.com\/wordpress\/plugins\/seo\/ -->\n<title>K\u00e4sebretter - Lamico Leimholzplatten<\/title>\n<meta name=\"robots\" content=\"index, follow, max-snippet:-1, max-image-preview:large, max-video-preview:-1\" \/>\n<link rel=\"canonical\" href=\"https:\/\/www.lamico.nl\/de\/produkte\/kasebretter\/\" \/>\n<meta property=\"og:locale\" content=\"de_DE\" \/>\n<meta property=\"og:type\" content=\"article\" \/>\n<meta property=\"og:title\" content=\"K\u00e4sebretter - Lamico Leimholzplatten\" \/>\n<meta property=\"og:description\" content=\"[vc_row][vc_column][vc_column_text] K\u00e4sebretter K\u00e4se muss nach der Herstellung einige Zeit reifen. Das geschieht in K\u00e4selagern oder auf K\u00e4sebauernh\u00f6fen. Dort liegen die K\u00e4se ...\" \/>\n<meta property=\"og:url\" content=\"https:\/\/www.lamico.nl\/de\/produkte\/kasebretter\/\" \/>\n<meta property=\"og:site_name\" content=\"Lamico Leimholzplatten\" \/>\n<meta property=\"article:modified_time\" content=\"2016-10-26T13:50:04+00:00\" \/>\n<meta property=\"og:image\" content=\"http:\/\/www.lamico.nl\/wp-content\/uploads\/2015\/06\/kaas01.jpg\" \/>\n<meta name=\"twitter:card\" content=\"summary_large_image\" \/>\n<meta name=\"twitter:label1\" content=\"Gesch\u00e4tzte Lesezeit\" \/>\n\t<meta name=\"twitter:data1\" content=\"1\u00a0Minute\" \/>\n<script type=\"application\/ld+json\" class=\"yoast-schema-graph\">{\"@context\":\"https:\/\/schema.org\",\"@graph\":[{\"@type\":\"WebPage\",\"@id\":\"https:\/\/www.lamico.nl\/de\/produkte\/kasebretter\/\",\"url\":\"https:\/\/www.lamico.nl\/de\/produkte\/kasebretter\/\",\"name\":\"K\u00e4sebretter - Lamico Leimholzplatten\",\"isPartOf\":{\"@id\":\"https:\/\/www.lamico.nl\/de\/#website\"},\"primaryImageOfPage\":{\"@id\":\"https:\/\/www.lamico.nl\/de\/produkte\/kasebretter\/#primaryimage\"},\"image\":{\"@id\":\"https:\/\/www.lamico.nl\/de\/produkte\/kasebretter\/#primaryimage\"},\"thumbnailUrl\":\"http:\/\/www.lamico.nl\/wp-content\/uploads\/2015\/06\/kaas01.jpg\",\"datePublished\":\"2015-06-08T09:51:33+00:00\",\"dateModified\":\"2016-10-26T13:50:04+00:00\",\"breadcrumb\":{\"@id\":\"https:\/\/www.lamico.nl\/de\/produkte\/kasebretter\/#breadcrumb\"},\"inLanguage\":\"de\",\"potentialAction\":[{\"@type\":\"ReadAction\",\"target\":[\"https:\/\/www.lamico.nl\/de\/produkte\/kasebretter\/\"]}]},{\"@type\":\"ImageObject\",\"inLanguage\":\"de\",\"@id\":\"https:\/\/www.lamico.nl\/de\/produkte\/kasebretter\/#primaryimage\",\"url\":\"http:\/\/www.lamico.nl\/wp-content\/uploads\/2015\/06\/kaas01.jpg\",\"contentUrl\":\"http:\/\/www.lamico.nl\/wp-content\/uploads\/2015\/06\/kaas01.jpg\"},{\"@type\":\"BreadcrumbList\",\"@id\":\"https:\/\/www.lamico.nl\/de\/produkte\/kasebretter\/#breadcrumb\",\"itemListElement\":[{\"@type\":\"ListItem\",\"position\":1,\"name\":\"Home\",\"item\":\"https:\/\/www.lamico.nl\/de\/\"},{\"@type\":\"ListItem\",\"position\":2,\"name\":\"Produkte\",\"item\":\"https:\/\/www.lamico.nl\/de\/produkte\/\"},{\"@type\":\"ListItem\",\"position\":3,\"name\":\"K\u00e4sebretter\"}]},{\"@type\":\"WebSite\",\"@id\":\"https:\/\/www.lamico.nl\/de\/#website\",\"url\":\"https:\/\/www.lamico.nl\/de\/\",\"name\":\"Lamico Leimholzplatten\",\"description\":\"\",\"potentialAction\":[{\"@type\":\"SearchAction\",\"target\":{\"@type\":\"EntryPoint\",\"urlTemplate\":\"https:\/\/www.lamico.nl\/de\/?s={search_term_string}\"},\"query-input\":\"required name=search_term_string\"}],\"inLanguage\":\"de\"}]}<\/script>\n<!-- \/ Yoast SEO plugin. -->","yoast_head_json":{"title":"K\u00e4sebretter - Lamico Leimholzplatten","robots":{"index":"index","follow":"follow","max-snippet":"max-snippet:-1","max-image-preview":"max-image-preview:large","max-video-preview":"max-video-preview:-1"},"canonical":"https:\/\/www.lamico.nl\/de\/produkte\/kasebretter\/","og_locale":"de_DE","og_type":"article","og_title":"K\u00e4sebretter - Lamico Leimholzplatten","og_description":"[vc_row][vc_column][vc_column_text] K\u00e4sebretter K\u00e4se muss nach der Herstellung einige Zeit reifen. Das geschieht in K\u00e4selagern oder auf K\u00e4sebauernh\u00f6fen. Dort liegen die K\u00e4se ...","og_url":"https:\/\/www.lamico.nl\/de\/produkte\/kasebretter\/","og_site_name":"Lamico Leimholzplatten","article_modified_time":"2016-10-26T13:50:04+00:00","og_image":[{"url":"http:\/\/www.lamico.nl\/wp-content\/uploads\/2015\/06\/kaas01.jpg"}],"twitter_card":"summary_large_image","twitter_misc":{"Gesch\u00e4tzte Lesezeit":"1\u00a0Minute"},"schema":{"@context":"https:\/\/schema.org","@graph":[{"@type":"WebPage","@id":"https:\/\/www.lamico.nl\/de\/produkte\/kasebretter\/","url":"https:\/\/www.lamico.nl\/de\/produkte\/kasebretter\/","name":"K\u00e4sebretter - Lamico Leimholzplatten","isPartOf":{"@id":"https:\/\/www.lamico.nl\/de\/#website"},"primaryImageOfPage":{"@id":"https:\/\/www.lamico.nl\/de\/produkte\/kasebretter\/#primaryimage"},"image":{"@id":"https:\/\/www.lamico.nl\/de\/produkte\/kasebretter\/#primaryimage"},"thumbnailUrl":"http:\/\/www.lamico.nl\/wp-content\/uploads\/2015\/06\/kaas01.jpg","datePublished":"2015-06-08T09:51:33+00:00","dateModified":"2016-10-26T13:50:04+00:00","breadcrumb":{"@id":"https:\/\/www.lamico.nl\/de\/produkte\/kasebretter\/#breadcrumb"},"inLanguage":"de","potentialAction":[{"@type":"ReadAction","target":["https:\/\/www.lamico.nl\/de\/produkte\/kasebretter\/"]}]},{"@type":"ImageObject","inLanguage":"de","@id":"https:\/\/www.lamico.nl\/de\/produkte\/kasebretter\/#primaryimage","url":"http:\/\/www.lamico.nl\/wp-content\/uploads\/2015\/06\/kaas01.jpg","contentUrl":"http:\/\/www.lamico.nl\/wp-content\/uploads\/2015\/06\/kaas01.jpg"},{"@type":"BreadcrumbList","@id":"https:\/\/www.lamico.nl\/de\/produkte\/kasebretter\/#breadcrumb","itemListElement":[{"@type":"ListItem","position":1,"name":"Home","item":"https:\/\/www.lamico.nl\/de\/"},{"@type":"ListItem","position":2,"name":"Produkte","item":"https:\/\/www.lamico.nl\/de\/produkte\/"},{"@type":"ListItem","position":3,"name":"K\u00e4sebretter"}]},{"@type":"WebSite","@id":"https:\/\/www.lamico.nl\/de\/#website","url":"https:\/\/www.lamico.nl\/de\/","name":"Lamico Leimholzplatten","description":"","potentialAction":[{"@type":"SearchAction","target":{"@type":"EntryPoint","urlTemplate":"https:\/\/www.lamico.nl\/de\/?s={search_term_string}"},"query-input":"required name=search_term_string"}],"inLanguage":"de"}]}},"_links":{"self":[{"href":"https:\/\/www.lamico.nl\/de\/wp-json\/wp\/v2\/pages\/902","targetHints":{"allow":["GET"]}}],"collection":[{"href":"https:\/\/www.lamico.nl\/de\/wp-json\/wp\/v2\/pages"}],"about":[{"href":"https:\/\/www.lamico.nl\/de\/wp-json\/wp\/v2\/types\/page"}],"author":[{"embeddable":true,"href":"https:\/\/www.lamico.nl\/de\/wp-json\/wp\/v2\/users\/1"}],"replies":[{"embeddable":true,"href":"https:\/\/www.lamico.nl\/de\/wp-json\/wp\/v2\/comments?post=902"}],"version-history":[{"count":7,"href":"https:\/\/www.lamico.nl\/de\/wp-json\/wp\/v2\/pages\/902\/revisions"}],"predecessor-version":[{"id":1774,"href":"https:\/\/www.lamico.nl\/de\/wp-json\/wp\/v2\/pages\/902\/revisions\/1774"}],"up":[{"embeddable":true,"href":"https:\/\/www.lamico.nl\/de\/wp-json\/wp\/v2\/pages\/899"}],"wp:attachment":[{"href":"https:\/\/www.lamico.nl\/de\/wp-json\/wp\/v2\/media?parent=902"}],"curies":[{"name":"wp","href":"https:\/\/api.w.org\/{rel}","templated":true}]}}