{"id":899,"date":"2015-06-08T10:48:39","date_gmt":"2015-06-08T09:48:39","guid":{"rendered":"http:\/\/www.lamico.nl\/?page_id=899"},"modified":"2017-11-10T09:36:06","modified_gmt":"2017-11-10T08:36:06","slug":"produkte","status":"publish","type":"page","link":"https:\/\/www.lamico.nl\/de\/produkte\/","title":{"rendered":"Produkte"},"content":{"rendered":"<p>[vc_row][vc_column][vc_column_text]<\/p>\n<h2>Allgemein<\/h2>\n<p>Lamico produziert formbest\u00e4ndige, massive Leimholzplatten. Die Leimholzplatten sind aus Lamellen aufgebaut, die aus sorgf\u00e4ltig ausgew\u00e4hlten H\u00f6lzern (Fichte, Kiefer) bestehen. Die Leimholzplatten werden in unserer Fabrik perfekt geschliffen, so dass sie sich von allen Seiten gut bearbeiten lassen \u2013 z. B. Lackieren oder Beizen.<\/p>\n<p><a href=\"http:\/\/www.lamico.nl\/wp-content\/uploads\/2015\/06\/timmerpanelen2.jpg\"><img decoding=\"async\" class=\"alignnone size-large wp-image-1507\" src=\"http:\/\/www.lamico.nl\/wp-content\/uploads\/2015\/06\/timmerpanelen2-1024x427.jpg\" alt=\"Timmerpanelen\" width=\"100%\" height=\"100%\" \/><\/a><\/p>\n<h3>Unsere Garantien<\/h3>\n<ul>\n<li>Die Produktion der Leimholzplatten aus Fichte oder Kiefer wird gem\u00e4\u00df der Kundenspezifikation ausgef\u00fchrt.<\/li>\n<li>Die Produktion erfolgt durch qualifizierte Mitarbeiter in einem sorgf\u00e4ltig kontrollierten Arbeitsablauf innerhalb der vereinbarten Lieferzeit.<\/li>\n<li>Die Paneele werden wie mit dem Abnehmer vereinbart verpackt.<\/li>\n<\/ul>\n<p>[\/vc_column_text][\/vc_column][\/vc_row][vc_row][vc_column width=&#8221;1\/3&#8243;][vc_column_text]<\/p>\n<p><img decoding=\"async\" class=\"alignnone size-full wp-image-1004\" src=\"http:\/\/www.lamico.nl\/wp-content\/uploads\/2015\/06\/afb_02.jpg\" alt=\"Producten\" width=\"100%\" height=\"100%\" \/><\/p>\n<p>[\/vc_column_text][vc_column_text]<\/p>\n<p><img decoding=\"async\" class=\"alignnone size-full wp-image-1003\" src=\"http:\/\/www.lamico.nl\/wp-content\/uploads\/2015\/06\/afb_01.jpg\" alt=\"Producten\" width=\"100%\" height=\"100%\" \/><\/p>\n<p>[\/vc_column_text][\/vc_column][vc_column width=&#8221;2\/3&#8243;][vc_column_text]<\/p>\n<h3>Produkte in Fichte und Kiefer<\/h3>\n<ul>\n<li>Standardformate in 18, 28 und 38 mm, schnell lieferbar<\/li>\n<li>Standardformate, eingeschwei\u00dft mit Beipackzettel, auf Wunsch mit spezieller Kantenverarbeitung<\/li>\n<li>Gro\u00dfe Formate in den Breiten 815, 1030 oder 1230 mm und bis 6 m L\u00e4nge<\/li>\n<li>Sonderanfertigungen nach Spezifikation (Dicke und Format) des Auftraggebers, auf Wunsch mit spezieller Kantenverarbeitung. Beispiele daf\u00fcr sind Treppenstufen und Fensterb\u00e4nke.<\/li>\n<\/ul>\n<p>[\/vc_column_text][\/vc_column][\/vc_row][vc_row][vc_column width=&#8221;1\/3&#8243;][vc_column_text]<\/p>\n<p><img decoding=\"async\" class=\"alignnone size-large wp-image-1482\" src=\"\/wp-content\/uploads\/2015\/06\/wijnrek-1024x576.jpg\" alt=\"Wijnrek\" width=\"100%\" height=\"100%\" \/><\/p>\n<p>[\/vc_column_text][\/vc_column][vc_column width=&#8221;1\/3&#8243;][vc_column_text]<\/p>\n<p><img decoding=\"async\" class=\"alignnone size-large wp-image-1437\" src=\"\/wp-content\/uploads\/2015\/06\/productie041-1024x576.jpg\" alt=\"Houten kisten\" width=\"100%\" height=\"100%\" \/><\/p>\n<p>[\/vc_column_text][\/vc_column][vc_column width=&#8221;1\/3&#8243;][vc_column_text]<\/p>\n<p><img decoding=\"async\" class=\"alignnone size-full wp-image-1480\" src=\"\/wp-content\/uploads\/2015\/06\/houten-balie.jpg\" alt=\"Houten balie\" width=\"100%\" height=\"100%\" \/><\/p>\n<p>[\/vc_column_text][\/vc_column][\/vc_row]<\/p>\n","protected":false},"excerpt":{"rendered":"<p>[vc_row][vc_column][vc_column_text] Allgemein Lamico produziert formbest\u00e4ndige, massive Leimholzplatten. Die Leimholzplatten sind aus Lamellen aufgebaut, die aus sorgf\u00e4ltig ausgew\u00e4hlten H\u00f6lzern (Fichte, Kiefer) bestehen. &#8230;<\/p>\n","protected":false},"author":1,"featured_media":0,"parent":0,"menu_order":0,"comment_status":"open","ping_status":"open","template":"","meta":{"footnotes":""},"class_list":["post-899","page","type-page","status-publish","hentry"],"yoast_head":"<!-- This site is optimized with the Yoast SEO plugin v22.3 - https:\/\/yoast.com\/wordpress\/plugins\/seo\/ -->\n<title>Produkte - Lamico Leimholzplatten<\/title>\n<meta name=\"robots\" content=\"index, follow, max-snippet:-1, max-image-preview:large, max-video-preview:-1\" \/>\n<link rel=\"canonical\" href=\"https:\/\/www.lamico.nl\/de\/produkte\/\" \/>\n<meta property=\"og:locale\" content=\"de_DE\" \/>\n<meta property=\"og:type\" content=\"article\" \/>\n<meta property=\"og:title\" content=\"Produkte - Lamico Leimholzplatten\" \/>\n<meta property=\"og:description\" content=\"[vc_row][vc_column][vc_column_text] Allgemein Lamico produziert formbest\u00e4ndige, massive Leimholzplatten. Die Leimholzplatten sind aus Lamellen aufgebaut, die aus sorgf\u00e4ltig ausgew\u00e4hlten H\u00f6lzern (Fichte, Kiefer) bestehen. ...\" \/>\n<meta property=\"og:url\" content=\"https:\/\/www.lamico.nl\/de\/produkte\/\" \/>\n<meta property=\"og:site_name\" content=\"Lamico Leimholzplatten\" \/>\n<meta property=\"article:modified_time\" content=\"2017-11-10T08:36:06+00:00\" \/>\n<meta property=\"og:image\" content=\"http:\/\/www.lamico.nl\/wp-content\/uploads\/2015\/06\/timmerpanelen2-1024x427.jpg\" \/>\n<meta name=\"twitter:card\" content=\"summary_large_image\" \/>\n<meta name=\"twitter:label1\" content=\"Gesch\u00e4tzte Lesezeit\" \/>\n\t<meta name=\"twitter:data1\" content=\"1\u00a0Minute\" \/>\n<script type=\"application\/ld+json\" class=\"yoast-schema-graph\">{\"@context\":\"https:\/\/schema.org\",\"@graph\":[{\"@type\":\"WebPage\",\"@id\":\"https:\/\/www.lamico.nl\/de\/produkte\/\",\"url\":\"https:\/\/www.lamico.nl\/de\/produkte\/\",\"name\":\"Produkte - Lamico Leimholzplatten\",\"isPartOf\":{\"@id\":\"https:\/\/www.lamico.nl\/de\/#website\"},\"primaryImageOfPage\":{\"@id\":\"https:\/\/www.lamico.nl\/de\/produkte\/#primaryimage\"},\"image\":{\"@id\":\"https:\/\/www.lamico.nl\/de\/produkte\/#primaryimage\"},\"thumbnailUrl\":\"http:\/\/www.lamico.nl\/wp-content\/uploads\/2015\/06\/timmerpanelen2-1024x427.jpg\",\"datePublished\":\"2015-06-08T09:48:39+00:00\",\"dateModified\":\"2017-11-10T08:36:06+00:00\",\"breadcrumb\":{\"@id\":\"https:\/\/www.lamico.nl\/de\/produkte\/#breadcrumb\"},\"inLanguage\":\"de\",\"potentialAction\":[{\"@type\":\"ReadAction\",\"target\":[\"https:\/\/www.lamico.nl\/de\/produkte\/\"]}]},{\"@type\":\"ImageObject\",\"inLanguage\":\"de\",\"@id\":\"https:\/\/www.lamico.nl\/de\/produkte\/#primaryimage\",\"url\":\"http:\/\/www.lamico.nl\/wp-content\/uploads\/2015\/06\/timmerpanelen2-1024x427.jpg\",\"contentUrl\":\"http:\/\/www.lamico.nl\/wp-content\/uploads\/2015\/06\/timmerpanelen2-1024x427.jpg\"},{\"@type\":\"BreadcrumbList\",\"@id\":\"https:\/\/www.lamico.nl\/de\/produkte\/#breadcrumb\",\"itemListElement\":[{\"@type\":\"ListItem\",\"position\":1,\"name\":\"Home\",\"item\":\"https:\/\/www.lamico.nl\/de\/\"},{\"@type\":\"ListItem\",\"position\":2,\"name\":\"Produkte\"}]},{\"@type\":\"WebSite\",\"@id\":\"https:\/\/www.lamico.nl\/de\/#website\",\"url\":\"https:\/\/www.lamico.nl\/de\/\",\"name\":\"Lamico Leimholzplatten\",\"description\":\"\",\"potentialAction\":[{\"@type\":\"SearchAction\",\"target\":{\"@type\":\"EntryPoint\",\"urlTemplate\":\"https:\/\/www.lamico.nl\/de\/?s={search_term_string}\"},\"query-input\":\"required name=search_term_string\"}],\"inLanguage\":\"de\"}]}<\/script>\n<!-- \/ Yoast SEO plugin. -->","yoast_head_json":{"title":"Produkte - Lamico Leimholzplatten","robots":{"index":"index","follow":"follow","max-snippet":"max-snippet:-1","max-image-preview":"max-image-preview:large","max-video-preview":"max-video-preview:-1"},"canonical":"https:\/\/www.lamico.nl\/de\/produkte\/","og_locale":"de_DE","og_type":"article","og_title":"Produkte - Lamico Leimholzplatten","og_description":"[vc_row][vc_column][vc_column_text] Allgemein Lamico produziert formbest\u00e4ndige, massive Leimholzplatten. Die Leimholzplatten sind aus Lamellen aufgebaut, die aus sorgf\u00e4ltig ausgew\u00e4hlten H\u00f6lzern (Fichte, Kiefer) bestehen. ...","og_url":"https:\/\/www.lamico.nl\/de\/produkte\/","og_site_name":"Lamico Leimholzplatten","article_modified_time":"2017-11-10T08:36:06+00:00","og_image":[{"url":"http:\/\/www.lamico.nl\/wp-content\/uploads\/2015\/06\/timmerpanelen2-1024x427.jpg"}],"twitter_card":"summary_large_image","twitter_misc":{"Gesch\u00e4tzte Lesezeit":"1\u00a0Minute"},"schema":{"@context":"https:\/\/schema.org","@graph":[{"@type":"WebPage","@id":"https:\/\/www.lamico.nl\/de\/produkte\/","url":"https:\/\/www.lamico.nl\/de\/produkte\/","name":"Produkte - Lamico Leimholzplatten","isPartOf":{"@id":"https:\/\/www.lamico.nl\/de\/#website"},"primaryImageOfPage":{"@id":"https:\/\/www.lamico.nl\/de\/produkte\/#primaryimage"},"image":{"@id":"https:\/\/www.lamico.nl\/de\/produkte\/#primaryimage"},"thumbnailUrl":"http:\/\/www.lamico.nl\/wp-content\/uploads\/2015\/06\/timmerpanelen2-1024x427.jpg","datePublished":"2015-06-08T09:48:39+00:00","dateModified":"2017-11-10T08:36:06+00:00","breadcrumb":{"@id":"https:\/\/www.lamico.nl\/de\/produkte\/#breadcrumb"},"inLanguage":"de","potentialAction":[{"@type":"ReadAction","target":["https:\/\/www.lamico.nl\/de\/produkte\/"]}]},{"@type":"ImageObject","inLanguage":"de","@id":"https:\/\/www.lamico.nl\/de\/produkte\/#primaryimage","url":"http:\/\/www.lamico.nl\/wp-content\/uploads\/2015\/06\/timmerpanelen2-1024x427.jpg","contentUrl":"http:\/\/www.lamico.nl\/wp-content\/uploads\/2015\/06\/timmerpanelen2-1024x427.jpg"},{"@type":"BreadcrumbList","@id":"https:\/\/www.lamico.nl\/de\/produkte\/#breadcrumb","itemListElement":[{"@type":"ListItem","position":1,"name":"Home","item":"https:\/\/www.lamico.nl\/de\/"},{"@type":"ListItem","position":2,"name":"Produkte"}]},{"@type":"WebSite","@id":"https:\/\/www.lamico.nl\/de\/#website","url":"https:\/\/www.lamico.nl\/de\/","name":"Lamico Leimholzplatten","description":"","potentialAction":[{"@type":"SearchAction","target":{"@type":"EntryPoint","urlTemplate":"https:\/\/www.lamico.nl\/de\/?s={search_term_string}"},"query-input":"required name=search_term_string"}],"inLanguage":"de"}]}},"_links":{"self":[{"href":"https:\/\/www.lamico.nl\/de\/wp-json\/wp\/v2\/pages\/899","targetHints":{"allow":["GET"]}}],"collection":[{"href":"https:\/\/www.lamico.nl\/de\/wp-json\/wp\/v2\/pages"}],"about":[{"href":"https:\/\/www.lamico.nl\/de\/wp-json\/wp\/v2\/types\/page"}],"author":[{"embeddable":true,"href":"https:\/\/www.lamico.nl\/de\/wp-json\/wp\/v2\/users\/1"}],"replies":[{"embeddable":true,"href":"https:\/\/www.lamico.nl\/de\/wp-json\/wp\/v2\/comments?post=899"}],"version-history":[{"count":6,"href":"https:\/\/www.lamico.nl\/de\/wp-json\/wp\/v2\/pages\/899\/revisions"}],"predecessor-version":[{"id":1798,"href":"https:\/\/www.lamico.nl\/de\/wp-json\/wp\/v2\/pages\/899\/revisions\/1798"}],"wp:attachment":[{"href":"https:\/\/www.lamico.nl\/de\/wp-json\/wp\/v2\/media?parent=899"}],"curies":[{"name":"wp","href":"https:\/\/api.w.org\/{rel}","templated":true}]}}