{"id":893,"date":"2015-06-08T10:42:40","date_gmt":"2015-06-08T09:42:40","guid":{"rendered":"http:\/\/www.lamico.nl\/?page_id=893"},"modified":"2022-05-09T14:05:15","modified_gmt":"2022-05-09T12:05:15","slug":"pefc-zertifikat","status":"publish","type":"page","link":"https:\/\/www.lamico.nl\/de\/dauerhaftigkeit\/pefc-zertifikat\/","title":{"rendered":"PEFC"},"content":{"rendered":"<p>[vc_row][vc_column][vc_column_text]<\/p>\n<h2>PEFC-Zertifikat<\/h2>\n<p>Das PEFC-Zertifikat gibt Kunden von Forstnutzern die Sicherheit, dass die von Ihnen erworbenen Produkte die Kriterien erf\u00fcllen, die diese Organisation an nachhaltige Forstwirtschaft stellt.<\/p>\n<h3>PEFC Organisation<\/h3>\n<p>Die Organisation PEFC f\u00f6rdert nachhaltiges Forstwirtschaftsmanagement. Das \u201eProgram for Endorsement of Forest Certification Schemes\u201c (Programm f\u00fcr die Anerkennung von Waldzertifizierungssystemen) \u2013 vorher das \u201ePan European Forest Certificate\u201c \u2013 ist eine freiwillige Initiative der Wirtschaft. PEFC bietet die Garantie f\u00fcr glaubw\u00fcrdige G\u00fctesiegel und Initiativen im Bereich der Forstzertifizierung auf der ganzen Welt, unter anderem durch eine gegenseitige Anerkennung.<\/p>\n<p><a title=\"\" href=\"\/de\/wp-content\/uploads\/sites\/8\/2022\/05\/PEFC-2022.pdf\" target=\"_blank\" rel=\"noopener\"><img loading=\"lazy\" decoding=\"async\" class=\"alignnone size-full wp-image-1426\" src=\"http:\/\/www.lamico.nl\/wp-content\/uploads\/2015\/06\/pdf_icon_image_transparent.png\" alt=\"pdf_icon_image_transparent\" width=\"50\" height=\"45\" \/>\u00a0PEFC Certificaat<\/a>[\/vc_column_text][vc_column_text]<\/p>\n<p><img decoding=\"async\" class=\"alignnone size-large wp-image-1193\" src=\"http:\/\/www.lamico.nl\/wp-content\/uploads\/2015\/06\/hout02-1024x293.jpg\" alt=\"Hout transport\" width=\"100%\" height=\"100%\" \/><\/p>\n<p>[\/vc_column_text][\/vc_column][\/vc_row][vc_row][vc_column width=&#8221;1\/4&#8243;][vc_column_text]<\/p>\n<p><img loading=\"lazy\" decoding=\"async\" class=\"size-full wp-image-1474\" src=\"http:\/\/www.lamico.nl\/wp-content\/uploads\/2015\/06\/1312IMG0005_24130__web.jpg\" alt=\"Duurzame houtwinning\" width=\"500\" height=\"499\" \/><\/p>\n<p>[\/vc_column_text][vc_column_text]<\/p>\n<p><img decoding=\"async\" class=\"alignnone size-large wp-image-1332\" src=\"\/wp-content\/uploads\/2015\/02\/020704Ami-075_9435-1024x768.jpg\" alt=\"Bos\" width=\"100%\" height=\"100%\" \/><\/p>\n<p>[\/vc_column_text][\/vc_column][vc_column width=&#8221;3\/4&#8243;][vc_column_text]<\/p>\n<h3>Garantien<\/h3>\n<p>Um die Glaubw\u00fcrdigkeit der Zertifikate und Initiativen garantieren zu k\u00f6nnen, hat das PEFC Grundsatzanforderungen aufgestellt. Diese sind in den Statuten und im Technical Document der Organisation festgelegt.<\/p>\n<h3>Wirtschaftlich und \u00f6kologisch<\/h3>\n<p>PEFC legt gro\u00dfen Wert auf die wirtschaftlichen und \u00f6kologischen Interessen. Die \u00f6kologischen Interessen werden zum Teil durch die regul\u00e4ren Forstwirtschaftsorganisation vertreten. Weltweit sind inzwischen ungef\u00e4hr zweihundert Millionen Hektar Wald PEFC-zertifiziert. In den Niederlanden gibt es keinen PEFC-zertifizierten Wald. In Deutschland sind ungef\u00e4hr zwei Drittel der W\u00e4lder PEFC-zertifiziert und die Tendenz ist steigend.<\/p>\n<h3>Links<\/h3>\n<p><a href=\"http:\/\/www.pefc.org\/\" target=\"_blank\" rel=\"noopener\">PEFC<\/a>[\/vc_column_text][\/vc_column][\/vc_row]<\/p>\n","protected":false},"excerpt":{"rendered":"<p>[vc_row][vc_column][vc_column_text] PEFC-Zertifikat Das PEFC-Zertifikat gibt Kunden von Forstnutzern die Sicherheit, dass die von Ihnen erworbenen Produkte die Kriterien erf\u00fcllen, die diese &#8230;<\/p>\n","protected":false},"author":1,"featured_media":0,"parent":842,"menu_order":0,"comment_status":"open","ping_status":"open","template":"","meta":{"footnotes":""},"class_list":["post-893","page","type-page","status-publish","hentry"],"yoast_head":"<!-- This site is optimized with the Yoast SEO plugin v22.3 - https:\/\/yoast.com\/wordpress\/plugins\/seo\/ -->\n<title>PEFC - Lamico Leimholzplatten<\/title>\n<meta name=\"robots\" content=\"index, follow, max-snippet:-1, max-image-preview:large, max-video-preview:-1\" \/>\n<link rel=\"canonical\" href=\"https:\/\/www.lamico.nl\/de\/dauerhaftigkeit\/pefc-zertifikat\/\" \/>\n<meta property=\"og:locale\" content=\"de_DE\" \/>\n<meta property=\"og:type\" content=\"article\" \/>\n<meta property=\"og:title\" content=\"PEFC - Lamico Leimholzplatten\" \/>\n<meta property=\"og:description\" content=\"[vc_row][vc_column][vc_column_text] PEFC-Zertifikat Das PEFC-Zertifikat gibt Kunden von Forstnutzern die Sicherheit, dass die von Ihnen erworbenen Produkte die Kriterien erf\u00fcllen, die diese ...\" \/>\n<meta property=\"og:url\" content=\"https:\/\/www.lamico.nl\/de\/dauerhaftigkeit\/pefc-zertifikat\/\" \/>\n<meta property=\"og:site_name\" content=\"Lamico Leimholzplatten\" \/>\n<meta property=\"article:modified_time\" content=\"2022-05-09T12:05:15+00:00\" \/>\n<meta property=\"og:image\" content=\"http:\/\/www.lamico.nl\/wp-content\/uploads\/2015\/06\/pdf_icon_image_transparent.png\" \/>\n<meta name=\"twitter:card\" content=\"summary_large_image\" \/>\n<meta name=\"twitter:label1\" content=\"Gesch\u00e4tzte Lesezeit\" \/>\n\t<meta name=\"twitter:data1\" content=\"1\u00a0Minute\" \/>\n<script type=\"application\/ld+json\" class=\"yoast-schema-graph\">{\"@context\":\"https:\/\/schema.org\",\"@graph\":[{\"@type\":\"WebPage\",\"@id\":\"https:\/\/www.lamico.nl\/de\/dauerhaftigkeit\/pefc-zertifikat\/\",\"url\":\"https:\/\/www.lamico.nl\/de\/dauerhaftigkeit\/pefc-zertifikat\/\",\"name\":\"PEFC - Lamico Leimholzplatten\",\"isPartOf\":{\"@id\":\"https:\/\/www.lamico.nl\/de\/#website\"},\"primaryImageOfPage\":{\"@id\":\"https:\/\/www.lamico.nl\/de\/dauerhaftigkeit\/pefc-zertifikat\/#primaryimage\"},\"image\":{\"@id\":\"https:\/\/www.lamico.nl\/de\/dauerhaftigkeit\/pefc-zertifikat\/#primaryimage\"},\"thumbnailUrl\":\"http:\/\/www.lamico.nl\/wp-content\/uploads\/2015\/06\/pdf_icon_image_transparent.png\",\"datePublished\":\"2015-06-08T09:42:40+00:00\",\"dateModified\":\"2022-05-09T12:05:15+00:00\",\"breadcrumb\":{\"@id\":\"https:\/\/www.lamico.nl\/de\/dauerhaftigkeit\/pefc-zertifikat\/#breadcrumb\"},\"inLanguage\":\"de\",\"potentialAction\":[{\"@type\":\"ReadAction\",\"target\":[\"https:\/\/www.lamico.nl\/de\/dauerhaftigkeit\/pefc-zertifikat\/\"]}]},{\"@type\":\"ImageObject\",\"inLanguage\":\"de\",\"@id\":\"https:\/\/www.lamico.nl\/de\/dauerhaftigkeit\/pefc-zertifikat\/#primaryimage\",\"url\":\"http:\/\/www.lamico.nl\/wp-content\/uploads\/2015\/06\/pdf_icon_image_transparent.png\",\"contentUrl\":\"http:\/\/www.lamico.nl\/wp-content\/uploads\/2015\/06\/pdf_icon_image_transparent.png\"},{\"@type\":\"BreadcrumbList\",\"@id\":\"https:\/\/www.lamico.nl\/de\/dauerhaftigkeit\/pefc-zertifikat\/#breadcrumb\",\"itemListElement\":[{\"@type\":\"ListItem\",\"position\":1,\"name\":\"Home\",\"item\":\"https:\/\/www.lamico.nl\/de\/\"},{\"@type\":\"ListItem\",\"position\":2,\"name\":\"Dauerhaftigkeit\",\"item\":\"https:\/\/www.lamico.nl\/de\/dauerhaftigkeit\/\"},{\"@type\":\"ListItem\",\"position\":3,\"name\":\"PEFC\"}]},{\"@type\":\"WebSite\",\"@id\":\"https:\/\/www.lamico.nl\/de\/#website\",\"url\":\"https:\/\/www.lamico.nl\/de\/\",\"name\":\"Lamico Leimholzplatten\",\"description\":\"\",\"potentialAction\":[{\"@type\":\"SearchAction\",\"target\":{\"@type\":\"EntryPoint\",\"urlTemplate\":\"https:\/\/www.lamico.nl\/de\/?s={search_term_string}\"},\"query-input\":\"required name=search_term_string\"}],\"inLanguage\":\"de\"}]}<\/script>\n<!-- \/ Yoast SEO plugin. -->","yoast_head_json":{"title":"PEFC - Lamico Leimholzplatten","robots":{"index":"index","follow":"follow","max-snippet":"max-snippet:-1","max-image-preview":"max-image-preview:large","max-video-preview":"max-video-preview:-1"},"canonical":"https:\/\/www.lamico.nl\/de\/dauerhaftigkeit\/pefc-zertifikat\/","og_locale":"de_DE","og_type":"article","og_title":"PEFC - Lamico Leimholzplatten","og_description":"[vc_row][vc_column][vc_column_text] PEFC-Zertifikat Das PEFC-Zertifikat gibt Kunden von Forstnutzern die Sicherheit, dass die von Ihnen erworbenen Produkte die Kriterien erf\u00fcllen, die diese ...","og_url":"https:\/\/www.lamico.nl\/de\/dauerhaftigkeit\/pefc-zertifikat\/","og_site_name":"Lamico Leimholzplatten","article_modified_time":"2022-05-09T12:05:15+00:00","og_image":[{"url":"http:\/\/www.lamico.nl\/wp-content\/uploads\/2015\/06\/pdf_icon_image_transparent.png"}],"twitter_card":"summary_large_image","twitter_misc":{"Gesch\u00e4tzte Lesezeit":"1\u00a0Minute"},"schema":{"@context":"https:\/\/schema.org","@graph":[{"@type":"WebPage","@id":"https:\/\/www.lamico.nl\/de\/dauerhaftigkeit\/pefc-zertifikat\/","url":"https:\/\/www.lamico.nl\/de\/dauerhaftigkeit\/pefc-zertifikat\/","name":"PEFC - Lamico Leimholzplatten","isPartOf":{"@id":"https:\/\/www.lamico.nl\/de\/#website"},"primaryImageOfPage":{"@id":"https:\/\/www.lamico.nl\/de\/dauerhaftigkeit\/pefc-zertifikat\/#primaryimage"},"image":{"@id":"https:\/\/www.lamico.nl\/de\/dauerhaftigkeit\/pefc-zertifikat\/#primaryimage"},"thumbnailUrl":"http:\/\/www.lamico.nl\/wp-content\/uploads\/2015\/06\/pdf_icon_image_transparent.png","datePublished":"2015-06-08T09:42:40+00:00","dateModified":"2022-05-09T12:05:15+00:00","breadcrumb":{"@id":"https:\/\/www.lamico.nl\/de\/dauerhaftigkeit\/pefc-zertifikat\/#breadcrumb"},"inLanguage":"de","potentialAction":[{"@type":"ReadAction","target":["https:\/\/www.lamico.nl\/de\/dauerhaftigkeit\/pefc-zertifikat\/"]}]},{"@type":"ImageObject","inLanguage":"de","@id":"https:\/\/www.lamico.nl\/de\/dauerhaftigkeit\/pefc-zertifikat\/#primaryimage","url":"http:\/\/www.lamico.nl\/wp-content\/uploads\/2015\/06\/pdf_icon_image_transparent.png","contentUrl":"http:\/\/www.lamico.nl\/wp-content\/uploads\/2015\/06\/pdf_icon_image_transparent.png"},{"@type":"BreadcrumbList","@id":"https:\/\/www.lamico.nl\/de\/dauerhaftigkeit\/pefc-zertifikat\/#breadcrumb","itemListElement":[{"@type":"ListItem","position":1,"name":"Home","item":"https:\/\/www.lamico.nl\/de\/"},{"@type":"ListItem","position":2,"name":"Dauerhaftigkeit","item":"https:\/\/www.lamico.nl\/de\/dauerhaftigkeit\/"},{"@type":"ListItem","position":3,"name":"PEFC"}]},{"@type":"WebSite","@id":"https:\/\/www.lamico.nl\/de\/#website","url":"https:\/\/www.lamico.nl\/de\/","name":"Lamico Leimholzplatten","description":"","potentialAction":[{"@type":"SearchAction","target":{"@type":"EntryPoint","urlTemplate":"https:\/\/www.lamico.nl\/de\/?s={search_term_string}"},"query-input":"required name=search_term_string"}],"inLanguage":"de"}]}},"_links":{"self":[{"href":"https:\/\/www.lamico.nl\/de\/wp-json\/wp\/v2\/pages\/893","targetHints":{"allow":["GET"]}}],"collection":[{"href":"https:\/\/www.lamico.nl\/de\/wp-json\/wp\/v2\/pages"}],"about":[{"href":"https:\/\/www.lamico.nl\/de\/wp-json\/wp\/v2\/types\/page"}],"author":[{"embeddable":true,"href":"https:\/\/www.lamico.nl\/de\/wp-json\/wp\/v2\/users\/1"}],"replies":[{"embeddable":true,"href":"https:\/\/www.lamico.nl\/de\/wp-json\/wp\/v2\/comments?post=893"}],"version-history":[{"count":4,"href":"https:\/\/www.lamico.nl\/de\/wp-json\/wp\/v2\/pages\/893\/revisions"}],"predecessor-version":[{"id":1995,"href":"https:\/\/www.lamico.nl\/de\/wp-json\/wp\/v2\/pages\/893\/revisions\/1995"}],"up":[{"embeddable":true,"href":"https:\/\/www.lamico.nl\/de\/wp-json\/wp\/v2\/pages\/842"}],"wp:attachment":[{"href":"https:\/\/www.lamico.nl\/de\/wp-json\/wp\/v2\/media?parent=893"}],"curies":[{"name":"wp","href":"https:\/\/api.w.org\/{rel}","templated":true}]}}