{"id":887,"date":"2015-06-08T10:31:59","date_gmt":"2015-06-08T09:31:59","guid":{"rendered":"http:\/\/www.lamico.nl\/?page_id=887"},"modified":"2022-05-09T14:06:21","modified_gmt":"2022-05-09T12:06:21","slug":"fsc-zertifikat","status":"publish","type":"page","link":"https:\/\/www.lamico.nl\/de\/dauerhaftigkeit\/fsc-zertifikat\/","title":{"rendered":"FSC"},"content":{"rendered":"<p>[vc_row][vc_column][vc_column_text]<\/p>\n<h2>FSC\u00ae<\/h2>\n<p>Das FSC-G\u00fctesiegel garantiert, dass das gesamte, in einem Produkt verwendete Holz aus W\u00e4ldern stammt, die als \u201egut bewirtschaftet\u201c eingestuft werden. Diese Einstufung erfolgt durch den v\u00f6llig unabh\u00e4ngigen Forest Stewardship Council\u00ae (FSC).<\/p>\n<h3>Kriterien<\/h3>\n<p>Der FSC beurteilt die Forstwirtschaft anhand strenger Normen f\u00fcr Umwelt, soziale Umst\u00e4nde und Wirtschaft. Ein umfassendes, weltweites Kontrollsystem bildet die Gew\u00e4hr, dass Holz mit dem FSC-G\u00fctesiegel auch tats\u00e4chlich aus einwandfrei bewirtschafteten W\u00e4ldern stammt.<\/p>\n<p><a title=\"\" href=\"\/de\/wp-content\/uploads\/sites\/8\/2022\/05\/FSC-2022.pdf\" target=\"_blank\" rel=\"noopener noreferrer\"><img loading=\"lazy\" decoding=\"async\" class=\"alignnone size-full wp-image-1426\" src=\"\/wp-content\/uploads\/2015\/06\/pdf_icon_image_transparent.png\" alt=\"pdf_icon_image_transparent\" width=\"50\" height=\"45\" \/>FSC certificaat Lamico<\/a>[\/vc_column_text][vc_column_text]<\/p>\n<p><img decoding=\"async\" class=\"alignnone size-large wp-image-1192\" src=\"\/wp-content\/uploads\/2015\/06\/hout.png\" alt=\"Duurzaam hout\" width=\"100%\" height=\"100%\" \/><\/p>\n<p>[\/vc_column_text][\/vc_column][\/vc_row][vc_row][vc_column width=&#8221;1\/4&#8243;][vc_column_text]<\/p>\n<p><img decoding=\"async\" class=\"alignnone size-full wp-image-847\" src=\"http:\/\/www.lamico.nl\/wp-content\/uploads\/2015\/06\/duurzaamheid-fsc1.jpg\" alt=\"Duurzaamheid\" width=\"100%\" height=\"100%\" \/><\/p>\n<p>[\/vc_column_text][vc_column_text]<\/p>\n<p><img decoding=\"async\" class=\"alignnone size-full wp-image-1477\" src=\"\/wp-content\/uploads\/2015\/06\/1070D_1_24122__web.jpg\" alt=\"FSC\" width=\"100%\" height=\"100%\" \/><\/p>\n<p>[\/vc_column_text][\/vc_column][vc_column width=&#8221;3\/4&#8243;][vc_column_text]<\/p>\n<h3>Forest Stewardship Council<\/h3>\n<p>Der 1993 gegr\u00fcndete Forest Stewardship Council sorgt daf\u00fcr, dass das Holz in einem Endprodukt identifizierbar ist. Dazu zeichnet der FSC den Weg des Holzes \u2014 vom Wald bis zum Verbraucher \u2014 komplett in der so genannten \u201eChain of Custody\u201c auf. Der FSC ist eine v\u00f6llig unabh\u00e4ngige Organisation und vertritt:<\/p>\n<ul>\n<li>Umweltschutz- und Entwicklungsorganisationen<\/li>\n<li>Forst- und Holzbetriebe<\/li>\n<li>Lokale Bev\u00f6lkerungsgruppen<\/li>\n<\/ul>\n<h3>Links<\/h3>\n<p><a href=\"https:\/\/ic.fsc.org\/en\" target=\"_blank\" rel=\"noopener noreferrer\">FSC internationaal<\/a><br \/>\n<a href=\"http:\/\/www.fsc.nl\/\" target=\"_blank\" rel=\"noopener noreferrer\">FSC Nederland<\/a>[\/vc_column_text][\/vc_column][\/vc_row]<\/p>\n","protected":false},"excerpt":{"rendered":"<p>[vc_row][vc_column][vc_column_text] FSC\u00ae Das FSC-G\u00fctesiegel garantiert, dass das gesamte, in einem Produkt verwendete Holz aus W\u00e4ldern stammt, die als \u201egut bewirtschaftet\u201c eingestuft &#8230;<\/p>\n","protected":false},"author":1,"featured_media":0,"parent":842,"menu_order":0,"comment_status":"open","ping_status":"open","template":"","meta":{"footnotes":""},"class_list":["post-887","page","type-page","status-publish","hentry"],"yoast_head":"<!-- This site is optimized with the Yoast SEO plugin v22.3 - https:\/\/yoast.com\/wordpress\/plugins\/seo\/ -->\n<title>FSC - Lamico Leimholzplatten<\/title>\n<meta name=\"robots\" content=\"index, follow, max-snippet:-1, max-image-preview:large, max-video-preview:-1\" \/>\n<link rel=\"canonical\" href=\"https:\/\/www.lamico.nl\/de\/dauerhaftigkeit\/fsc-zertifikat\/\" \/>\n<meta property=\"og:locale\" content=\"de_DE\" \/>\n<meta property=\"og:type\" content=\"article\" \/>\n<meta property=\"og:title\" content=\"FSC - Lamico Leimholzplatten\" \/>\n<meta property=\"og:description\" content=\"[vc_row][vc_column][vc_column_text] FSC\u00ae Das FSC-G\u00fctesiegel garantiert, dass das gesamte, in einem Produkt verwendete Holz aus W\u00e4ldern stammt, die als \u201egut bewirtschaftet\u201c eingestuft ...\" \/>\n<meta property=\"og:url\" content=\"https:\/\/www.lamico.nl\/de\/dauerhaftigkeit\/fsc-zertifikat\/\" \/>\n<meta property=\"og:site_name\" content=\"Lamico Leimholzplatten\" \/>\n<meta property=\"article:modified_time\" content=\"2022-05-09T12:06:21+00:00\" \/>\n<meta property=\"og:image\" content=\"https:\/\/www.lamico.nl\/wp-content\/uploads\/2015\/06\/pdf_icon_image_transparent.png\" \/>\n<meta name=\"twitter:card\" content=\"summary_large_image\" \/>\n<meta name=\"twitter:label1\" content=\"Gesch\u00e4tzte Lesezeit\" \/>\n\t<meta name=\"twitter:data1\" content=\"1\u00a0Minute\" \/>\n<script type=\"application\/ld+json\" class=\"yoast-schema-graph\">{\"@context\":\"https:\/\/schema.org\",\"@graph\":[{\"@type\":\"WebPage\",\"@id\":\"https:\/\/www.lamico.nl\/de\/dauerhaftigkeit\/fsc-zertifikat\/\",\"url\":\"https:\/\/www.lamico.nl\/de\/dauerhaftigkeit\/fsc-zertifikat\/\",\"name\":\"FSC - Lamico Leimholzplatten\",\"isPartOf\":{\"@id\":\"https:\/\/www.lamico.nl\/de\/#website\"},\"primaryImageOfPage\":{\"@id\":\"https:\/\/www.lamico.nl\/de\/dauerhaftigkeit\/fsc-zertifikat\/#primaryimage\"},\"image\":{\"@id\":\"https:\/\/www.lamico.nl\/de\/dauerhaftigkeit\/fsc-zertifikat\/#primaryimage\"},\"thumbnailUrl\":\"http:\/\/www.lamico.nl\/wp-content\/uploads\/2015\/06\/duurzaamheid-fsc1.jpg\",\"datePublished\":\"2015-06-08T09:31:59+00:00\",\"dateModified\":\"2022-05-09T12:06:21+00:00\",\"breadcrumb\":{\"@id\":\"https:\/\/www.lamico.nl\/de\/dauerhaftigkeit\/fsc-zertifikat\/#breadcrumb\"},\"inLanguage\":\"de\",\"potentialAction\":[{\"@type\":\"ReadAction\",\"target\":[\"https:\/\/www.lamico.nl\/de\/dauerhaftigkeit\/fsc-zertifikat\/\"]}]},{\"@type\":\"ImageObject\",\"inLanguage\":\"de\",\"@id\":\"https:\/\/www.lamico.nl\/de\/dauerhaftigkeit\/fsc-zertifikat\/#primaryimage\",\"url\":\"http:\/\/www.lamico.nl\/wp-content\/uploads\/2015\/06\/duurzaamheid-fsc1.jpg\",\"contentUrl\":\"http:\/\/www.lamico.nl\/wp-content\/uploads\/2015\/06\/duurzaamheid-fsc1.jpg\"},{\"@type\":\"BreadcrumbList\",\"@id\":\"https:\/\/www.lamico.nl\/de\/dauerhaftigkeit\/fsc-zertifikat\/#breadcrumb\",\"itemListElement\":[{\"@type\":\"ListItem\",\"position\":1,\"name\":\"Home\",\"item\":\"https:\/\/www.lamico.nl\/de\/\"},{\"@type\":\"ListItem\",\"position\":2,\"name\":\"Dauerhaftigkeit\",\"item\":\"https:\/\/www.lamico.nl\/de\/dauerhaftigkeit\/\"},{\"@type\":\"ListItem\",\"position\":3,\"name\":\"FSC\"}]},{\"@type\":\"WebSite\",\"@id\":\"https:\/\/www.lamico.nl\/de\/#website\",\"url\":\"https:\/\/www.lamico.nl\/de\/\",\"name\":\"Lamico Leimholzplatten\",\"description\":\"\",\"potentialAction\":[{\"@type\":\"SearchAction\",\"target\":{\"@type\":\"EntryPoint\",\"urlTemplate\":\"https:\/\/www.lamico.nl\/de\/?s={search_term_string}\"},\"query-input\":\"required name=search_term_string\"}],\"inLanguage\":\"de\"}]}<\/script>\n<!-- \/ Yoast SEO plugin. -->","yoast_head_json":{"title":"FSC - Lamico Leimholzplatten","robots":{"index":"index","follow":"follow","max-snippet":"max-snippet:-1","max-image-preview":"max-image-preview:large","max-video-preview":"max-video-preview:-1"},"canonical":"https:\/\/www.lamico.nl\/de\/dauerhaftigkeit\/fsc-zertifikat\/","og_locale":"de_DE","og_type":"article","og_title":"FSC - Lamico Leimholzplatten","og_description":"[vc_row][vc_column][vc_column_text] FSC\u00ae Das FSC-G\u00fctesiegel garantiert, dass das gesamte, in einem Produkt verwendete Holz aus W\u00e4ldern stammt, die als \u201egut bewirtschaftet\u201c eingestuft ...","og_url":"https:\/\/www.lamico.nl\/de\/dauerhaftigkeit\/fsc-zertifikat\/","og_site_name":"Lamico Leimholzplatten","article_modified_time":"2022-05-09T12:06:21+00:00","og_image":[{"url":"https:\/\/www.lamico.nl\/wp-content\/uploads\/2015\/06\/pdf_icon_image_transparent.png"}],"twitter_card":"summary_large_image","twitter_misc":{"Gesch\u00e4tzte Lesezeit":"1\u00a0Minute"},"schema":{"@context":"https:\/\/schema.org","@graph":[{"@type":"WebPage","@id":"https:\/\/www.lamico.nl\/de\/dauerhaftigkeit\/fsc-zertifikat\/","url":"https:\/\/www.lamico.nl\/de\/dauerhaftigkeit\/fsc-zertifikat\/","name":"FSC - Lamico Leimholzplatten","isPartOf":{"@id":"https:\/\/www.lamico.nl\/de\/#website"},"primaryImageOfPage":{"@id":"https:\/\/www.lamico.nl\/de\/dauerhaftigkeit\/fsc-zertifikat\/#primaryimage"},"image":{"@id":"https:\/\/www.lamico.nl\/de\/dauerhaftigkeit\/fsc-zertifikat\/#primaryimage"},"thumbnailUrl":"http:\/\/www.lamico.nl\/wp-content\/uploads\/2015\/06\/duurzaamheid-fsc1.jpg","datePublished":"2015-06-08T09:31:59+00:00","dateModified":"2022-05-09T12:06:21+00:00","breadcrumb":{"@id":"https:\/\/www.lamico.nl\/de\/dauerhaftigkeit\/fsc-zertifikat\/#breadcrumb"},"inLanguage":"de","potentialAction":[{"@type":"ReadAction","target":["https:\/\/www.lamico.nl\/de\/dauerhaftigkeit\/fsc-zertifikat\/"]}]},{"@type":"ImageObject","inLanguage":"de","@id":"https:\/\/www.lamico.nl\/de\/dauerhaftigkeit\/fsc-zertifikat\/#primaryimage","url":"http:\/\/www.lamico.nl\/wp-content\/uploads\/2015\/06\/duurzaamheid-fsc1.jpg","contentUrl":"http:\/\/www.lamico.nl\/wp-content\/uploads\/2015\/06\/duurzaamheid-fsc1.jpg"},{"@type":"BreadcrumbList","@id":"https:\/\/www.lamico.nl\/de\/dauerhaftigkeit\/fsc-zertifikat\/#breadcrumb","itemListElement":[{"@type":"ListItem","position":1,"name":"Home","item":"https:\/\/www.lamico.nl\/de\/"},{"@type":"ListItem","position":2,"name":"Dauerhaftigkeit","item":"https:\/\/www.lamico.nl\/de\/dauerhaftigkeit\/"},{"@type":"ListItem","position":3,"name":"FSC"}]},{"@type":"WebSite","@id":"https:\/\/www.lamico.nl\/de\/#website","url":"https:\/\/www.lamico.nl\/de\/","name":"Lamico Leimholzplatten","description":"","potentialAction":[{"@type":"SearchAction","target":{"@type":"EntryPoint","urlTemplate":"https:\/\/www.lamico.nl\/de\/?s={search_term_string}"},"query-input":"required name=search_term_string"}],"inLanguage":"de"}]}},"_links":{"self":[{"href":"https:\/\/www.lamico.nl\/de\/wp-json\/wp\/v2\/pages\/887","targetHints":{"allow":["GET"]}}],"collection":[{"href":"https:\/\/www.lamico.nl\/de\/wp-json\/wp\/v2\/pages"}],"about":[{"href":"https:\/\/www.lamico.nl\/de\/wp-json\/wp\/v2\/types\/page"}],"author":[{"embeddable":true,"href":"https:\/\/www.lamico.nl\/de\/wp-json\/wp\/v2\/users\/1"}],"replies":[{"embeddable":true,"href":"https:\/\/www.lamico.nl\/de\/wp-json\/wp\/v2\/comments?post=887"}],"version-history":[{"count":7,"href":"https:\/\/www.lamico.nl\/de\/wp-json\/wp\/v2\/pages\/887\/revisions"}],"predecessor-version":[{"id":1996,"href":"https:\/\/www.lamico.nl\/de\/wp-json\/wp\/v2\/pages\/887\/revisions\/1996"}],"up":[{"embeddable":true,"href":"https:\/\/www.lamico.nl\/de\/wp-json\/wp\/v2\/pages\/842"}],"wp:attachment":[{"href":"https:\/\/www.lamico.nl\/de\/wp-json\/wp\/v2\/media?parent=887"}],"curies":[{"name":"wp","href":"https:\/\/api.w.org\/{rel}","templated":true}]}}