{"id":842,"date":"2015-06-08T10:27:50","date_gmt":"2015-06-08T09:27:50","guid":{"rendered":"http:\/\/www.lamico.nl\/?page_id=842"},"modified":"2017-12-14T17:22:30","modified_gmt":"2017-12-14T16:22:30","slug":"dauerhaftigkeit","status":"publish","type":"page","link":"https:\/\/www.lamico.nl\/de\/dauerhaftigkeit\/","title":{"rendered":"Dauerhaftigkeit"},"content":{"rendered":"<p>[vc_row][vc_column][vc_column_text]<\/p>\n<h2>Dauerhaftigkeit<\/h2>\n<p>Wir produzieren phantastische, nat\u00fcrliche Produkte. Der Natur gilt daher ganz selbstverst\u00e4ndlich unsere gr\u00f6\u00dfte Aufmerksamkeit.[\/vc_column_text][vc_column_text]<\/p>\n<p><img decoding=\"async\" class=\"alignnone size-large wp-image-1190\" src=\"\/wp-content\/uploads\/2015\/06\/duurzaam.png\" alt=\"Duurzaam\" width=\"100%\" height=\"100%\" \/><\/p>\n<p>[\/vc_column_text][\/vc_column][\/vc_row][vc_row][vc_column width=&#8221;1\/4&#8243;][vc_column_text]<\/p>\n<p><img decoding=\"async\" class=\"alignnone size-full wp-image-881\" src=\"\/wp-content\/uploads\/2015\/06\/duurzaamheid1.png\" alt=\"Duurzaamheid\" width=\"100%\" height=\"100%\" \/><\/p>\n<p>[\/vc_column_text][vc_column_text]<\/p>\n<p><img decoding=\"async\" class=\"alignnone size-full wp-image-845\" src=\"\/wp-content\/uploads\/2015\/06\/duurzaamheid.png\" alt=\"Duurzaamheid\" width=\"100%\" height=\"100%\" \/><\/p>\n<p>[\/vc_column_text][\/vc_column][vc_column width=&#8221;3\/4&#8243;][vc_column_text]<\/p>\n<h3>Einkauf und Produktion<\/h3>\n<p>Diese Aufmerksamkeit beginnt bereits beim Einkauf unserer Grundstoffe. Wir beziehen das Holz aus nachhaltig bewirtschafteten Waldgebieten und von Organisationen, die eine verantwortungsbewusste Forstwirtschaft garantieren. Aus diesem umweltfreundlichen und dauerhaften Grundstoff fertigen wir die Lamico-Leimholzplatten, die vollst\u00e4ndig recycelt werden k\u00f6nnen.<\/p>\n<h3>Zertifizierung<\/h3>\n<p>Der bewusste Umgang mit Natur und Umwelt ist f\u00fcr uns ein wichtiges Thema. Sowohl auf der Ebene des Einkaufs als auf der Ebene der Produktion haben wir daher viel investiert, um zwei international anerkannte Zertifikate zu bekommen und zu behalten:<\/p>\n<ul>\n<li><a href=\"\/wp-content\/uploads\/2015\/06\/FSC-certificaat-tot-dec.-2020-I.pdf\" target=\"_blank\" rel=\"noopener\">FSC Certificaat<\/a><\/li>\n<li><a href=\"\/de\/wp-content\/uploads\/sites\/8\/2017\/12\/cisfile.pdf\" target=\"_blank\" rel=\"noopener\">PEFC Certificaat<\/a><\/li>\n<\/ul>\n<p>[\/vc_column_text][\/vc_column][\/vc_row][vc_row][vc_column width=&#8221;1\/2&#8243;][vc_column_text]<\/p>\n<p><img decoding=\"async\" class=\"alignnone size-large wp-image-1493\" src=\"\/wp-content\/uploads\/2015\/06\/natuur_panorama-1024x576.jpg\" alt=\"Natuur\" width=\"100%\" height=\"100%\" \/><\/p>\n<p>[\/vc_column_text][\/vc_column][vc_column width=&#8221;1\/2&#8243;][vc_column_text]<\/p>\n<p><img decoding=\"async\" class=\"alignnone size-large wp-image-1491\" src=\"\/wp-content\/uploads\/2015\/06\/boomstammen_1920-1024x576.jpg\" alt=\"Boomstammen\" width=\"100%\" height=\"450\" \/><\/p>\n<p>[\/vc_column_text][\/vc_column][\/vc_row]<\/p>\n","protected":false},"excerpt":{"rendered":"<p>[vc_row][vc_column][vc_column_text] Dauerhaftigkeit Wir produzieren phantastische, nat\u00fcrliche Produkte. Der Natur gilt daher ganz selbstverst\u00e4ndlich unsere gr\u00f6\u00dfte Aufmerksamkeit.[\/vc_column_text][vc_column_text] [\/vc_column_text][\/vc_column][\/vc_row][vc_row][vc_column width=&#8221;1\/4&#8243;][vc_column_text] [\/vc_column_text][vc_column_text] [\/vc_column_text][\/vc_column][vc_column width=&#8221;3\/4&#8243;][vc_column_text] &#8230;<\/p>\n","protected":false},"author":1,"featured_media":0,"parent":0,"menu_order":0,"comment_status":"open","ping_status":"open","template":"","meta":{"footnotes":""},"class_list":["post-842","page","type-page","status-publish","hentry"],"yoast_head":"<!-- This site is optimized with the Yoast SEO plugin v22.3 - https:\/\/yoast.com\/wordpress\/plugins\/seo\/ -->\n<title>Dauerhaftigkeit - Lamico Leimholzplatten<\/title>\n<meta name=\"robots\" content=\"index, follow, max-snippet:-1, max-image-preview:large, max-video-preview:-1\" \/>\n<link rel=\"canonical\" href=\"https:\/\/www.lamico.nl\/de\/dauerhaftigkeit\/\" \/>\n<meta property=\"og:locale\" content=\"de_DE\" \/>\n<meta property=\"og:type\" content=\"article\" \/>\n<meta property=\"og:title\" content=\"Dauerhaftigkeit - Lamico Leimholzplatten\" \/>\n<meta property=\"og:description\" content=\"[vc_row][vc_column][vc_column_text] Dauerhaftigkeit Wir produzieren phantastische, nat\u00fcrliche Produkte. Der Natur gilt daher ganz selbstverst\u00e4ndlich unsere gr\u00f6\u00dfte Aufmerksamkeit.[\/vc_column_text][vc_column_text] [\/vc_column_text][\/vc_column][\/vc_row][vc_row][vc_column width=&#8221;1\/4&#8243;][vc_column_text] [\/vc_column_text][vc_column_text] [\/vc_column_text][\/vc_column][vc_column width=&#8221;3\/4&#8243;][vc_column_text] ...\" \/>\n<meta property=\"og:url\" content=\"https:\/\/www.lamico.nl\/de\/dauerhaftigkeit\/\" \/>\n<meta property=\"og:site_name\" content=\"Lamico Leimholzplatten\" \/>\n<meta property=\"article:modified_time\" content=\"2017-12-14T16:22:30+00:00\" \/>\n<meta property=\"og:image\" content=\"https:\/\/www.lamico.nl\/wp-content\/uploads\/2015\/06\/duurzaam.png\" \/>\n<meta name=\"twitter:card\" content=\"summary_large_image\" \/>\n<meta name=\"twitter:label1\" content=\"Gesch\u00e4tzte Lesezeit\" \/>\n\t<meta name=\"twitter:data1\" content=\"1\u00a0Minute\" \/>\n<script type=\"application\/ld+json\" class=\"yoast-schema-graph\">{\"@context\":\"https:\/\/schema.org\",\"@graph\":[{\"@type\":\"WebPage\",\"@id\":\"https:\/\/www.lamico.nl\/de\/dauerhaftigkeit\/\",\"url\":\"https:\/\/www.lamico.nl\/de\/dauerhaftigkeit\/\",\"name\":\"Dauerhaftigkeit - Lamico Leimholzplatten\",\"isPartOf\":{\"@id\":\"https:\/\/www.lamico.nl\/de\/#website\"},\"datePublished\":\"2015-06-08T09:27:50+00:00\",\"dateModified\":\"2017-12-14T16:22:30+00:00\",\"breadcrumb\":{\"@id\":\"https:\/\/www.lamico.nl\/de\/dauerhaftigkeit\/#breadcrumb\"},\"inLanguage\":\"de\",\"potentialAction\":[{\"@type\":\"ReadAction\",\"target\":[\"https:\/\/www.lamico.nl\/de\/dauerhaftigkeit\/\"]}]},{\"@type\":\"BreadcrumbList\",\"@id\":\"https:\/\/www.lamico.nl\/de\/dauerhaftigkeit\/#breadcrumb\",\"itemListElement\":[{\"@type\":\"ListItem\",\"position\":1,\"name\":\"Home\",\"item\":\"https:\/\/www.lamico.nl\/de\/\"},{\"@type\":\"ListItem\",\"position\":2,\"name\":\"Dauerhaftigkeit\"}]},{\"@type\":\"WebSite\",\"@id\":\"https:\/\/www.lamico.nl\/de\/#website\",\"url\":\"https:\/\/www.lamico.nl\/de\/\",\"name\":\"Lamico Leimholzplatten\",\"description\":\"\",\"potentialAction\":[{\"@type\":\"SearchAction\",\"target\":{\"@type\":\"EntryPoint\",\"urlTemplate\":\"https:\/\/www.lamico.nl\/de\/?s={search_term_string}\"},\"query-input\":\"required name=search_term_string\"}],\"inLanguage\":\"de\"}]}<\/script>\n<!-- \/ Yoast SEO plugin. -->","yoast_head_json":{"title":"Dauerhaftigkeit - Lamico Leimholzplatten","robots":{"index":"index","follow":"follow","max-snippet":"max-snippet:-1","max-image-preview":"max-image-preview:large","max-video-preview":"max-video-preview:-1"},"canonical":"https:\/\/www.lamico.nl\/de\/dauerhaftigkeit\/","og_locale":"de_DE","og_type":"article","og_title":"Dauerhaftigkeit - Lamico Leimholzplatten","og_description":"[vc_row][vc_column][vc_column_text] Dauerhaftigkeit Wir produzieren phantastische, nat\u00fcrliche Produkte. Der Natur gilt daher ganz selbstverst\u00e4ndlich unsere gr\u00f6\u00dfte Aufmerksamkeit.[\/vc_column_text][vc_column_text] [\/vc_column_text][\/vc_column][\/vc_row][vc_row][vc_column width=&#8221;1\/4&#8243;][vc_column_text] [\/vc_column_text][vc_column_text] [\/vc_column_text][\/vc_column][vc_column width=&#8221;3\/4&#8243;][vc_column_text] ...","og_url":"https:\/\/www.lamico.nl\/de\/dauerhaftigkeit\/","og_site_name":"Lamico Leimholzplatten","article_modified_time":"2017-12-14T16:22:30+00:00","og_image":[{"url":"https:\/\/www.lamico.nl\/wp-content\/uploads\/2015\/06\/duurzaam.png"}],"twitter_card":"summary_large_image","twitter_misc":{"Gesch\u00e4tzte Lesezeit":"1\u00a0Minute"},"schema":{"@context":"https:\/\/schema.org","@graph":[{"@type":"WebPage","@id":"https:\/\/www.lamico.nl\/de\/dauerhaftigkeit\/","url":"https:\/\/www.lamico.nl\/de\/dauerhaftigkeit\/","name":"Dauerhaftigkeit - Lamico Leimholzplatten","isPartOf":{"@id":"https:\/\/www.lamico.nl\/de\/#website"},"datePublished":"2015-06-08T09:27:50+00:00","dateModified":"2017-12-14T16:22:30+00:00","breadcrumb":{"@id":"https:\/\/www.lamico.nl\/de\/dauerhaftigkeit\/#breadcrumb"},"inLanguage":"de","potentialAction":[{"@type":"ReadAction","target":["https:\/\/www.lamico.nl\/de\/dauerhaftigkeit\/"]}]},{"@type":"BreadcrumbList","@id":"https:\/\/www.lamico.nl\/de\/dauerhaftigkeit\/#breadcrumb","itemListElement":[{"@type":"ListItem","position":1,"name":"Home","item":"https:\/\/www.lamico.nl\/de\/"},{"@type":"ListItem","position":2,"name":"Dauerhaftigkeit"}]},{"@type":"WebSite","@id":"https:\/\/www.lamico.nl\/de\/#website","url":"https:\/\/www.lamico.nl\/de\/","name":"Lamico Leimholzplatten","description":"","potentialAction":[{"@type":"SearchAction","target":{"@type":"EntryPoint","urlTemplate":"https:\/\/www.lamico.nl\/de\/?s={search_term_string}"},"query-input":"required name=search_term_string"}],"inLanguage":"de"}]}},"_links":{"self":[{"href":"https:\/\/www.lamico.nl\/de\/wp-json\/wp\/v2\/pages\/842","targetHints":{"allow":["GET"]}}],"collection":[{"href":"https:\/\/www.lamico.nl\/de\/wp-json\/wp\/v2\/pages"}],"about":[{"href":"https:\/\/www.lamico.nl\/de\/wp-json\/wp\/v2\/types\/page"}],"author":[{"embeddable":true,"href":"https:\/\/www.lamico.nl\/de\/wp-json\/wp\/v2\/users\/1"}],"replies":[{"embeddable":true,"href":"https:\/\/www.lamico.nl\/de\/wp-json\/wp\/v2\/comments?post=842"}],"version-history":[{"count":6,"href":"https:\/\/www.lamico.nl\/de\/wp-json\/wp\/v2\/pages\/842\/revisions"}],"predecessor-version":[{"id":1803,"href":"https:\/\/www.lamico.nl\/de\/wp-json\/wp\/v2\/pages\/842\/revisions\/1803"}],"wp:attachment":[{"href":"https:\/\/www.lamico.nl\/de\/wp-json\/wp\/v2\/media?parent=842"}],"curies":[{"name":"wp","href":"https:\/\/api.w.org\/{rel}","templated":true}]}}