{"id":812,"date":"2015-06-05T13:53:51","date_gmt":"2015-06-05T12:53:51","guid":{"rendered":"http:\/\/www.lamico.nl\/?page_id=812"},"modified":"2024-01-25T13:02:52","modified_gmt":"2024-01-25T12:02:52","slug":"uber-uns","status":"publish","type":"page","link":"https:\/\/www.lamico.nl\/de\/uber-uns\/","title":{"rendered":"\u00dcber uns"},"content":{"rendered":"<p>[vc_row margin_top=&#8221;0px&#8221;][vc_column width=&#8221;1\/2&#8243;][vc_column_text]<\/p>\n<h2>Gruppe von Holzverarbeitern<\/h2>\n<p>Lamico ist als selbstst\u00e4ndiges Unternehmen Teil einer Gruppe von Holz verarbeitenden Firmen. Als Mitglied dieser Gruppe haben wir Zugang zu mit der Gruppe liierten S\u00e4gewerken in Deutschland \/ Lettland und Slowakei.<\/p>\n<p>Lamico ist einer der gr\u00f6\u00dften und f\u00fchrenden Leimholzplatten Produzenten in Europa. Schauen Sie sich unser Unternehmens Video an um ein besseres Bild von unserer Organisation zu bekommen.[\/vc_column_text][\/vc_column][vc_column width=&#8221;1\/2&#8243;][vc_column_text]<iframe loading=\"lazy\" src=\"https:\/\/www.youtube.com\/embed\/grz4lCQ8AYY?rel=0&amp;controls=0\" width=\"100%\" height=\"240\" frameborder=\"0\" allowfullscreen=\"allowfullscreen\"><\/iframe>[\/vc_column_text][\/vc_column][\/vc_row][vc_row][vc_column][vc_row_inner][vc_column_inner width=&#8221;1\/6&#8243;][vc_column_text]<\/p>\n<p><img decoding=\"async\" class=\"alignnone size-full wp-image-863\" src=\"http:\/\/www.lamico.nl\/wp-content\/uploads\/2015\/06\/over-ons-groep1.jpg\" alt=\"Over ons\" width=\"100%\" height=\"100%\" \/><\/p>\n<p>[\/vc_column_text][\/vc_column_inner][vc_column_inner width=&#8221;1\/6&#8243;][vc_column_text]<\/p>\n<p><img decoding=\"async\" class=\"alignnone size-full wp-image-862\" src=\"http:\/\/www.lamico.nl\/wp-content\/uploads\/2015\/06\/over-ons-groep2.jpg\" alt=\"Kantoor lamico\" width=\"100%\" height=\"100%\" \/><\/p>\n<p>[\/vc_column_text][\/vc_column_inner][vc_column_inner width=&#8221;1\/6&#8243;][vc_column_text]<\/p>\n<p><img decoding=\"async\" class=\"alignnone size-full wp-image-866\" src=\"http:\/\/www.lamico.nl\/wp-content\/uploads\/2015\/06\/over-ons-werken1.jpg\" alt=\"Werken bij lamico\" width=\"100%\" height=\"100%\" \/><\/p>\n<p>[\/vc_column_text][\/vc_column_inner][vc_column_inner width=&#8221;1\/6&#8243;][vc_column_text]<\/p>\n<p><img decoding=\"async\" class=\"alignnone size-full wp-image-867\" src=\"http:\/\/www.lamico.nl\/wp-content\/uploads\/2015\/06\/over-ons-werken2.jpg\" alt=\"Over ons\" width=\"100%\" height=\"100%\" \/><\/p>\n<p>[\/vc_column_text][\/vc_column_inner][vc_column_inner width=&#8221;1\/6&#8243;][vc_column_text]<\/p>\n<p><img decoding=\"async\" class=\"alignnone size-full wp-image-877\" src=\"http:\/\/www.lamico.nl\/wp-content\/uploads\/2015\/06\/productie-schaven1.jpg\" alt=\"Productie\" width=\"100%\" height=\"100%\" \/><\/p>\n<p>[\/vc_column_text][\/vc_column_inner][vc_column_inner width=&#8221;1\/6&#8243;][vc_column_text]<\/p>\n<p><img decoding=\"async\" class=\"alignnone size-full wp-image-860\" src=\"http:\/\/www.lamico.nl\/wp-content\/uploads\/2015\/06\/markt-meubelindustrie2.jpg\" alt=\"Over ons\" width=\"100%\" height=\"100%\" \/><\/p>\n<p>[\/vc_column_text][\/vc_column_inner][\/vc_row_inner][vc_separator][vc_column_text]<\/p>\n<h2>Arbeiten bei Lamico<\/h2>\n<p>Die Qualit\u00e4t unserer Produktion ist unzertrennlich mit der Qualit\u00e4t unserer Mitarbeiter verbunden. Daher bieten wir ausgezeichnete Arbeitsbedingungen. Auf diese Weise binden wir fachkundige und motivierte Mitarbeiter an unser Unternehmen.<\/p>\n<h4>Arbeitsbedingungen<\/h4>\n<p>Neben einem attraktiven Gehalt bieten wir unseren Mitarbeitern auch ausgezeichnete sekund\u00e4re Arbeitsbedingungen. So gibt es verschiedene interne Ausbildungsm\u00f6glichkeiten. Dabei schauen wir gemeinsam mit dem betreffenden Mitarbeiter nach seinen St\u00e4rken und seinen pers\u00f6nlichen W\u00fcnschen. Auf diese Weise k\u00f6nnen sich unsere Mitarbeiter optimal entfalten.<\/p>\n<h4>Arbeitsklima<\/h4>\n<p>Arbeiten bei Lamico bedeutet Arbeiten in einem Team. Deshalb legen wir gro\u00dfen Wert auf eine pers\u00f6nliche Atmosph\u00e4re und ein gutes Arbeitsklima. Die Zufriedenheit unserer Mitarbeiter wird nicht nur durch die ausgezeichneten Arbeitsbedingungen begr\u00fcndet, sondern auch durch Aspekte wie die gute Erreichbarkeit unseres Unternehmens und die gro\u00dfz\u00fcgigen Parkpl\u00e4tze.<\/p>\n<h4>Ein starkes Team durch Individualit\u00e4t<\/h4>\n<p>Unsere Produkte unterscheiden sich durch ihre Qualit\u00e4t und werden auch von Mitarbeitern hergestellt, die sich unterscheiden und vom Durchschnitt abheben. Unsere Mitarbeiter haben diverse Hintergr\u00fcnde, sehr unterschiedliche F\u00e4higkeiten, verschiedene Priorit\u00e4ten und ihre eigenen Interessen. Sie erg\u00e4nzen sich perfekt und bilden gemeinsam ein starkes Team.[\/vc_column_text][vc_separator][vc_column_text]<\/p>\n<h2>Stellenangebote<\/h2>\n<p>Wir haben derzeit eine Stelle als Sales Manager B2B offen. Lesen Sie <a href=\"\/de\/stelle-sales-manager-b2b\/\">hier mehr<\/a> \u00fcber diese Stelle und bewerben Sie sich![\/vc_column_text][\/vc_column][\/vc_row]<\/p>\n","protected":false},"excerpt":{"rendered":"<p>[vc_row margin_top=&#8221;0px&#8221;][vc_column width=&#8221;1\/2&#8243;][vc_column_text] Gruppe von Holzverarbeitern Lamico ist als selbstst\u00e4ndiges Unternehmen Teil einer Gruppe von Holz verarbeitenden Firmen. Als Mitglied dieser &#8230;<\/p>\n","protected":false},"author":1,"featured_media":0,"parent":0,"menu_order":0,"comment_status":"open","ping_status":"open","template":"","meta":{"footnotes":""},"class_list":["post-812","page","type-page","status-publish","hentry"],"yoast_head":"<!-- This site is optimized with the Yoast SEO plugin v22.3 - https:\/\/yoast.com\/wordpress\/plugins\/seo\/ -->\n<title>\u00dcber uns - Lamico Leimholzplatten<\/title>\n<meta name=\"robots\" content=\"index, follow, max-snippet:-1, max-image-preview:large, max-video-preview:-1\" \/>\n<link rel=\"canonical\" href=\"https:\/\/www.lamico.nl\/de\/uber-uns\/\" \/>\n<meta property=\"og:locale\" content=\"de_DE\" \/>\n<meta property=\"og:type\" content=\"article\" \/>\n<meta property=\"og:title\" content=\"\u00dcber uns - Lamico Leimholzplatten\" \/>\n<meta property=\"og:description\" content=\"[vc_row margin_top=&#8221;0px&#8221;][vc_column width=&#8221;1\/2&#8243;][vc_column_text] Gruppe von Holzverarbeitern Lamico ist als selbstst\u00e4ndiges Unternehmen Teil einer Gruppe von Holz verarbeitenden Firmen. Als Mitglied dieser ...\" \/>\n<meta property=\"og:url\" content=\"https:\/\/www.lamico.nl\/de\/uber-uns\/\" \/>\n<meta property=\"og:site_name\" content=\"Lamico Leimholzplatten\" \/>\n<meta property=\"article:modified_time\" content=\"2024-01-25T12:02:52+00:00\" \/>\n<meta property=\"og:image\" content=\"http:\/\/www.lamico.nl\/wp-content\/uploads\/2015\/06\/over-ons-groep1.jpg\" \/>\n<meta name=\"twitter:card\" content=\"summary_large_image\" \/>\n<meta name=\"twitter:label1\" content=\"Gesch\u00e4tzte Lesezeit\" \/>\n\t<meta name=\"twitter:data1\" content=\"3\u00a0Minuten\" \/>\n<script type=\"application\/ld+json\" class=\"yoast-schema-graph\">{\"@context\":\"https:\/\/schema.org\",\"@graph\":[{\"@type\":\"WebPage\",\"@id\":\"https:\/\/www.lamico.nl\/de\/uber-uns\/\",\"url\":\"https:\/\/www.lamico.nl\/de\/uber-uns\/\",\"name\":\"\u00dcber uns - Lamico Leimholzplatten\",\"isPartOf\":{\"@id\":\"https:\/\/www.lamico.nl\/de\/#website\"},\"primaryImageOfPage\":{\"@id\":\"https:\/\/www.lamico.nl\/de\/uber-uns\/#primaryimage\"},\"image\":{\"@id\":\"https:\/\/www.lamico.nl\/de\/uber-uns\/#primaryimage\"},\"thumbnailUrl\":\"http:\/\/www.lamico.nl\/wp-content\/uploads\/2015\/06\/over-ons-groep1.jpg\",\"datePublished\":\"2015-06-05T12:53:51+00:00\",\"dateModified\":\"2024-01-25T12:02:52+00:00\",\"breadcrumb\":{\"@id\":\"https:\/\/www.lamico.nl\/de\/uber-uns\/#breadcrumb\"},\"inLanguage\":\"de\",\"potentialAction\":[{\"@type\":\"ReadAction\",\"target\":[\"https:\/\/www.lamico.nl\/de\/uber-uns\/\"]}]},{\"@type\":\"ImageObject\",\"inLanguage\":\"de\",\"@id\":\"https:\/\/www.lamico.nl\/de\/uber-uns\/#primaryimage\",\"url\":\"http:\/\/www.lamico.nl\/wp-content\/uploads\/2015\/06\/over-ons-groep1.jpg\",\"contentUrl\":\"http:\/\/www.lamico.nl\/wp-content\/uploads\/2015\/06\/over-ons-groep1.jpg\"},{\"@type\":\"BreadcrumbList\",\"@id\":\"https:\/\/www.lamico.nl\/de\/uber-uns\/#breadcrumb\",\"itemListElement\":[{\"@type\":\"ListItem\",\"position\":1,\"name\":\"Home\",\"item\":\"https:\/\/www.lamico.nl\/de\/\"},{\"@type\":\"ListItem\",\"position\":2,\"name\":\"\u00dcber uns\"}]},{\"@type\":\"WebSite\",\"@id\":\"https:\/\/www.lamico.nl\/de\/#website\",\"url\":\"https:\/\/www.lamico.nl\/de\/\",\"name\":\"Lamico Leimholzplatten\",\"description\":\"\",\"potentialAction\":[{\"@type\":\"SearchAction\",\"target\":{\"@type\":\"EntryPoint\",\"urlTemplate\":\"https:\/\/www.lamico.nl\/de\/?s={search_term_string}\"},\"query-input\":\"required name=search_term_string\"}],\"inLanguage\":\"de\"}]}<\/script>\n<!-- \/ Yoast SEO plugin. -->","yoast_head_json":{"title":"\u00dcber uns - Lamico Leimholzplatten","robots":{"index":"index","follow":"follow","max-snippet":"max-snippet:-1","max-image-preview":"max-image-preview:large","max-video-preview":"max-video-preview:-1"},"canonical":"https:\/\/www.lamico.nl\/de\/uber-uns\/","og_locale":"de_DE","og_type":"article","og_title":"\u00dcber uns - Lamico Leimholzplatten","og_description":"[vc_row margin_top=&#8221;0px&#8221;][vc_column width=&#8221;1\/2&#8243;][vc_column_text] Gruppe von Holzverarbeitern Lamico ist als selbstst\u00e4ndiges Unternehmen Teil einer Gruppe von Holz verarbeitenden Firmen. Als Mitglied dieser ...","og_url":"https:\/\/www.lamico.nl\/de\/uber-uns\/","og_site_name":"Lamico Leimholzplatten","article_modified_time":"2024-01-25T12:02:52+00:00","og_image":[{"url":"http:\/\/www.lamico.nl\/wp-content\/uploads\/2015\/06\/over-ons-groep1.jpg"}],"twitter_card":"summary_large_image","twitter_misc":{"Gesch\u00e4tzte Lesezeit":"3\u00a0Minuten"},"schema":{"@context":"https:\/\/schema.org","@graph":[{"@type":"WebPage","@id":"https:\/\/www.lamico.nl\/de\/uber-uns\/","url":"https:\/\/www.lamico.nl\/de\/uber-uns\/","name":"\u00dcber uns - Lamico Leimholzplatten","isPartOf":{"@id":"https:\/\/www.lamico.nl\/de\/#website"},"primaryImageOfPage":{"@id":"https:\/\/www.lamico.nl\/de\/uber-uns\/#primaryimage"},"image":{"@id":"https:\/\/www.lamico.nl\/de\/uber-uns\/#primaryimage"},"thumbnailUrl":"http:\/\/www.lamico.nl\/wp-content\/uploads\/2015\/06\/over-ons-groep1.jpg","datePublished":"2015-06-05T12:53:51+00:00","dateModified":"2024-01-25T12:02:52+00:00","breadcrumb":{"@id":"https:\/\/www.lamico.nl\/de\/uber-uns\/#breadcrumb"},"inLanguage":"de","potentialAction":[{"@type":"ReadAction","target":["https:\/\/www.lamico.nl\/de\/uber-uns\/"]}]},{"@type":"ImageObject","inLanguage":"de","@id":"https:\/\/www.lamico.nl\/de\/uber-uns\/#primaryimage","url":"http:\/\/www.lamico.nl\/wp-content\/uploads\/2015\/06\/over-ons-groep1.jpg","contentUrl":"http:\/\/www.lamico.nl\/wp-content\/uploads\/2015\/06\/over-ons-groep1.jpg"},{"@type":"BreadcrumbList","@id":"https:\/\/www.lamico.nl\/de\/uber-uns\/#breadcrumb","itemListElement":[{"@type":"ListItem","position":1,"name":"Home","item":"https:\/\/www.lamico.nl\/de\/"},{"@type":"ListItem","position":2,"name":"\u00dcber uns"}]},{"@type":"WebSite","@id":"https:\/\/www.lamico.nl\/de\/#website","url":"https:\/\/www.lamico.nl\/de\/","name":"Lamico Leimholzplatten","description":"","potentialAction":[{"@type":"SearchAction","target":{"@type":"EntryPoint","urlTemplate":"https:\/\/www.lamico.nl\/de\/?s={search_term_string}"},"query-input":"required name=search_term_string"}],"inLanguage":"de"}]}},"_links":{"self":[{"href":"https:\/\/www.lamico.nl\/de\/wp-json\/wp\/v2\/pages\/812","targetHints":{"allow":["GET"]}}],"collection":[{"href":"https:\/\/www.lamico.nl\/de\/wp-json\/wp\/v2\/pages"}],"about":[{"href":"https:\/\/www.lamico.nl\/de\/wp-json\/wp\/v2\/types\/page"}],"author":[{"embeddable":true,"href":"https:\/\/www.lamico.nl\/de\/wp-json\/wp\/v2\/users\/1"}],"replies":[{"embeddable":true,"href":"https:\/\/www.lamico.nl\/de\/wp-json\/wp\/v2\/comments?post=812"}],"version-history":[{"count":10,"href":"https:\/\/www.lamico.nl\/de\/wp-json\/wp\/v2\/pages\/812\/revisions"}],"predecessor-version":[{"id":2033,"href":"https:\/\/www.lamico.nl\/de\/wp-json\/wp\/v2\/pages\/812\/revisions\/2033"}],"wp:attachment":[{"href":"https:\/\/www.lamico.nl\/de\/wp-json\/wp\/v2\/media?parent=812"}],"curies":[{"name":"wp","href":"https:\/\/api.w.org\/{rel}","templated":true}]}}