{"id":2015,"date":"2023-04-25T13:32:40","date_gmt":"2023-04-25T11:32:40","guid":{"rendered":"https:\/\/www.lamico.nl\/de\/?page_id=2015"},"modified":"2023-04-25T13:32:40","modified_gmt":"2023-04-25T11:32:40","slug":"stelle-sales-manager-b2b","status":"publish","type":"page","link":"https:\/\/www.lamico.nl\/de\/stelle-sales-manager-b2b\/","title":{"rendered":"Stelle Sales Manager B2B"},"content":{"rendered":"<p>[vc_row][vc_column][vc_column_text]<\/p>\n<blockquote><p>Suchen Sie eine herausfordernde Position bei Lamico?<\/p><\/blockquote>\n<h1>Stelle Sales Manager B2B<\/h1>\n<h2>Was wir suchen:<\/h2>\n<p>Lamico ist einer der gr\u00f6\u00dften und f\u00fchrenden Leimholzproduzenten in Europa.<br \/>\nWir suchen eine Verk\u00e4uferpers\u00f6nlichkeit, die im Innen- wie im Aussendienst unsere Bestands- und Neukunden mit gro\u00dfem Sachverstand und verk\u00e4uferischem Geschick betreut.<br \/>\nSo vielf\u00e4ltig und interessant wie die ausgeschriebene Stelle ist auch unser Kundenkreis sowohl in geografischer wie auch in anwendungsbezogener Hinsicht. Sie betreuen den traditionellen Holzgrosshandel, industrielle Partner, Baum\u00e4rkte und Agenten in West-Europa aber auch in \u00dcbersee. Standort ist Winschoten, im Norden der Niederlanden, k\u00fcstennah und direkt an der Grenze zu Deutschland.<br \/>\nAls Mitglied des Managementteams bauen Sie die Marktposition von Lamico konsequent aus und wirken aktiv an der Planung und \u00dcberwachung des Budgets mit.<\/p>\n<h2>Ihr Profil:<\/h2>\n<ul>\n<li>Branchenspezifische holzwirtschaftliche Ausbildung und\/oder praktische Erfahrung in der Holzindustrie.<\/li>\n<li>Mehrja\u0308hrige, beruflich erfolgreiche Entwicklung in einer vergleichbaren Position.<\/li>\n<li>Kommunikationsgeschick und selbstsicheres, verbindliches Auftreten. Kenntnisse in Niederla\u0308ndisch, Englisch und Deutsch, Franzo\u0308sisch von Vorteil.<\/li>\n<li>Echte \u201ehands-on\u201c Mentalita\u0308t mit eigensta\u0308ndiger Arbeitsweise. Bereitschaft zu ein und ggf. mehrta\u0308gigen Dienstreisen.<\/li>\n<li style=\"list-style-type: none;\"><\/li>\n<\/ul>\n<h2>Unsere Benefits<\/h2>\n<ul>\n<li>Unbefristeter Arbeitsvertrag mit einem attraktiven Gehalts- paket u.a. mit Firmenwagen zur Privatnutzung.<\/li>\n<li>Abwechslungsreiche T\u00e4tigkeit mit flachen Hierarchien und direkten Entscheidungswegen in einem internationalen Umfeld mit einem hohen Ma\u00df an Selbst\u00e4ndigkeit und Flexibilit\u00e4t.<\/li>\n<li>Die Einarbeitung erfolgt durch den aktuellen Stelleninhaber.<\/li>\n<\/ul>\n<h2>Interesse?<\/h2>\n<p>Wir freuen uns auf Ihre vollst\u00e4ndige Bewerbung.<\/p>\n<p><strong>Lamico B.V.<\/strong><br \/>\nJ\u00fcrgen Tjabben<br \/>\nPapierbaan 16, 9672 BH Winschoten<br \/>\n<a href=\"tel:+31 597 471740\">+31 597 471740<\/a><br \/>\n<a href=\"mailto:jtjabben@lamico.nl\">jtjabben@lamico.nl<\/a>[\/vc_column_text][\/vc_column][\/vc_row]<\/p>\n","protected":false},"excerpt":{"rendered":"<p>[vc_row][vc_column][vc_column_text] Suchen Sie eine herausfordernde Position bei Lamico? Stelle Sales Manager B2B Was wir suchen: Lamico ist einer der gr\u00f6\u00dften und &#8230;<\/p>\n","protected":false},"author":5,"featured_media":0,"parent":0,"menu_order":0,"comment_status":"closed","ping_status":"closed","template":"","meta":{"footnotes":""},"class_list":["post-2015","page","type-page","status-publish","hentry"],"yoast_head":"<!-- This site is optimized with the Yoast SEO plugin v22.3 - https:\/\/yoast.com\/wordpress\/plugins\/seo\/ -->\n<title>Stelle Sales Manager B2B - Lamico Leimholzplatten<\/title>\n<meta name=\"robots\" content=\"index, follow, max-snippet:-1, max-image-preview:large, max-video-preview:-1\" \/>\n<link rel=\"canonical\" href=\"https:\/\/www.lamico.nl\/de\/stelle-sales-manager-b2b\/\" \/>\n<meta property=\"og:locale\" content=\"de_DE\" \/>\n<meta property=\"og:type\" content=\"article\" \/>\n<meta property=\"og:title\" content=\"Stelle Sales Manager B2B - Lamico Leimholzplatten\" \/>\n<meta property=\"og:description\" content=\"[vc_row][vc_column][vc_column_text] Suchen Sie eine herausfordernde Position bei Lamico? Stelle Sales Manager B2B Was wir suchen: Lamico ist einer der gr\u00f6\u00dften und ...\" \/>\n<meta property=\"og:url\" content=\"https:\/\/www.lamico.nl\/de\/stelle-sales-manager-b2b\/\" \/>\n<meta property=\"og:site_name\" content=\"Lamico Leimholzplatten\" \/>\n<meta name=\"twitter:card\" content=\"summary_large_image\" \/>\n<meta name=\"twitter:label1\" content=\"Gesch\u00e4tzte Lesezeit\" \/>\n\t<meta name=\"twitter:data1\" content=\"2\u00a0Minuten\" \/>\n<script type=\"application\/ld+json\" class=\"yoast-schema-graph\">{\"@context\":\"https:\/\/schema.org\",\"@graph\":[{\"@type\":\"WebPage\",\"@id\":\"https:\/\/www.lamico.nl\/de\/stelle-sales-manager-b2b\/\",\"url\":\"https:\/\/www.lamico.nl\/de\/stelle-sales-manager-b2b\/\",\"name\":\"Stelle Sales Manager B2B - Lamico Leimholzplatten\",\"isPartOf\":{\"@id\":\"https:\/\/www.lamico.nl\/de\/#website\"},\"datePublished\":\"2023-04-25T11:32:40+00:00\",\"dateModified\":\"2023-04-25T11:32:40+00:00\",\"breadcrumb\":{\"@id\":\"https:\/\/www.lamico.nl\/de\/stelle-sales-manager-b2b\/#breadcrumb\"},\"inLanguage\":\"de\",\"potentialAction\":[{\"@type\":\"ReadAction\",\"target\":[\"https:\/\/www.lamico.nl\/de\/stelle-sales-manager-b2b\/\"]}]},{\"@type\":\"BreadcrumbList\",\"@id\":\"https:\/\/www.lamico.nl\/de\/stelle-sales-manager-b2b\/#breadcrumb\",\"itemListElement\":[{\"@type\":\"ListItem\",\"position\":1,\"name\":\"Home\",\"item\":\"https:\/\/www.lamico.nl\/de\/\"},{\"@type\":\"ListItem\",\"position\":2,\"name\":\"Stelle Sales Manager B2B\"}]},{\"@type\":\"WebSite\",\"@id\":\"https:\/\/www.lamico.nl\/de\/#website\",\"url\":\"https:\/\/www.lamico.nl\/de\/\",\"name\":\"Lamico Leimholzplatten\",\"description\":\"\",\"potentialAction\":[{\"@type\":\"SearchAction\",\"target\":{\"@type\":\"EntryPoint\",\"urlTemplate\":\"https:\/\/www.lamico.nl\/de\/?s={search_term_string}\"},\"query-input\":\"required name=search_term_string\"}],\"inLanguage\":\"de\"}]}<\/script>\n<!-- \/ Yoast SEO plugin. -->","yoast_head_json":{"title":"Stelle Sales Manager B2B - Lamico Leimholzplatten","robots":{"index":"index","follow":"follow","max-snippet":"max-snippet:-1","max-image-preview":"max-image-preview:large","max-video-preview":"max-video-preview:-1"},"canonical":"https:\/\/www.lamico.nl\/de\/stelle-sales-manager-b2b\/","og_locale":"de_DE","og_type":"article","og_title":"Stelle Sales Manager B2B - Lamico Leimholzplatten","og_description":"[vc_row][vc_column][vc_column_text] Suchen Sie eine herausfordernde Position bei Lamico? Stelle Sales Manager B2B Was wir suchen: Lamico ist einer der gr\u00f6\u00dften und ...","og_url":"https:\/\/www.lamico.nl\/de\/stelle-sales-manager-b2b\/","og_site_name":"Lamico Leimholzplatten","twitter_card":"summary_large_image","twitter_misc":{"Gesch\u00e4tzte Lesezeit":"2\u00a0Minuten"},"schema":{"@context":"https:\/\/schema.org","@graph":[{"@type":"WebPage","@id":"https:\/\/www.lamico.nl\/de\/stelle-sales-manager-b2b\/","url":"https:\/\/www.lamico.nl\/de\/stelle-sales-manager-b2b\/","name":"Stelle Sales Manager B2B - Lamico Leimholzplatten","isPartOf":{"@id":"https:\/\/www.lamico.nl\/de\/#website"},"datePublished":"2023-04-25T11:32:40+00:00","dateModified":"2023-04-25T11:32:40+00:00","breadcrumb":{"@id":"https:\/\/www.lamico.nl\/de\/stelle-sales-manager-b2b\/#breadcrumb"},"inLanguage":"de","potentialAction":[{"@type":"ReadAction","target":["https:\/\/www.lamico.nl\/de\/stelle-sales-manager-b2b\/"]}]},{"@type":"BreadcrumbList","@id":"https:\/\/www.lamico.nl\/de\/stelle-sales-manager-b2b\/#breadcrumb","itemListElement":[{"@type":"ListItem","position":1,"name":"Home","item":"https:\/\/www.lamico.nl\/de\/"},{"@type":"ListItem","position":2,"name":"Stelle Sales Manager B2B"}]},{"@type":"WebSite","@id":"https:\/\/www.lamico.nl\/de\/#website","url":"https:\/\/www.lamico.nl\/de\/","name":"Lamico Leimholzplatten","description":"","potentialAction":[{"@type":"SearchAction","target":{"@type":"EntryPoint","urlTemplate":"https:\/\/www.lamico.nl\/de\/?s={search_term_string}"},"query-input":"required name=search_term_string"}],"inLanguage":"de"}]}},"_links":{"self":[{"href":"https:\/\/www.lamico.nl\/de\/wp-json\/wp\/v2\/pages\/2015","targetHints":{"allow":["GET"]}}],"collection":[{"href":"https:\/\/www.lamico.nl\/de\/wp-json\/wp\/v2\/pages"}],"about":[{"href":"https:\/\/www.lamico.nl\/de\/wp-json\/wp\/v2\/types\/page"}],"author":[{"embeddable":true,"href":"https:\/\/www.lamico.nl\/de\/wp-json\/wp\/v2\/users\/5"}],"replies":[{"embeddable":true,"href":"https:\/\/www.lamico.nl\/de\/wp-json\/wp\/v2\/comments?post=2015"}],"version-history":[{"count":1,"href":"https:\/\/www.lamico.nl\/de\/wp-json\/wp\/v2\/pages\/2015\/revisions"}],"predecessor-version":[{"id":2017,"href":"https:\/\/www.lamico.nl\/de\/wp-json\/wp\/v2\/pages\/2015\/revisions\/2017"}],"wp:attachment":[{"href":"https:\/\/www.lamico.nl\/de\/wp-json\/wp\/v2\/media?parent=2015"}],"curies":[{"name":"wp","href":"https:\/\/api.w.org\/{rel}","templated":true}]}}